{"id":14632,"date":"2023-10-26T13:56:30","date_gmt":"2023-10-26T11:56:30","guid":{"rendered":"https:\/\/www.about-office.it\/?page_id=14632"},"modified":"2024-03-26T11:27:07","modified_gmt":"2024-03-26T10:27:07","slug":"yoga-2023","status":"publish","type":"page","link":"https:\/\/www.about-office.it\/it\/prodotti\/yoga-2023\/","title":{"rendered":"YOGA 2023"},"content":{"rendered":"<p>Attraverso forme semplici e contemporanee Yoga racconta un nuovo modo di vivere l\u2019ufficio: spazi dinamici, versatili, capaci di cambiare pelle all\u2019occorrenza.<br \/>\nDagli uffici direzionali alle sale riunioni, dagli spazi di rappresentanza a quelli di archiviazione, ogni elemento \u00e8 progettato per sintetizzare design e funzionalit\u00e0, valorizzando la qualit\u00e0 Made in Italy e il connubio vincente tra innovazione e spirito artigianale. Al centro della collezione l\u2019appeal contemporaneo della struttura in alluminio delle scrivanie, sottolineato dall\u2019originale design del giunto, e la progettazione sartoriale del piano, personalizzabile in diversi materiali e finiture per valorizzare l\u2019unicit\u00e0 dell\u2019ambiente ufficio.<\/p>\n","protected":false},"excerpt":{"rendered":"<p>Attraverso forme semplici e contemporanee Yoga racconta un nuovo modo di vivere l\u2019ufficio: spazi dinamici, versatili, capaci di cambiare pelle all\u2019occorrenza. Dagli uffici direzionali alle sale riunioni, dagli spazi di rappresentanza a quelli di archiviazione, ogni elemento \u00e8 progettato per sintetizzare design e funzionalit\u00e0, valorizzando la qualit\u00e0 Made in Italy e il connubio vincente tra [&#8230;]<\/p>\n<p><a class=\"btn btn-secondary understrap-read-more-link\" href=\"https:\/\/www.about-office.it\/it\/prodotti\/yoga-2023\/\">Leggi di pi\u00f9&#8230;<span class=\"screen-reader-text\"> from YOGA 2023<\/span><\/a><\/p>\n","protected":false},"author":4,"featured_media":14792,"parent":76,"menu_order":45,"comment_status":"closed","ping_status":"closed","template":"page-product_detail_mod.php","meta":{"_acf_changed":false,"footnotes":""},"class_list":["post-14632","page","type-page","status-publish","has-post-thumbnail","hentry"],"acf":[],"yoast_head":"<!-- This site is optimized with the Yoast SEO plugin v27.4 - https:\/\/yoast.com\/product\/yoast-seo-wordpress\/ -->\n<title>YOGA 2023 - About Office<\/title>\n<meta name=\"description\" content=\"Al centro della collezione Yoga l\u2019appeal contemporaneo della struttura in alluminio, sottolineato dall\u2019originale design del giunto, e la progettazione sartoriale del piano.\" \/>\n<meta name=\"robots\" content=\"index, follow, max-snippet:-1, max-image-preview:large, max-video-preview:-1\" \/>\n<link rel=\"canonical\" href=\"https:\/\/www.about-office.it\/it\/prodotti\/yoga-2023\/\" \/>\n<meta property=\"og:locale\" content=\"it_IT\" \/>\n<meta property=\"og:type\" content=\"article\" \/>\n<meta property=\"og:title\" content=\"YOGA 2023 - About Office\" \/>\n<meta property=\"og:description\" content=\"Al centro della collezione Yoga l\u2019appeal contemporaneo della struttura in alluminio, sottolineato dall\u2019originale design del giunto, e la progettazione sartoriale del piano.\" \/>\n<meta property=\"og:url\" content=\"https:\/\/www.about-office.it\/it\/prodotti\/yoga-2023\/\" \/>\n<meta property=\"og:site_name\" content=\"About Office\" \/>\n<meta property=\"article:modified_time\" content=\"2024-03-26T10:27:07+00:00\" \/>\n<meta property=\"og:image\" content=\"https:\/\/www.about-office.it\/wp-content\/uploads\/2023\/10\/YG_44-45-e1698333821585-768x468.png\" \/>\n\t<meta property=\"og:image:width\" content=\"768\" \/>\n\t<meta property=\"og:image:height\" content=\"468\" \/>\n\t<meta property=\"og:image:type\" content=\"image\/png\" \/>\n<meta name=\"twitter:card\" content=\"summary_large_image\" \/>\n<meta name=\"twitter:label1\" content=\"Tempo di lettura stimato\" \/>\n\t<meta name=\"twitter:data1\" content=\"1 minuto\" \/>\n<script type=\"application\/ld+json\" class=\"yoast-schema-graph\">{\"@context\":\"https:\\\/\\\/schema.org\",\"@graph\":[{\"@type\":\"WebPage\",\"@id\":\"https:\\\/\\\/www.about-office.it\\\/it\\\/prodotti\\\/yoga-2023\\\/\",\"url\":\"https:\\\/\\\/www.about-office.it\\\/it\\\/prodotti\\\/yoga-2023\\\/\",\"name\":\"YOGA 2023 - About Office\",\"isPartOf\":{\"@id\":\"https:\\\/\\\/www.about-office.it\\\/it\\\/#website\"},\"primaryImageOfPage\":{\"@id\":\"https:\\\/\\\/www.about-office.it\\\/it\\\/prodotti\\\/yoga-2023\\\/#primaryimage\"},\"image\":{\"@id\":\"https:\\\/\\\/www.about-office.it\\\/it\\\/prodotti\\\/yoga-2023\\\/#primaryimage\"},\"thumbnailUrl\":\"https:\\\/\\\/www.about-office.it\\\/wp-content\\\/uploads\\\/2023\\\/10\\\/YG_44-45-e1698333821585.png\",\"datePublished\":\"2023-10-26T11:56:30+00:00\",\"dateModified\":\"2024-03-26T10:27:07+00:00\",\"description\":\"Al centro della collezione Yoga l\u2019appeal contemporaneo della struttura in alluminio, sottolineato dall\u2019originale design del giunto, e la progettazione sartoriale del piano.\",\"breadcrumb\":{\"@id\":\"https:\\\/\\\/www.about-office.it\\\/it\\\/prodotti\\\/yoga-2023\\\/#breadcrumb\"},\"inLanguage\":\"it-IT\",\"potentialAction\":[{\"@type\":\"ReadAction\",\"target\":[\"https:\\\/\\\/www.about-office.it\\\/it\\\/prodotti\\\/yoga-2023\\\/\"]}]},{\"@type\":\"ImageObject\",\"inLanguage\":\"it-IT\",\"@id\":\"https:\\\/\\\/www.about-office.it\\\/it\\\/prodotti\\\/yoga-2023\\\/#primaryimage\",\"url\":\"https:\\\/\\\/www.about-office.it\\\/wp-content\\\/uploads\\\/2023\\\/10\\\/YG_44-45-e1698333821585.png\",\"contentUrl\":\"https:\\\/\\\/www.about-office.it\\\/wp-content\\\/uploads\\\/2023\\\/10\\\/YG_44-45-e1698333821585.png\",\"width\":3282,\"height\":2000},{\"@type\":\"BreadcrumbList\",\"@id\":\"https:\\\/\\\/www.about-office.it\\\/it\\\/prodotti\\\/yoga-2023\\\/#breadcrumb\",\"itemListElement\":[{\"@type\":\"ListItem\",\"position\":1,\"name\":\"Home\",\"item\":\"https:\\\/\\\/www.about-office.it\\\/it\\\/\"},{\"@type\":\"ListItem\",\"position\":2,\"name\":\"Prodotti\",\"item\":\"https:\\\/\\\/www.about-office.it\\\/it\\\/prodotti\\\/\"},{\"@type\":\"ListItem\",\"position\":3,\"name\":\"YOGA 2023\"}]},{\"@type\":\"WebSite\",\"@id\":\"https:\\\/\\\/www.about-office.it\\\/it\\\/#website\",\"url\":\"https:\\\/\\\/www.about-office.it\\\/it\\\/\",\"name\":\"About Office\",\"description\":\"\",\"potentialAction\":[{\"@type\":\"SearchAction\",\"target\":{\"@type\":\"EntryPoint\",\"urlTemplate\":\"https:\\\/\\\/www.about-office.it\\\/it\\\/?s={search_term_string}\"},\"query-input\":{\"@type\":\"PropertyValueSpecification\",\"valueRequired\":true,\"valueName\":\"search_term_string\"}}],\"inLanguage\":\"it-IT\"}]}<\/script>\n<!-- \/ Yoast SEO plugin. -->","yoast_head_json":{"title":"YOGA 2023 - About Office","description":"Al centro della collezione Yoga l\u2019appeal contemporaneo della struttura in alluminio, sottolineato dall\u2019originale design del giunto, e la progettazione sartoriale del piano.","robots":{"index":"index","follow":"follow","max-snippet":"max-snippet:-1","max-image-preview":"max-image-preview:large","max-video-preview":"max-video-preview:-1"},"canonical":"https:\/\/www.about-office.it\/it\/prodotti\/yoga-2023\/","og_locale":"it_IT","og_type":"article","og_title":"YOGA 2023 - About Office","og_description":"Al centro della collezione Yoga l\u2019appeal contemporaneo della struttura in alluminio, sottolineato dall\u2019originale design del giunto, e la progettazione sartoriale del piano.","og_url":"https:\/\/www.about-office.it\/it\/prodotti\/yoga-2023\/","og_site_name":"About Office","article_modified_time":"2024-03-26T10:27:07+00:00","og_image":[{"width":768,"height":468,"url":"https:\/\/www.about-office.it\/wp-content\/uploads\/2023\/10\/YG_44-45-e1698333821585-768x468.png","type":"image\/png"}],"twitter_card":"summary_large_image","twitter_misc":{"Tempo di lettura stimato":"1 minuto"},"schema":{"@context":"https:\/\/schema.org","@graph":[{"@type":"WebPage","@id":"https:\/\/www.about-office.it\/it\/prodotti\/yoga-2023\/","url":"https:\/\/www.about-office.it\/it\/prodotti\/yoga-2023\/","name":"YOGA 2023 - About Office","isPartOf":{"@id":"https:\/\/www.about-office.it\/it\/#website"},"primaryImageOfPage":{"@id":"https:\/\/www.about-office.it\/it\/prodotti\/yoga-2023\/#primaryimage"},"image":{"@id":"https:\/\/www.about-office.it\/it\/prodotti\/yoga-2023\/#primaryimage"},"thumbnailUrl":"https:\/\/www.about-office.it\/wp-content\/uploads\/2023\/10\/YG_44-45-e1698333821585.png","datePublished":"2023-10-26T11:56:30+00:00","dateModified":"2024-03-26T10:27:07+00:00","description":"Al centro della collezione Yoga l\u2019appeal contemporaneo della struttura in alluminio, sottolineato dall\u2019originale design del giunto, e la progettazione sartoriale del piano.","breadcrumb":{"@id":"https:\/\/www.about-office.it\/it\/prodotti\/yoga-2023\/#breadcrumb"},"inLanguage":"it-IT","potentialAction":[{"@type":"ReadAction","target":["https:\/\/www.about-office.it\/it\/prodotti\/yoga-2023\/"]}]},{"@type":"ImageObject","inLanguage":"it-IT","@id":"https:\/\/www.about-office.it\/it\/prodotti\/yoga-2023\/#primaryimage","url":"https:\/\/www.about-office.it\/wp-content\/uploads\/2023\/10\/YG_44-45-e1698333821585.png","contentUrl":"https:\/\/www.about-office.it\/wp-content\/uploads\/2023\/10\/YG_44-45-e1698333821585.png","width":3282,"height":2000},{"@type":"BreadcrumbList","@id":"https:\/\/www.about-office.it\/it\/prodotti\/yoga-2023\/#breadcrumb","itemListElement":[{"@type":"ListItem","position":1,"name":"Home","item":"https:\/\/www.about-office.it\/it\/"},{"@type":"ListItem","position":2,"name":"Prodotti","item":"https:\/\/www.about-office.it\/it\/prodotti\/"},{"@type":"ListItem","position":3,"name":"YOGA 2023"}]},{"@type":"WebSite","@id":"https:\/\/www.about-office.it\/it\/#website","url":"https:\/\/www.about-office.it\/it\/","name":"About Office","description":"","potentialAction":[{"@type":"SearchAction","target":{"@type":"EntryPoint","urlTemplate":"https:\/\/www.about-office.it\/it\/?s={search_term_string}"},"query-input":{"@type":"PropertyValueSpecification","valueRequired":true,"valueName":"search_term_string"}}],"inLanguage":"it-IT"}]}},"_links":{"self":[{"href":"https:\/\/www.about-office.it\/it\/wp-json\/wp\/v2\/pages\/14632","targetHints":{"allow":["GET"]}}],"collection":[{"href":"https:\/\/www.about-office.it\/it\/wp-json\/wp\/v2\/pages"}],"about":[{"href":"https:\/\/www.about-office.it\/it\/wp-json\/wp\/v2\/types\/page"}],"author":[{"embeddable":true,"href":"https:\/\/www.about-office.it\/it\/wp-json\/wp\/v2\/users\/4"}],"replies":[{"embeddable":true,"href":"https:\/\/www.about-office.it\/it\/wp-json\/wp\/v2\/comments?post=14632"}],"version-history":[{"count":9,"href":"https:\/\/www.about-office.it\/it\/wp-json\/wp\/v2\/pages\/14632\/revisions"}],"predecessor-version":[{"id":15614,"href":"https:\/\/www.about-office.it\/it\/wp-json\/wp\/v2\/pages\/14632\/revisions\/15614"}],"up":[{"embeddable":true,"href":"https:\/\/www.about-office.it\/it\/wp-json\/wp\/v2\/pages\/76"}],"wp:featuredmedia":[{"embeddable":true,"href":"https:\/\/www.about-office.it\/it\/wp-json\/wp\/v2\/media\/14792"}],"wp:attachment":[{"href":"https:\/\/www.about-office.it\/it\/wp-json\/wp\/v2\/media?parent=14632"}],"curies":[{"name":"wp","href":"https:\/\/api.w.org\/{rel}","templated":true}]}}