{"id":10913,"date":"2022-03-28T17:00:21","date_gmt":"2022-03-28T15:00:21","guid":{"rendered":"https:\/\/www.about-office.it\/?page_id=10913"},"modified":"2022-03-28T17:00:21","modified_gmt":"2022-03-28T15:00:21","slug":"bold58","status":"publish","type":"page","link":"https:\/\/www.about-office.it\/it\/prodotti\/bold58\/","title":{"rendered":"BOLD58"},"content":{"rendered":"<p>Design e comfort si fondono insieme per un ambiente di lavoro piacevole e intrigante che non vuole rinunciare all\u2019eleganza delle forme e dei colori. \u00c8 questo lo spirito della collezione BOLD58, una collezione di prestigio pensata per spazi contemporanei e raffinati. Gli elementi di arredo raccontano una funzionalit\u00e0 e una creativit\u00e0 tutta da vivere: giochi di volumi dinamici e mai convenzionali si coniugano alla cura del dettaglio e alla praticit\u00e0, per immergersi in un\u2019atmosfera fine ed accogliente. Il piano di lavoro della scrivania, dallo spessore importante, \u00e8 l\u2019elemento focale dell\u2019arredo, attorno al quale si sviluppano armonicamente tutti gli altri elementi, in un intreccio razionale di volumi orizzontali e verticali e di combinazioni di pieni e vuoti: le cassettiere, i mobili di servizio, le estensioni del piano vanno a incorniciare una postazione ogni volta nuova. L\u2019effetto sospeso del piano, grazie al supporto in vetro, conferisce leggerezza e grazia all\u2019elemento scrivania, abbinato a finiture in essenza, tinta unita e al metallo.<\/p>\n","protected":false},"excerpt":{"rendered":"<p>Design e comfort si fondono insieme per un ambiente di lavoro piacevole e intrigante che non vuole rinunciare all\u2019eleganza delle forme e dei colori. \u00c8 questo lo spirito della collezione BOLD58, una collezione di prestigio pensata per spazi contemporanei e raffinati. Gli elementi di arredo raccontano una funzionalit\u00e0 e una creativit\u00e0 tutta da vivere: giochi [&#8230;]<\/p>\n<p><a class=\"btn btn-secondary understrap-read-more-link\" href=\"https:\/\/www.about-office.it\/it\/prodotti\/bold58\/\">Leggi di pi\u00f9&#8230;<span class=\"screen-reader-text\"> from BOLD58<\/span><\/a><\/p>\n","protected":false},"author":4,"featured_media":11655,"parent":76,"menu_order":44,"comment_status":"closed","ping_status":"closed","template":"page-product_detail_mod.php","meta":{"_acf_changed":false,"footnotes":""},"class_list":["post-10913","page","type-page","status-publish","has-post-thumbnail","hentry"],"acf":[],"yoast_head":"<!-- This site is optimized with the Yoast SEO plugin v27.4 - https:\/\/yoast.com\/product\/yoast-seo-wordpress\/ -->\n<title>BOLD58 - About Office<\/title>\n<meta name=\"description\" content=\"Una collezione di prestigio pensata per spazi contemporanei e raffinati. Giochi di volumi si coniugano alla cura del dettaglio e alla praticit\u00e0.\" \/>\n<meta name=\"robots\" content=\"index, follow, max-snippet:-1, max-image-preview:large, max-video-preview:-1\" \/>\n<link rel=\"canonical\" href=\"https:\/\/www.about-office.it\/it\/prodotti\/bold58\/\" \/>\n<meta property=\"og:locale\" content=\"it_IT\" \/>\n<meta property=\"og:type\" content=\"article\" \/>\n<meta property=\"og:title\" content=\"BOLD58 - About Office\" \/>\n<meta property=\"og:description\" content=\"Una collezione di prestigio pensata per spazi contemporanei e raffinati. Giochi di volumi si coniugano alla cura del dettaglio e alla praticit\u00e0.\" \/>\n<meta property=\"og:url\" content=\"https:\/\/www.about-office.it\/it\/prodotti\/bold58\/\" \/>\n<meta property=\"og:site_name\" content=\"About Office\" \/>\n<meta property=\"og:image\" content=\"https:\/\/www.about-office.it\/wp-content\/uploads\/2022\/03\/about-office-bold58-cover-768x432.png\" \/>\n\t<meta property=\"og:image:width\" content=\"768\" \/>\n\t<meta property=\"og:image:height\" content=\"432\" \/>\n\t<meta property=\"og:image:type\" content=\"image\/png\" \/>\n<meta name=\"twitter:card\" content=\"summary_large_image\" \/>\n<meta name=\"twitter:label1\" content=\"Tempo di lettura stimato\" \/>\n\t<meta name=\"twitter:data1\" content=\"1 minuto\" \/>\n<script type=\"application\/ld+json\" class=\"yoast-schema-graph\">{\"@context\":\"https:\\\/\\\/schema.org\",\"@graph\":[{\"@type\":\"WebPage\",\"@id\":\"https:\\\/\\\/www.about-office.it\\\/it\\\/prodotti\\\/bold58\\\/\",\"url\":\"https:\\\/\\\/www.about-office.it\\\/it\\\/prodotti\\\/bold58\\\/\",\"name\":\"BOLD58 - About Office\",\"isPartOf\":{\"@id\":\"https:\\\/\\\/www.about-office.it\\\/it\\\/#website\"},\"primaryImageOfPage\":{\"@id\":\"https:\\\/\\\/www.about-office.it\\\/it\\\/prodotti\\\/bold58\\\/#primaryimage\"},\"image\":{\"@id\":\"https:\\\/\\\/www.about-office.it\\\/it\\\/prodotti\\\/bold58\\\/#primaryimage\"},\"thumbnailUrl\":\"https:\\\/\\\/www.about-office.it\\\/wp-content\\\/uploads\\\/2022\\\/03\\\/about-office-bold58-cover.png\",\"datePublished\":\"2022-03-28T15:00:21+00:00\",\"description\":\"Una collezione di prestigio pensata per spazi contemporanei e raffinati. Giochi di volumi si coniugano alla cura del dettaglio e alla praticit\u00e0.\",\"breadcrumb\":{\"@id\":\"https:\\\/\\\/www.about-office.it\\\/it\\\/prodotti\\\/bold58\\\/#breadcrumb\"},\"inLanguage\":\"it-IT\",\"potentialAction\":[{\"@type\":\"ReadAction\",\"target\":[\"https:\\\/\\\/www.about-office.it\\\/it\\\/prodotti\\\/bold58\\\/\"]}]},{\"@type\":\"ImageObject\",\"inLanguage\":\"it-IT\",\"@id\":\"https:\\\/\\\/www.about-office.it\\\/it\\\/prodotti\\\/bold58\\\/#primaryimage\",\"url\":\"https:\\\/\\\/www.about-office.it\\\/wp-content\\\/uploads\\\/2022\\\/03\\\/about-office-bold58-cover.png\",\"contentUrl\":\"https:\\\/\\\/www.about-office.it\\\/wp-content\\\/uploads\\\/2022\\\/03\\\/about-office-bold58-cover.png\",\"width\":4000,\"height\":2250},{\"@type\":\"BreadcrumbList\",\"@id\":\"https:\\\/\\\/www.about-office.it\\\/it\\\/prodotti\\\/bold58\\\/#breadcrumb\",\"itemListElement\":[{\"@type\":\"ListItem\",\"position\":1,\"name\":\"Home\",\"item\":\"https:\\\/\\\/www.about-office.it\\\/it\\\/\"},{\"@type\":\"ListItem\",\"position\":2,\"name\":\"Prodotti\",\"item\":\"https:\\\/\\\/www.about-office.it\\\/it\\\/prodotti\\\/\"},{\"@type\":\"ListItem\",\"position\":3,\"name\":\"BOLD58\"}]},{\"@type\":\"WebSite\",\"@id\":\"https:\\\/\\\/www.about-office.it\\\/it\\\/#website\",\"url\":\"https:\\\/\\\/www.about-office.it\\\/it\\\/\",\"name\":\"About Office\",\"description\":\"\",\"potentialAction\":[{\"@type\":\"SearchAction\",\"target\":{\"@type\":\"EntryPoint\",\"urlTemplate\":\"https:\\\/\\\/www.about-office.it\\\/it\\\/?s={search_term_string}\"},\"query-input\":{\"@type\":\"PropertyValueSpecification\",\"valueRequired\":true,\"valueName\":\"search_term_string\"}}],\"inLanguage\":\"it-IT\"}]}<\/script>\n<!-- \/ Yoast SEO plugin. -->","yoast_head_json":{"title":"BOLD58 - About Office","description":"Una collezione di prestigio pensata per spazi contemporanei e raffinati. Giochi di volumi si coniugano alla cura del dettaglio e alla praticit\u00e0.","robots":{"index":"index","follow":"follow","max-snippet":"max-snippet:-1","max-image-preview":"max-image-preview:large","max-video-preview":"max-video-preview:-1"},"canonical":"https:\/\/www.about-office.it\/it\/prodotti\/bold58\/","og_locale":"it_IT","og_type":"article","og_title":"BOLD58 - About Office","og_description":"Una collezione di prestigio pensata per spazi contemporanei e raffinati. Giochi di volumi si coniugano alla cura del dettaglio e alla praticit\u00e0.","og_url":"https:\/\/www.about-office.it\/it\/prodotti\/bold58\/","og_site_name":"About Office","og_image":[{"width":768,"height":432,"url":"https:\/\/www.about-office.it\/wp-content\/uploads\/2022\/03\/about-office-bold58-cover-768x432.png","type":"image\/png"}],"twitter_card":"summary_large_image","twitter_misc":{"Tempo di lettura stimato":"1 minuto"},"schema":{"@context":"https:\/\/schema.org","@graph":[{"@type":"WebPage","@id":"https:\/\/www.about-office.it\/it\/prodotti\/bold58\/","url":"https:\/\/www.about-office.it\/it\/prodotti\/bold58\/","name":"BOLD58 - About Office","isPartOf":{"@id":"https:\/\/www.about-office.it\/it\/#website"},"primaryImageOfPage":{"@id":"https:\/\/www.about-office.it\/it\/prodotti\/bold58\/#primaryimage"},"image":{"@id":"https:\/\/www.about-office.it\/it\/prodotti\/bold58\/#primaryimage"},"thumbnailUrl":"https:\/\/www.about-office.it\/wp-content\/uploads\/2022\/03\/about-office-bold58-cover.png","datePublished":"2022-03-28T15:00:21+00:00","description":"Una collezione di prestigio pensata per spazi contemporanei e raffinati. Giochi di volumi si coniugano alla cura del dettaglio e alla praticit\u00e0.","breadcrumb":{"@id":"https:\/\/www.about-office.it\/it\/prodotti\/bold58\/#breadcrumb"},"inLanguage":"it-IT","potentialAction":[{"@type":"ReadAction","target":["https:\/\/www.about-office.it\/it\/prodotti\/bold58\/"]}]},{"@type":"ImageObject","inLanguage":"it-IT","@id":"https:\/\/www.about-office.it\/it\/prodotti\/bold58\/#primaryimage","url":"https:\/\/www.about-office.it\/wp-content\/uploads\/2022\/03\/about-office-bold58-cover.png","contentUrl":"https:\/\/www.about-office.it\/wp-content\/uploads\/2022\/03\/about-office-bold58-cover.png","width":4000,"height":2250},{"@type":"BreadcrumbList","@id":"https:\/\/www.about-office.it\/it\/prodotti\/bold58\/#breadcrumb","itemListElement":[{"@type":"ListItem","position":1,"name":"Home","item":"https:\/\/www.about-office.it\/it\/"},{"@type":"ListItem","position":2,"name":"Prodotti","item":"https:\/\/www.about-office.it\/it\/prodotti\/"},{"@type":"ListItem","position":3,"name":"BOLD58"}]},{"@type":"WebSite","@id":"https:\/\/www.about-office.it\/it\/#website","url":"https:\/\/www.about-office.it\/it\/","name":"About Office","description":"","potentialAction":[{"@type":"SearchAction","target":{"@type":"EntryPoint","urlTemplate":"https:\/\/www.about-office.it\/it\/?s={search_term_string}"},"query-input":{"@type":"PropertyValueSpecification","valueRequired":true,"valueName":"search_term_string"}}],"inLanguage":"it-IT"}]}},"_links":{"self":[{"href":"https:\/\/www.about-office.it\/it\/wp-json\/wp\/v2\/pages\/10913","targetHints":{"allow":["GET"]}}],"collection":[{"href":"https:\/\/www.about-office.it\/it\/wp-json\/wp\/v2\/pages"}],"about":[{"href":"https:\/\/www.about-office.it\/it\/wp-json\/wp\/v2\/types\/page"}],"author":[{"embeddable":true,"href":"https:\/\/www.about-office.it\/it\/wp-json\/wp\/v2\/users\/4"}],"replies":[{"embeddable":true,"href":"https:\/\/www.about-office.it\/it\/wp-json\/wp\/v2\/comments?post=10913"}],"version-history":[{"count":5,"href":"https:\/\/www.about-office.it\/it\/wp-json\/wp\/v2\/pages\/10913\/revisions"}],"predecessor-version":[{"id":11726,"href":"https:\/\/www.about-office.it\/it\/wp-json\/wp\/v2\/pages\/10913\/revisions\/11726"}],"up":[{"embeddable":true,"href":"https:\/\/www.about-office.it\/it\/wp-json\/wp\/v2\/pages\/76"}],"wp:featuredmedia":[{"embeddable":true,"href":"https:\/\/www.about-office.it\/it\/wp-json\/wp\/v2\/media\/11655"}],"wp:attachment":[{"href":"https:\/\/www.about-office.it\/it\/wp-json\/wp\/v2\/media?parent=10913"}],"curies":[{"name":"wp","href":"https:\/\/api.w.org\/{rel}","templated":true}]}}