{"id":8802,"date":"2021-03-15T16:20:19","date_gmt":"2021-03-15T15:20:19","guid":{"rendered":"https:\/\/www.about-office.it\/?page_id=8802"},"modified":"2021-09-22T15:29:38","modified_gmt":"2021-09-22T13:29:38","slug":"hype","status":"publish","type":"page","link":"https:\/\/www.about-office.it\/fr\/produits\/hype\/","title":{"rendered":"Hype"},"content":{"rendered":"<p>Un bureau, perspectives infinies. HYPE red\u00e9finit l\u2019environnement directionnel avec une ligne compl\u00e8te et \u00e9tudi\u00e9e en d\u00e9tail: des postes directionnel aux salles de r\u00e9union, des espaces de r\u00e9ception aux meubles de rangement. La structure en aluminium de bureau, fruit d\u2019un design minimal et essentiel, est exalt\u00e9e par les pr\u00e9cieux finitions du plateau de travail : m\u00e9lamine, laqu\u00e9, plaqu\u00e9, verre, cuir ou Laminam\u00ae. Deux types de structures disponibles : structure \u00e0 section triangulaire en aluminium ou structure pentagonale y compris cover personnalisable en 2 diff\u00e9rents mat\u00e9riaux et nombreuses finitions. Union entre prestige et technologie pour s\u2019adapter \u00e0 chaque style architectural: minimaliste et moderne, classique chic, sophistiqu\u00e9 et raffin\u00e9.<\/p>\n","protected":false},"excerpt":{"rendered":"<p>Un bureau, perspectives infinies. HYPE red\u00e9finit l\u2019environnement directionnel avec une ligne compl\u00e8te et \u00e9tudi\u00e9e en d\u00e9tail: des postes directionnel aux salles de r\u00e9union, des espaces de r\u00e9ception aux meubles de rangement. La structure en aluminium de bureau, fruit d\u2019un design minimal et essentiel, est exalt\u00e9e par les pr\u00e9cieux finitions du plateau de travail : m\u00e9lamine, [&#8230;]<\/p>\n<p><a class=\"btn btn-secondary understrap-read-more-link\" href=\"https:\/\/www.about-office.it\/fr\/produits\/hype\/\">Lire la suite\u2026<span class=\"screen-reader-text\"> from Hype<\/span><\/a><\/p>\n","protected":false},"author":4,"featured_media":8140,"parent":2713,"menu_order":43,"comment_status":"closed","ping_status":"closed","template":"page-product_detail_mod.php","meta":{"_acf_changed":false,"footnotes":""},"class_list":["post-8802","page","type-page","status-publish","has-post-thumbnail","hentry"],"acf":[],"yoast_head":"<!-- This site is optimized with the Yoast SEO plugin v27.4 - https:\/\/yoast.com\/product\/yoast-seo-wordpress\/ -->\n<title>Hype - About Office<\/title>\n<meta name=\"description\" content=\"Un bureau, perspectives infinies. HYPE red\u00e9finit l\u2019environnement directionnel avec une ligne compl\u00e8te et \u00e9tudi\u00e9e en d\u00e9tail.\" \/>\n<meta name=\"robots\" content=\"index, follow, max-snippet:-1, max-image-preview:large, max-video-preview:-1\" \/>\n<link rel=\"canonical\" href=\"https:\/\/www.about-office.it\/fr\/produits\/hype\/\" \/>\n<meta property=\"og:locale\" content=\"fr_FR\" \/>\n<meta property=\"og:type\" content=\"article\" \/>\n<meta property=\"og:title\" content=\"Hype - About Office\" \/>\n<meta property=\"og:description\" content=\"Un bureau, perspectives infinies. HYPE red\u00e9finit l\u2019environnement directionnel avec une ligne compl\u00e8te et \u00e9tudi\u00e9e en d\u00e9tail.\" \/>\n<meta property=\"og:url\" content=\"https:\/\/www.about-office.it\/fr\/produits\/hype\/\" \/>\n<meta property=\"og:site_name\" content=\"About Office\" \/>\n<meta property=\"article:modified_time\" content=\"2021-09-22T13:29:38+00:00\" \/>\n<meta property=\"og:image\" content=\"https:\/\/www.about-office.it\/wp-content\/uploads\/2021\/03\/about-office-hype-cover-1-scaled.jpg\" \/>\n\t<meta property=\"og:image:width\" content=\"2560\" \/>\n\t<meta property=\"og:image:height\" content=\"1440\" \/>\n\t<meta property=\"og:image:type\" content=\"image\/jpeg\" \/>\n<meta name=\"twitter:card\" content=\"summary_large_image\" \/>\n<meta name=\"twitter:label1\" content=\"Dur\u00e9e de lecture estim\u00e9e\" \/>\n\t<meta name=\"twitter:data1\" content=\"1 minute\" \/>\n<script type=\"application\/ld+json\" class=\"yoast-schema-graph\">{\"@context\":\"https:\\\/\\\/schema.org\",\"@graph\":[{\"@type\":\"WebPage\",\"@id\":\"https:\\\/\\\/www.about-office.it\\\/fr\\\/produits\\\/hype\\\/\",\"url\":\"https:\\\/\\\/www.about-office.it\\\/fr\\\/produits\\\/hype\\\/\",\"name\":\"Hype - About Office\",\"isPartOf\":{\"@id\":\"https:\\\/\\\/www.about-office.it\\\/fr\\\/#website\"},\"primaryImageOfPage\":{\"@id\":\"https:\\\/\\\/www.about-office.it\\\/fr\\\/produits\\\/hype\\\/#primaryimage\"},\"image\":{\"@id\":\"https:\\\/\\\/www.about-office.it\\\/fr\\\/produits\\\/hype\\\/#primaryimage\"},\"thumbnailUrl\":\"https:\\\/\\\/www.about-office.it\\\/wp-content\\\/uploads\\\/2021\\\/03\\\/about-office-hype-cover-1-scaled.jpg\",\"datePublished\":\"2021-03-15T15:20:19+00:00\",\"dateModified\":\"2021-09-22T13:29:38+00:00\",\"description\":\"Un bureau, perspectives infinies. HYPE red\u00e9finit l\u2019environnement directionnel avec une ligne compl\u00e8te et \u00e9tudi\u00e9e en d\u00e9tail.\",\"breadcrumb\":{\"@id\":\"https:\\\/\\\/www.about-office.it\\\/fr\\\/produits\\\/hype\\\/#breadcrumb\"},\"inLanguage\":\"fr-FR\",\"potentialAction\":[{\"@type\":\"ReadAction\",\"target\":[\"https:\\\/\\\/www.about-office.it\\\/fr\\\/produits\\\/hype\\\/\"]}]},{\"@type\":\"ImageObject\",\"inLanguage\":\"fr-FR\",\"@id\":\"https:\\\/\\\/www.about-office.it\\\/fr\\\/produits\\\/hype\\\/#primaryimage\",\"url\":\"https:\\\/\\\/www.about-office.it\\\/wp-content\\\/uploads\\\/2021\\\/03\\\/about-office-hype-cover-1-scaled.jpg\",\"contentUrl\":\"https:\\\/\\\/www.about-office.it\\\/wp-content\\\/uploads\\\/2021\\\/03\\\/about-office-hype-cover-1-scaled.jpg\",\"width\":2560,\"height\":1440},{\"@type\":\"BreadcrumbList\",\"@id\":\"https:\\\/\\\/www.about-office.it\\\/fr\\\/produits\\\/hype\\\/#breadcrumb\",\"itemListElement\":[{\"@type\":\"ListItem\",\"position\":1,\"name\":\"Home\",\"item\":\"https:\\\/\\\/www.about-office.it\\\/fr\\\/\"},{\"@type\":\"ListItem\",\"position\":2,\"name\":\"Produits\",\"item\":\"https:\\\/\\\/www.about-office.it\\\/fr\\\/produits\\\/\"},{\"@type\":\"ListItem\",\"position\":3,\"name\":\"Hype\"}]},{\"@type\":\"WebSite\",\"@id\":\"https:\\\/\\\/www.about-office.it\\\/fr\\\/#website\",\"url\":\"https:\\\/\\\/www.about-office.it\\\/fr\\\/\",\"name\":\"About Office\",\"description\":\"\",\"potentialAction\":[{\"@type\":\"SearchAction\",\"target\":{\"@type\":\"EntryPoint\",\"urlTemplate\":\"https:\\\/\\\/www.about-office.it\\\/fr\\\/?s={search_term_string}\"},\"query-input\":{\"@type\":\"PropertyValueSpecification\",\"valueRequired\":true,\"valueName\":\"search_term_string\"}}],\"inLanguage\":\"fr-FR\"}]}<\/script>\n<!-- \/ Yoast SEO plugin. -->","yoast_head_json":{"title":"Hype - About Office","description":"Un bureau, perspectives infinies. HYPE red\u00e9finit l\u2019environnement directionnel avec une ligne compl\u00e8te et \u00e9tudi\u00e9e en d\u00e9tail.","robots":{"index":"index","follow":"follow","max-snippet":"max-snippet:-1","max-image-preview":"max-image-preview:large","max-video-preview":"max-video-preview:-1"},"canonical":"https:\/\/www.about-office.it\/fr\/produits\/hype\/","og_locale":"fr_FR","og_type":"article","og_title":"Hype - About Office","og_description":"Un bureau, perspectives infinies. HYPE red\u00e9finit l\u2019environnement directionnel avec une ligne compl\u00e8te et \u00e9tudi\u00e9e en d\u00e9tail.","og_url":"https:\/\/www.about-office.it\/fr\/produits\/hype\/","og_site_name":"About Office","article_modified_time":"2021-09-22T13:29:38+00:00","og_image":[{"width":2560,"height":1440,"url":"https:\/\/www.about-office.it\/wp-content\/uploads\/2021\/03\/about-office-hype-cover-1-scaled.jpg","type":"image\/jpeg"}],"twitter_card":"summary_large_image","twitter_misc":{"Dur\u00e9e de lecture estim\u00e9e":"1 minute"},"schema":{"@context":"https:\/\/schema.org","@graph":[{"@type":"WebPage","@id":"https:\/\/www.about-office.it\/fr\/produits\/hype\/","url":"https:\/\/www.about-office.it\/fr\/produits\/hype\/","name":"Hype - About Office","isPartOf":{"@id":"https:\/\/www.about-office.it\/fr\/#website"},"primaryImageOfPage":{"@id":"https:\/\/www.about-office.it\/fr\/produits\/hype\/#primaryimage"},"image":{"@id":"https:\/\/www.about-office.it\/fr\/produits\/hype\/#primaryimage"},"thumbnailUrl":"https:\/\/www.about-office.it\/wp-content\/uploads\/2021\/03\/about-office-hype-cover-1-scaled.jpg","datePublished":"2021-03-15T15:20:19+00:00","dateModified":"2021-09-22T13:29:38+00:00","description":"Un bureau, perspectives infinies. HYPE red\u00e9finit l\u2019environnement directionnel avec une ligne compl\u00e8te et \u00e9tudi\u00e9e en d\u00e9tail.","breadcrumb":{"@id":"https:\/\/www.about-office.it\/fr\/produits\/hype\/#breadcrumb"},"inLanguage":"fr-FR","potentialAction":[{"@type":"ReadAction","target":["https:\/\/www.about-office.it\/fr\/produits\/hype\/"]}]},{"@type":"ImageObject","inLanguage":"fr-FR","@id":"https:\/\/www.about-office.it\/fr\/produits\/hype\/#primaryimage","url":"https:\/\/www.about-office.it\/wp-content\/uploads\/2021\/03\/about-office-hype-cover-1-scaled.jpg","contentUrl":"https:\/\/www.about-office.it\/wp-content\/uploads\/2021\/03\/about-office-hype-cover-1-scaled.jpg","width":2560,"height":1440},{"@type":"BreadcrumbList","@id":"https:\/\/www.about-office.it\/fr\/produits\/hype\/#breadcrumb","itemListElement":[{"@type":"ListItem","position":1,"name":"Home","item":"https:\/\/www.about-office.it\/fr\/"},{"@type":"ListItem","position":2,"name":"Produits","item":"https:\/\/www.about-office.it\/fr\/produits\/"},{"@type":"ListItem","position":3,"name":"Hype"}]},{"@type":"WebSite","@id":"https:\/\/www.about-office.it\/fr\/#website","url":"https:\/\/www.about-office.it\/fr\/","name":"About Office","description":"","potentialAction":[{"@type":"SearchAction","target":{"@type":"EntryPoint","urlTemplate":"https:\/\/www.about-office.it\/fr\/?s={search_term_string}"},"query-input":{"@type":"PropertyValueSpecification","valueRequired":true,"valueName":"search_term_string"}}],"inLanguage":"fr-FR"}]}},"_links":{"self":[{"href":"https:\/\/www.about-office.it\/fr\/wp-json\/wp\/v2\/pages\/8802","targetHints":{"allow":["GET"]}}],"collection":[{"href":"https:\/\/www.about-office.it\/fr\/wp-json\/wp\/v2\/pages"}],"about":[{"href":"https:\/\/www.about-office.it\/fr\/wp-json\/wp\/v2\/types\/page"}],"author":[{"embeddable":true,"href":"https:\/\/www.about-office.it\/fr\/wp-json\/wp\/v2\/users\/4"}],"replies":[{"embeddable":true,"href":"https:\/\/www.about-office.it\/fr\/wp-json\/wp\/v2\/comments?post=8802"}],"version-history":[{"count":5,"href":"https:\/\/www.about-office.it\/fr\/wp-json\/wp\/v2\/pages\/8802\/revisions"}],"predecessor-version":[{"id":10037,"href":"https:\/\/www.about-office.it\/fr\/wp-json\/wp\/v2\/pages\/8802\/revisions\/10037"}],"up":[{"embeddable":true,"href":"https:\/\/www.about-office.it\/fr\/wp-json\/wp\/v2\/pages\/2713"}],"wp:featuredmedia":[{"embeddable":true,"href":"https:\/\/www.about-office.it\/fr\/wp-json\/wp\/v2\/media\/8140"}],"wp:attachment":[{"href":"https:\/\/www.about-office.it\/fr\/wp-json\/wp\/v2\/media?parent=8802"}],"curies":[{"name":"wp","href":"https:\/\/api.w.org\/{rel}","templated":true}]}}