{"id":7648,"date":"2020-02-27T10:04:25","date_gmt":"2020-02-27T09:04:25","guid":{"rendered":"https:\/\/www.about-office.it\/produits\/o2air\/"},"modified":"2021-05-06T16:24:00","modified_gmt":"2021-05-06T14:24:00","slug":"o2air","status":"publish","type":"page","link":"https:\/\/www.about-office.it\/fr\/produits\/o2air\/","title":{"rendered":"O2air"},"content":{"rendered":"<p>Au bureau et \u00e0 la maison, nous sommes entour\u00e9s d\u2019\u00e9l\u00e9ments et de substances invisibles que nous respirons et qui p\u00e9n\u00e8trent dans notre organisme sans que nous le remarquions. Nous passons de plus en plus de temps dans des endroits confin\u00e9s et partag\u00e9s, o\u00f9 l\u2019air peut atteindre des niveaux de pollution plus \u00e9lev\u00e9s que l\u2019air ext\u00e9rieur. Respirer est essentiel pour la vie, c\u2019est pourquoi il est important de pr\u00eater attention \u00e0 la qualit\u00e9 de l\u2019air que on respire. Une mauvaise qualit\u00e9 de l\u2019air dans les endroits quotidiens a un impact consid\u00e9rable sur notre corps. Il est donc n\u00e9cessaire de s\u2019assurer que l\u2019environnement sur le lieu de travail, dans les \u00e9coles et \u00e0 la maison soient salubres et intervenir rapidement afin d\u2019\u00e9viter une exposition prolong\u00e9e aux polluants susceptibles de provoquer des maladies chroniques ou des pathologies graves. <strong>O2air<\/strong>, gr\u00e2ce \u00e0 un<strong> filtre brevet\u00e9 innovant<\/strong>, combat la pollution int\u00e9rieure en retenant les nanoparticules nocives pour la sant\u00e9 et en r\u00e9injectant de l\u2019air pur dans l\u2019environnement. Le filtre brevet\u00e9 est un \u00e9l\u00e9ment unique qui combine l\u2019<strong>efficacit\u00e9 de 3 couches de filtration garantissant l\u2019\u00e9limination de 99,97% des particules jusqu\u2019\u00e0 0,3 \u03bcm<\/strong> et, gr\u00e2ce \u00e0 la couche interm\u00e9diaire, il atteint une performance de <strong>suppression des polluants jusqu\u2019\u00e0 le 50% de plus que les autres filtres du commerce<\/strong>. Gr\u00e2ce \u00e0 la technologie innovante, le filtre retient en effet les particules les plus petites, c\u2019est-\u00e0-dire les plus dangereuses et les plus difficiles \u00e0 pi\u00e9ger. <strong>Print Link<\/strong> est l\u2019accessoire optionnel qui <strong>permet aux imprimantes de communiquer avec O2air<\/strong>. Il agit comme un capteur de mouvement capable d\u2019intercepter la sortie de feuilles de l\u2019imprimante et d\u2019activer O2air \u00e0 la vitesse maximale.<\/p>\n","protected":false},"excerpt":{"rendered":"<p>Au bureau et \u00e0 la maison, nous sommes entour\u00e9s d\u2019\u00e9l\u00e9ments et de substances invisibles que nous respirons et qui p\u00e9n\u00e8trent dans notre organisme sans que nous le remarquions. Nous passons de plus en plus de temps dans des endroits confin\u00e9s et partag\u00e9s, o\u00f9 l\u2019air peut atteindre des niveaux de pollution plus \u00e9lev\u00e9s que l\u2019air ext\u00e9rieur. [&#8230;]<\/p>\n<p><a class=\"btn btn-secondary understrap-read-more-link\" href=\"https:\/\/www.about-office.it\/fr\/produits\/o2air\/\">Lire la suite\u2026<span class=\"screen-reader-text\"> from O2air<\/span><\/a><\/p>\n","protected":false},"author":4,"featured_media":7559,"parent":2713,"menu_order":0,"comment_status":"closed","ping_status":"closed","template":"page-product_detail.php","meta":{"_acf_changed":false,"footnotes":""},"class_list":["post-7648","page","type-page","status-publish","has-post-thumbnail","hentry"],"acf":[],"yoast_head":"<!-- This site is optimized with the Yoast SEO plugin v27.4 - https:\/\/yoast.com\/product\/yoast-seo-wordpress\/ -->\n<title>O2air - About Office<\/title>\n<meta name=\"description\" content=\"O2air, le purificateur d\u2019air professionnel qui garantit des performances \u00e9lev\u00e9es de filtration des polluants gr\u00e2ce \u00e0 son filtre brevet\u00e9.\" \/>\n<meta name=\"robots\" content=\"index, follow, max-snippet:-1, max-image-preview:large, max-video-preview:-1\" \/>\n<link rel=\"canonical\" href=\"https:\/\/www.about-office.it\/fr\/produits\/o2air\/\" \/>\n<meta property=\"og:locale\" content=\"fr_FR\" \/>\n<meta property=\"og:type\" content=\"article\" \/>\n<meta property=\"og:title\" content=\"O2air - About Office\" \/>\n<meta property=\"og:description\" content=\"O2air, le purificateur d\u2019air professionnel qui garantit des performances \u00e9lev\u00e9es de filtration des polluants gr\u00e2ce \u00e0 son filtre brevet\u00e9.\" \/>\n<meta property=\"og:url\" content=\"https:\/\/www.about-office.it\/fr\/produits\/o2air\/\" \/>\n<meta property=\"og:site_name\" content=\"About Office\" \/>\n<meta property=\"article:modified_time\" content=\"2021-05-06T14:24:00+00:00\" \/>\n<meta property=\"og:image\" content=\"https:\/\/www.about-office.it\/wp-content\/uploads\/2020\/02\/about-office-wio-O2air-cover-res-1.jpg\" \/>\n\t<meta property=\"og:image:width\" content=\"1920\" \/>\n\t<meta property=\"og:image:height\" content=\"640\" \/>\n\t<meta property=\"og:image:type\" content=\"image\/jpeg\" \/>\n<meta name=\"twitter:card\" content=\"summary_large_image\" \/>\n<meta name=\"twitter:label1\" content=\"Dur\u00e9e de lecture estim\u00e9e\" \/>\n\t<meta name=\"twitter:data1\" content=\"2 minutes\" \/>\n<script type=\"application\/ld+json\" class=\"yoast-schema-graph\">{\"@context\":\"https:\\\/\\\/schema.org\",\"@graph\":[{\"@type\":\"WebPage\",\"@id\":\"https:\\\/\\\/www.about-office.it\\\/fr\\\/produits\\\/o2air\\\/\",\"url\":\"https:\\\/\\\/www.about-office.it\\\/fr\\\/produits\\\/o2air\\\/\",\"name\":\"O2air - About Office\",\"isPartOf\":{\"@id\":\"https:\\\/\\\/www.about-office.it\\\/fr\\\/#website\"},\"primaryImageOfPage\":{\"@id\":\"https:\\\/\\\/www.about-office.it\\\/fr\\\/produits\\\/o2air\\\/#primaryimage\"},\"image\":{\"@id\":\"https:\\\/\\\/www.about-office.it\\\/fr\\\/produits\\\/o2air\\\/#primaryimage\"},\"thumbnailUrl\":\"https:\\\/\\\/www.about-office.it\\\/wp-content\\\/uploads\\\/2020\\\/02\\\/about-office-wio-O2air-cover-res-1.jpg\",\"datePublished\":\"2020-02-27T09:04:25+00:00\",\"dateModified\":\"2021-05-06T14:24:00+00:00\",\"description\":\"O2air, le purificateur d\u2019air professionnel qui garantit des performances \u00e9lev\u00e9es de filtration des polluants gr\u00e2ce \u00e0 son filtre brevet\u00e9.\",\"breadcrumb\":{\"@id\":\"https:\\\/\\\/www.about-office.it\\\/fr\\\/produits\\\/o2air\\\/#breadcrumb\"},\"inLanguage\":\"fr-FR\",\"potentialAction\":[{\"@type\":\"ReadAction\",\"target\":[\"https:\\\/\\\/www.about-office.it\\\/fr\\\/produits\\\/o2air\\\/\"]}]},{\"@type\":\"ImageObject\",\"inLanguage\":\"fr-FR\",\"@id\":\"https:\\\/\\\/www.about-office.it\\\/fr\\\/produits\\\/o2air\\\/#primaryimage\",\"url\":\"https:\\\/\\\/www.about-office.it\\\/wp-content\\\/uploads\\\/2020\\\/02\\\/about-office-wio-O2air-cover-res-1.jpg\",\"contentUrl\":\"https:\\\/\\\/www.about-office.it\\\/wp-content\\\/uploads\\\/2020\\\/02\\\/about-office-wio-O2air-cover-res-1.jpg\",\"width\":1920,\"height\":640},{\"@type\":\"BreadcrumbList\",\"@id\":\"https:\\\/\\\/www.about-office.it\\\/fr\\\/produits\\\/o2air\\\/#breadcrumb\",\"itemListElement\":[{\"@type\":\"ListItem\",\"position\":1,\"name\":\"Home\",\"item\":\"https:\\\/\\\/www.about-office.it\\\/fr\\\/\"},{\"@type\":\"ListItem\",\"position\":2,\"name\":\"Produits\",\"item\":\"https:\\\/\\\/www.about-office.it\\\/fr\\\/produits\\\/\"},{\"@type\":\"ListItem\",\"position\":3,\"name\":\"O2air\"}]},{\"@type\":\"WebSite\",\"@id\":\"https:\\\/\\\/www.about-office.it\\\/fr\\\/#website\",\"url\":\"https:\\\/\\\/www.about-office.it\\\/fr\\\/\",\"name\":\"About Office\",\"description\":\"\",\"potentialAction\":[{\"@type\":\"SearchAction\",\"target\":{\"@type\":\"EntryPoint\",\"urlTemplate\":\"https:\\\/\\\/www.about-office.it\\\/fr\\\/?s={search_term_string}\"},\"query-input\":{\"@type\":\"PropertyValueSpecification\",\"valueRequired\":true,\"valueName\":\"search_term_string\"}}],\"inLanguage\":\"fr-FR\"}]}<\/script>\n<!-- \/ Yoast SEO plugin. -->","yoast_head_json":{"title":"O2air - About Office","description":"O2air, le purificateur d\u2019air professionnel qui garantit des performances \u00e9lev\u00e9es de filtration des polluants gr\u00e2ce \u00e0 son filtre brevet\u00e9.","robots":{"index":"index","follow":"follow","max-snippet":"max-snippet:-1","max-image-preview":"max-image-preview:large","max-video-preview":"max-video-preview:-1"},"canonical":"https:\/\/www.about-office.it\/fr\/produits\/o2air\/","og_locale":"fr_FR","og_type":"article","og_title":"O2air - About Office","og_description":"O2air, le purificateur d\u2019air professionnel qui garantit des performances \u00e9lev\u00e9es de filtration des polluants gr\u00e2ce \u00e0 son filtre brevet\u00e9.","og_url":"https:\/\/www.about-office.it\/fr\/produits\/o2air\/","og_site_name":"About Office","article_modified_time":"2021-05-06T14:24:00+00:00","og_image":[{"width":1920,"height":640,"url":"https:\/\/www.about-office.it\/wp-content\/uploads\/2020\/02\/about-office-wio-O2air-cover-res-1.jpg","type":"image\/jpeg"}],"twitter_card":"summary_large_image","twitter_misc":{"Dur\u00e9e de lecture estim\u00e9e":"2 minutes"},"schema":{"@context":"https:\/\/schema.org","@graph":[{"@type":"WebPage","@id":"https:\/\/www.about-office.it\/fr\/produits\/o2air\/","url":"https:\/\/www.about-office.it\/fr\/produits\/o2air\/","name":"O2air - About Office","isPartOf":{"@id":"https:\/\/www.about-office.it\/fr\/#website"},"primaryImageOfPage":{"@id":"https:\/\/www.about-office.it\/fr\/produits\/o2air\/#primaryimage"},"image":{"@id":"https:\/\/www.about-office.it\/fr\/produits\/o2air\/#primaryimage"},"thumbnailUrl":"https:\/\/www.about-office.it\/wp-content\/uploads\/2020\/02\/about-office-wio-O2air-cover-res-1.jpg","datePublished":"2020-02-27T09:04:25+00:00","dateModified":"2021-05-06T14:24:00+00:00","description":"O2air, le purificateur d\u2019air professionnel qui garantit des performances \u00e9lev\u00e9es de filtration des polluants gr\u00e2ce \u00e0 son filtre brevet\u00e9.","breadcrumb":{"@id":"https:\/\/www.about-office.it\/fr\/produits\/o2air\/#breadcrumb"},"inLanguage":"fr-FR","potentialAction":[{"@type":"ReadAction","target":["https:\/\/www.about-office.it\/fr\/produits\/o2air\/"]}]},{"@type":"ImageObject","inLanguage":"fr-FR","@id":"https:\/\/www.about-office.it\/fr\/produits\/o2air\/#primaryimage","url":"https:\/\/www.about-office.it\/wp-content\/uploads\/2020\/02\/about-office-wio-O2air-cover-res-1.jpg","contentUrl":"https:\/\/www.about-office.it\/wp-content\/uploads\/2020\/02\/about-office-wio-O2air-cover-res-1.jpg","width":1920,"height":640},{"@type":"BreadcrumbList","@id":"https:\/\/www.about-office.it\/fr\/produits\/o2air\/#breadcrumb","itemListElement":[{"@type":"ListItem","position":1,"name":"Home","item":"https:\/\/www.about-office.it\/fr\/"},{"@type":"ListItem","position":2,"name":"Produits","item":"https:\/\/www.about-office.it\/fr\/produits\/"},{"@type":"ListItem","position":3,"name":"O2air"}]},{"@type":"WebSite","@id":"https:\/\/www.about-office.it\/fr\/#website","url":"https:\/\/www.about-office.it\/fr\/","name":"About Office","description":"","potentialAction":[{"@type":"SearchAction","target":{"@type":"EntryPoint","urlTemplate":"https:\/\/www.about-office.it\/fr\/?s={search_term_string}"},"query-input":{"@type":"PropertyValueSpecification","valueRequired":true,"valueName":"search_term_string"}}],"inLanguage":"fr-FR"}]}},"_links":{"self":[{"href":"https:\/\/www.about-office.it\/fr\/wp-json\/wp\/v2\/pages\/7648","targetHints":{"allow":["GET"]}}],"collection":[{"href":"https:\/\/www.about-office.it\/fr\/wp-json\/wp\/v2\/pages"}],"about":[{"href":"https:\/\/www.about-office.it\/fr\/wp-json\/wp\/v2\/types\/page"}],"author":[{"embeddable":true,"href":"https:\/\/www.about-office.it\/fr\/wp-json\/wp\/v2\/users\/4"}],"replies":[{"embeddable":true,"href":"https:\/\/www.about-office.it\/fr\/wp-json\/wp\/v2\/comments?post=7648"}],"version-history":[{"count":3,"href":"https:\/\/www.about-office.it\/fr\/wp-json\/wp\/v2\/pages\/7648\/revisions"}],"predecessor-version":[{"id":7678,"href":"https:\/\/www.about-office.it\/fr\/wp-json\/wp\/v2\/pages\/7648\/revisions\/7678"}],"up":[{"embeddable":true,"href":"https:\/\/www.about-office.it\/fr\/wp-json\/wp\/v2\/pages\/2713"}],"wp:featuredmedia":[{"embeddable":true,"href":"https:\/\/www.about-office.it\/fr\/wp-json\/wp\/v2\/media\/7559"}],"wp:attachment":[{"href":"https:\/\/www.about-office.it\/fr\/wp-json\/wp\/v2\/media?parent=7648"}],"curies":[{"name":"wp","href":"https:\/\/api.w.org\/{rel}","templated":true}]}}