{"id":2779,"date":"2019-02-05T12:06:33","date_gmt":"2019-02-05T11:06:33","guid":{"rendered":"https:\/\/www.about-office.it\/inspirations\/"},"modified":"2019-03-07T15:40:19","modified_gmt":"2019-03-07T14:40:19","slug":"inspirations","status":"publish","type":"page","link":"https:\/\/www.about-office.it\/fr\/inspirations\/","title":{"rendered":"Inspirations"},"content":{"rendered":"<p>Les collections About Office s\u2019adaptent \u00e0 n\u2019importe quel type d\u2019espace et se distinguent par leur design et leur fonctionnalit\u00e9. C\u2019est pourquoi nombreux sont ceux qui d\u00e9cident de choisir des meubles About Office pour des <strong>r\u00e9alisations<\/strong> qui sauront r\u00e9pondre \u00e0 leurs exigences de modularit\u00e9, d\u2019ergonomie et de qualit\u00e9.<\/p>\n<p>L\u2019entreprise est en outre en mesure de r\u00e9pondre de mani\u00e8re imm\u00e9diate aux demandes de personnalisation : mat\u00e9riaux, finitions et dimensions peuvent \u00eatre modifi\u00e9s, changeant ainsi le caract\u00e8re de n\u2019importe quelle solution d&rsquo;ameublement. Le \u00ab\u00a0<strong>sur mesure<\/strong>\u00a0\u00bb\u00a0est donc un point fort d\u2019About Office, qui a permis de faire conna\u00eetre la marque dans de nombreuses villes d\u2019Italie, mais aussi \u00e0 l\u2019\u00e9tranger.<\/p>\n","protected":false},"excerpt":{"rendered":"<p>Les collections About Office s\u2019adaptent \u00e0 n\u2019importe quel type d\u2019espace et se distinguent par leur design et leur fonctionnalit\u00e9. C\u2019est pourquoi nombreux sont ceux qui d\u00e9cident de choisir des meubles About Office pour des r\u00e9alisations qui sauront r\u00e9pondre \u00e0 leurs exigences de modularit\u00e9, d\u2019ergonomie et de qualit\u00e9. L\u2019entreprise est en outre en mesure de r\u00e9pondre [&#8230;]<\/p>\n<p><a class=\"btn btn-secondary understrap-read-more-link\" href=\"https:\/\/www.about-office.it\/fr\/inspirations\/\">Lire la suite\u2026<span class=\"screen-reader-text\"> from Inspirations<\/span><\/a><\/p>\n","protected":false},"author":2,"featured_media":0,"parent":0,"menu_order":0,"comment_status":"closed","ping_status":"closed","template":"page-inspiration.php","meta":{"_acf_changed":false,"footnotes":""},"class_list":["post-2779","page","type-page","status-publish","hentry"],"acf":[],"yoast_head":"<!-- This site is optimized with the Yoast SEO plugin v27.3 - https:\/\/yoast.com\/product\/yoast-seo-wordpress\/ -->\n<title>Inspirations - About Office<\/title>\n<meta name=\"description\" content=\"Laissez-vous inspirer par les exemples de r\u00e9alisations et personnalisations About Office. Vous trouverez de nombreuses solutions originales pour donner vie \u00e0 de nouvelles id\u00e9es.\" \/>\n<meta name=\"robots\" content=\"index, follow, max-snippet:-1, max-image-preview:large, max-video-preview:-1\" \/>\n<link rel=\"canonical\" href=\"https:\/\/www.about-office.it\/fr\/inspirations\/\" \/>\n<meta property=\"og:locale\" content=\"fr_FR\" \/>\n<meta property=\"og:type\" content=\"article\" \/>\n<meta property=\"og:title\" content=\"Inspirations - About Office\" \/>\n<meta property=\"og:description\" content=\"Laissez-vous inspirer par les exemples de r\u00e9alisations et personnalisations About Office. Vous trouverez de nombreuses solutions originales pour donner vie \u00e0 de nouvelles id\u00e9es.\" \/>\n<meta property=\"og:url\" content=\"https:\/\/www.about-office.it\/fr\/inspirations\/\" \/>\n<meta property=\"og:site_name\" content=\"About Office\" \/>\n<meta property=\"article:modified_time\" content=\"2019-03-07T14:40:19+00:00\" \/>\n<meta name=\"twitter:card\" content=\"summary_large_image\" \/>\n<meta name=\"twitter:label1\" content=\"Dur\u00e9e de lecture estim\u00e9e\" \/>\n\t<meta name=\"twitter:data1\" content=\"1 minute\" \/>\n<script type=\"application\/ld+json\" class=\"yoast-schema-graph\">{\"@context\":\"https:\\\/\\\/schema.org\",\"@graph\":[{\"@type\":\"WebPage\",\"@id\":\"https:\\\/\\\/www.about-office.it\\\/fr\\\/inspirations\\\/\",\"url\":\"https:\\\/\\\/www.about-office.it\\\/fr\\\/inspirations\\\/\",\"name\":\"Inspirations - About Office\",\"isPartOf\":{\"@id\":\"https:\\\/\\\/www.about-office.it\\\/fr\\\/#website\"},\"datePublished\":\"2019-02-05T11:06:33+00:00\",\"dateModified\":\"2019-03-07T14:40:19+00:00\",\"description\":\"Laissez-vous inspirer par les exemples de r\u00e9alisations et personnalisations About Office. Vous trouverez de nombreuses solutions originales pour donner vie \u00e0 de nouvelles id\u00e9es.\",\"breadcrumb\":{\"@id\":\"https:\\\/\\\/www.about-office.it\\\/fr\\\/inspirations\\\/#breadcrumb\"},\"inLanguage\":\"fr-FR\",\"potentialAction\":[{\"@type\":\"ReadAction\",\"target\":[\"https:\\\/\\\/www.about-office.it\\\/fr\\\/inspirations\\\/\"]}]},{\"@type\":\"BreadcrumbList\",\"@id\":\"https:\\\/\\\/www.about-office.it\\\/fr\\\/inspirations\\\/#breadcrumb\",\"itemListElement\":[{\"@type\":\"ListItem\",\"position\":1,\"name\":\"Home\",\"item\":\"https:\\\/\\\/www.about-office.it\\\/fr\\\/\"},{\"@type\":\"ListItem\",\"position\":2,\"name\":\"Inspirations\"}]},{\"@type\":\"WebSite\",\"@id\":\"https:\\\/\\\/www.about-office.it\\\/fr\\\/#website\",\"url\":\"https:\\\/\\\/www.about-office.it\\\/fr\\\/\",\"name\":\"About Office\",\"description\":\"\",\"potentialAction\":[{\"@type\":\"SearchAction\",\"target\":{\"@type\":\"EntryPoint\",\"urlTemplate\":\"https:\\\/\\\/www.about-office.it\\\/fr\\\/?s={search_term_string}\"},\"query-input\":{\"@type\":\"PropertyValueSpecification\",\"valueRequired\":true,\"valueName\":\"search_term_string\"}}],\"inLanguage\":\"fr-FR\"}]}<\/script>\n<!-- \/ Yoast SEO plugin. -->","yoast_head_json":{"title":"Inspirations - About Office","description":"Laissez-vous inspirer par les exemples de r\u00e9alisations et personnalisations About Office. Vous trouverez de nombreuses solutions originales pour donner vie \u00e0 de nouvelles id\u00e9es.","robots":{"index":"index","follow":"follow","max-snippet":"max-snippet:-1","max-image-preview":"max-image-preview:large","max-video-preview":"max-video-preview:-1"},"canonical":"https:\/\/www.about-office.it\/fr\/inspirations\/","og_locale":"fr_FR","og_type":"article","og_title":"Inspirations - About Office","og_description":"Laissez-vous inspirer par les exemples de r\u00e9alisations et personnalisations About Office. Vous trouverez de nombreuses solutions originales pour donner vie \u00e0 de nouvelles id\u00e9es.","og_url":"https:\/\/www.about-office.it\/fr\/inspirations\/","og_site_name":"About Office","article_modified_time":"2019-03-07T14:40:19+00:00","twitter_card":"summary_large_image","twitter_misc":{"Dur\u00e9e de lecture estim\u00e9e":"1 minute"},"schema":{"@context":"https:\/\/schema.org","@graph":[{"@type":"WebPage","@id":"https:\/\/www.about-office.it\/fr\/inspirations\/","url":"https:\/\/www.about-office.it\/fr\/inspirations\/","name":"Inspirations - About Office","isPartOf":{"@id":"https:\/\/www.about-office.it\/fr\/#website"},"datePublished":"2019-02-05T11:06:33+00:00","dateModified":"2019-03-07T14:40:19+00:00","description":"Laissez-vous inspirer par les exemples de r\u00e9alisations et personnalisations About Office. Vous trouverez de nombreuses solutions originales pour donner vie \u00e0 de nouvelles id\u00e9es.","breadcrumb":{"@id":"https:\/\/www.about-office.it\/fr\/inspirations\/#breadcrumb"},"inLanguage":"fr-FR","potentialAction":[{"@type":"ReadAction","target":["https:\/\/www.about-office.it\/fr\/inspirations\/"]}]},{"@type":"BreadcrumbList","@id":"https:\/\/www.about-office.it\/fr\/inspirations\/#breadcrumb","itemListElement":[{"@type":"ListItem","position":1,"name":"Home","item":"https:\/\/www.about-office.it\/fr\/"},{"@type":"ListItem","position":2,"name":"Inspirations"}]},{"@type":"WebSite","@id":"https:\/\/www.about-office.it\/fr\/#website","url":"https:\/\/www.about-office.it\/fr\/","name":"About Office","description":"","potentialAction":[{"@type":"SearchAction","target":{"@type":"EntryPoint","urlTemplate":"https:\/\/www.about-office.it\/fr\/?s={search_term_string}"},"query-input":{"@type":"PropertyValueSpecification","valueRequired":true,"valueName":"search_term_string"}}],"inLanguage":"fr-FR"}]}},"_links":{"self":[{"href":"https:\/\/www.about-office.it\/fr\/wp-json\/wp\/v2\/pages\/2779","targetHints":{"allow":["GET"]}}],"collection":[{"href":"https:\/\/www.about-office.it\/fr\/wp-json\/wp\/v2\/pages"}],"about":[{"href":"https:\/\/www.about-office.it\/fr\/wp-json\/wp\/v2\/types\/page"}],"author":[{"embeddable":true,"href":"https:\/\/www.about-office.it\/fr\/wp-json\/wp\/v2\/users\/2"}],"replies":[{"embeddable":true,"href":"https:\/\/www.about-office.it\/fr\/wp-json\/wp\/v2\/comments?post=2779"}],"version-history":[{"count":2,"href":"https:\/\/www.about-office.it\/fr\/wp-json\/wp\/v2\/pages\/2779\/revisions"}],"predecessor-version":[{"id":2781,"href":"https:\/\/www.about-office.it\/fr\/wp-json\/wp\/v2\/pages\/2779\/revisions\/2781"}],"wp:attachment":[{"href":"https:\/\/www.about-office.it\/fr\/wp-json\/wp\/v2\/media?parent=2779"}],"curies":[{"name":"wp","href":"https:\/\/api.w.org\/{rel}","templated":true}]}}