{"id":2718,"date":"2019-02-21T10:06:41","date_gmt":"2019-02-21T09:06:41","guid":{"rendered":"https:\/\/www.about-office.it\/produits\/cirmolo\/"},"modified":"2023-06-21T10:13:32","modified_gmt":"2023-06-21T08:13:32","slug":"cirmolo","status":"publish","type":"page","link":"https:\/\/www.about-office.it\/fr\/produits\/cirmolo\/","title":{"rendered":"Cirmolo"},"content":{"rendered":"<p>Nous savons bien \u00e0 quel point il est essentiel de cr\u00e9er une atmosph\u00e8re confortable dans les bureaux afin de favoriser le bien-\u00eatre \u00e0 la fois mental et physique.<br \/>\nC\u2019est pourquoi About Office a voulu introduire dans son parcours Wellness in Office le projet <strong>Cirmolo<\/strong>.<br \/>\nSon nom d\u00e9rive de celui d\u2019un pin, le Pin Cembro ou Cirmolo en italien, un arbre au feuillage persistant qui pousse spontan\u00e9ment dans les Alpes. Ce dernier se distingue par un intense parfum aromatique qui dure longtemps. Des \u00e9tudes sp\u00e9cifiques ont d\u00e9montr\u00e9 qu\u2019il avait des <strong>effets positifs sur le bien-\u00eatre psycho-physique et sur la sant\u00e9 humaine<\/strong>. Il favorise la relaxation, am\u00e9liore la circulation sanguine, stimule de mani\u00e8re positive le corps et l\u2019esprit, facilite la r\u00e9cup\u00e9ration des \u00e9nergies et a un effet anti-bact\u00e9rien. Il est fr\u00e9quemment utilis\u00e9, dans les r\u00e9gions alpines, pour la fabrication d\u2019accessoires pour la maison tels que des structures de lit, des meubles de chambre, des lampadaires, des planches \u00e0 d\u00e9couper et m\u00eame des jouets. Ce pr\u00e9cieux mat\u00e9riau est depuis peu utilis\u00e9 dans la r\u00e9alisation d\u2019appartements et d&rsquo;h\u00f4tels de luxe.<br \/>\nC\u2019est pour ses propri\u00e9t\u00e9s particuli\u00e8res, aussi importantes qu\u2019inhabituelles, que la marque About Office a souhait\u00e9 l\u2019introduire dans sa \u00ab biblioth\u00e8que \u00bb de mat\u00e9riaux, l\u2019utilisant pour la r\u00e9alisation de divers composants de bureau dans le but de cr\u00e9er des environnements non seulement au caract\u00e8re esth\u00e9tique prononc\u00e9, mais surtout capables d\u2019apporter, entre autres, des effets b\u00e9n\u00e9fiques pour la sant\u00e9 du travailleur.<\/p>\n","protected":false},"excerpt":{"rendered":"<p>Nous savons bien \u00e0 quel point il est essentiel de cr\u00e9er une atmosph\u00e8re confortable dans les bureaux afin de favoriser le bien-\u00eatre \u00e0 la fois mental et physique. C\u2019est pourquoi About Office a voulu introduire dans son parcours Wellness in Office le projet Cirmolo. Son nom d\u00e9rive de celui d\u2019un pin, le Pin Cembro ou [&#8230;]<\/p>\n<p><a class=\"btn btn-secondary understrap-read-more-link\" href=\"https:\/\/www.about-office.it\/fr\/produits\/cirmolo\/\">Lire la suite\u2026<span class=\"screen-reader-text\"> from Cirmolo<\/span><\/a><\/p>\n","protected":false},"author":4,"featured_media":14606,"parent":2713,"menu_order":0,"comment_status":"closed","ping_status":"closed","template":"page-product_detail.php","meta":{"_acf_changed":false,"footnotes":""},"class_list":["post-2718","page","type-page","status-publish","has-post-thumbnail","hentry"],"acf":[],"yoast_head":"<!-- This site is optimized with the Yoast SEO plugin v27.4 - https:\/\/yoast.com\/product\/yoast-seo-wordpress\/ -->\n<title>Cirmolo - About Office<\/title>\n<meta name=\"description\" content=\"Cirmolo est synonyme de bien-\u00eatre olfactif, mental et physique. C\u2019est l\u2019un des projets d\u2019avant-garde Wellness in Office pour la cr\u00e9ation d\u2019espaces de bureau confortables.\" \/>\n<meta name=\"robots\" content=\"index, follow, max-snippet:-1, max-image-preview:large, max-video-preview:-1\" \/>\n<link rel=\"canonical\" href=\"https:\/\/www.about-office.it\/fr\/produits\/cirmolo\/\" \/>\n<meta property=\"og:locale\" content=\"fr_FR\" \/>\n<meta property=\"og:type\" content=\"article\" \/>\n<meta property=\"og:title\" content=\"Cirmolo - About Office\" \/>\n<meta property=\"og:description\" content=\"Cirmolo est synonyme de bien-\u00eatre olfactif, mental et physique. C\u2019est l\u2019un des projets d\u2019avant-garde Wellness in Office pour la cr\u00e9ation d\u2019espaces de bureau confortables.\" \/>\n<meta property=\"og:url\" content=\"https:\/\/www.about-office.it\/fr\/produits\/cirmolo\/\" \/>\n<meta property=\"og:site_name\" content=\"About Office\" \/>\n<meta property=\"article:modified_time\" content=\"2023-06-21T08:13:32+00:00\" \/>\n<meta property=\"og:image\" content=\"https:\/\/www.about-office.it\/wp-content\/uploads\/2023\/06\/about-office-cirmolo-hype-salariunioni-768x432.png\" \/>\n\t<meta property=\"og:image:width\" content=\"768\" \/>\n\t<meta property=\"og:image:height\" content=\"432\" \/>\n\t<meta property=\"og:image:type\" content=\"image\/png\" \/>\n<meta name=\"twitter:card\" content=\"summary_large_image\" \/>\n<meta name=\"twitter:label1\" content=\"Dur\u00e9e de lecture estim\u00e9e\" \/>\n\t<meta name=\"twitter:data1\" content=\"2 minutes\" \/>\n<script type=\"application\/ld+json\" class=\"yoast-schema-graph\">{\"@context\":\"https:\\\/\\\/schema.org\",\"@graph\":[{\"@type\":\"WebPage\",\"@id\":\"https:\\\/\\\/www.about-office.it\\\/fr\\\/produits\\\/cirmolo\\\/\",\"url\":\"https:\\\/\\\/www.about-office.it\\\/fr\\\/produits\\\/cirmolo\\\/\",\"name\":\"Cirmolo - About Office\",\"isPartOf\":{\"@id\":\"https:\\\/\\\/www.about-office.it\\\/fr\\\/#website\"},\"primaryImageOfPage\":{\"@id\":\"https:\\\/\\\/www.about-office.it\\\/fr\\\/produits\\\/cirmolo\\\/#primaryimage\"},\"image\":{\"@id\":\"https:\\\/\\\/www.about-office.it\\\/fr\\\/produits\\\/cirmolo\\\/#primaryimage\"},\"thumbnailUrl\":\"https:\\\/\\\/www.about-office.it\\\/wp-content\\\/uploads\\\/2023\\\/06\\\/about-office-cirmolo-hype-salariunioni.png\",\"datePublished\":\"2019-02-21T09:06:41+00:00\",\"dateModified\":\"2023-06-21T08:13:32+00:00\",\"description\":\"Cirmolo est synonyme de bien-\u00eatre olfactif, mental et physique. C\u2019est l\u2019un des projets d\u2019avant-garde Wellness in Office pour la cr\u00e9ation d\u2019espaces de bureau confortables.\",\"breadcrumb\":{\"@id\":\"https:\\\/\\\/www.about-office.it\\\/fr\\\/produits\\\/cirmolo\\\/#breadcrumb\"},\"inLanguage\":\"fr-FR\",\"potentialAction\":[{\"@type\":\"ReadAction\",\"target\":[\"https:\\\/\\\/www.about-office.it\\\/fr\\\/produits\\\/cirmolo\\\/\"]}]},{\"@type\":\"ImageObject\",\"inLanguage\":\"fr-FR\",\"@id\":\"https:\\\/\\\/www.about-office.it\\\/fr\\\/produits\\\/cirmolo\\\/#primaryimage\",\"url\":\"https:\\\/\\\/www.about-office.it\\\/wp-content\\\/uploads\\\/2023\\\/06\\\/about-office-cirmolo-hype-salariunioni.png\",\"contentUrl\":\"https:\\\/\\\/www.about-office.it\\\/wp-content\\\/uploads\\\/2023\\\/06\\\/about-office-cirmolo-hype-salariunioni.png\",\"width\":2340,\"height\":1317},{\"@type\":\"BreadcrumbList\",\"@id\":\"https:\\\/\\\/www.about-office.it\\\/fr\\\/produits\\\/cirmolo\\\/#breadcrumb\",\"itemListElement\":[{\"@type\":\"ListItem\",\"position\":1,\"name\":\"Home\",\"item\":\"https:\\\/\\\/www.about-office.it\\\/fr\\\/\"},{\"@type\":\"ListItem\",\"position\":2,\"name\":\"Produits\",\"item\":\"https:\\\/\\\/www.about-office.it\\\/fr\\\/produits\\\/\"},{\"@type\":\"ListItem\",\"position\":3,\"name\":\"Cirmolo\"}]},{\"@type\":\"WebSite\",\"@id\":\"https:\\\/\\\/www.about-office.it\\\/fr\\\/#website\",\"url\":\"https:\\\/\\\/www.about-office.it\\\/fr\\\/\",\"name\":\"About Office\",\"description\":\"\",\"potentialAction\":[{\"@type\":\"SearchAction\",\"target\":{\"@type\":\"EntryPoint\",\"urlTemplate\":\"https:\\\/\\\/www.about-office.it\\\/fr\\\/?s={search_term_string}\"},\"query-input\":{\"@type\":\"PropertyValueSpecification\",\"valueRequired\":true,\"valueName\":\"search_term_string\"}}],\"inLanguage\":\"fr-FR\"}]}<\/script>\n<!-- \/ Yoast SEO plugin. -->","yoast_head_json":{"title":"Cirmolo - About Office","description":"Cirmolo est synonyme de bien-\u00eatre olfactif, mental et physique. C\u2019est l\u2019un des projets d\u2019avant-garde Wellness in Office pour la cr\u00e9ation d\u2019espaces de bureau confortables.","robots":{"index":"index","follow":"follow","max-snippet":"max-snippet:-1","max-image-preview":"max-image-preview:large","max-video-preview":"max-video-preview:-1"},"canonical":"https:\/\/www.about-office.it\/fr\/produits\/cirmolo\/","og_locale":"fr_FR","og_type":"article","og_title":"Cirmolo - About Office","og_description":"Cirmolo est synonyme de bien-\u00eatre olfactif, mental et physique. C\u2019est l\u2019un des projets d\u2019avant-garde Wellness in Office pour la cr\u00e9ation d\u2019espaces de bureau confortables.","og_url":"https:\/\/www.about-office.it\/fr\/produits\/cirmolo\/","og_site_name":"About Office","article_modified_time":"2023-06-21T08:13:32+00:00","og_image":[{"width":768,"height":432,"url":"https:\/\/www.about-office.it\/wp-content\/uploads\/2023\/06\/about-office-cirmolo-hype-salariunioni-768x432.png","type":"image\/png"}],"twitter_card":"summary_large_image","twitter_misc":{"Dur\u00e9e de lecture estim\u00e9e":"2 minutes"},"schema":{"@context":"https:\/\/schema.org","@graph":[{"@type":"WebPage","@id":"https:\/\/www.about-office.it\/fr\/produits\/cirmolo\/","url":"https:\/\/www.about-office.it\/fr\/produits\/cirmolo\/","name":"Cirmolo - About Office","isPartOf":{"@id":"https:\/\/www.about-office.it\/fr\/#website"},"primaryImageOfPage":{"@id":"https:\/\/www.about-office.it\/fr\/produits\/cirmolo\/#primaryimage"},"image":{"@id":"https:\/\/www.about-office.it\/fr\/produits\/cirmolo\/#primaryimage"},"thumbnailUrl":"https:\/\/www.about-office.it\/wp-content\/uploads\/2023\/06\/about-office-cirmolo-hype-salariunioni.png","datePublished":"2019-02-21T09:06:41+00:00","dateModified":"2023-06-21T08:13:32+00:00","description":"Cirmolo est synonyme de bien-\u00eatre olfactif, mental et physique. C\u2019est l\u2019un des projets d\u2019avant-garde Wellness in Office pour la cr\u00e9ation d\u2019espaces de bureau confortables.","breadcrumb":{"@id":"https:\/\/www.about-office.it\/fr\/produits\/cirmolo\/#breadcrumb"},"inLanguage":"fr-FR","potentialAction":[{"@type":"ReadAction","target":["https:\/\/www.about-office.it\/fr\/produits\/cirmolo\/"]}]},{"@type":"ImageObject","inLanguage":"fr-FR","@id":"https:\/\/www.about-office.it\/fr\/produits\/cirmolo\/#primaryimage","url":"https:\/\/www.about-office.it\/wp-content\/uploads\/2023\/06\/about-office-cirmolo-hype-salariunioni.png","contentUrl":"https:\/\/www.about-office.it\/wp-content\/uploads\/2023\/06\/about-office-cirmolo-hype-salariunioni.png","width":2340,"height":1317},{"@type":"BreadcrumbList","@id":"https:\/\/www.about-office.it\/fr\/produits\/cirmolo\/#breadcrumb","itemListElement":[{"@type":"ListItem","position":1,"name":"Home","item":"https:\/\/www.about-office.it\/fr\/"},{"@type":"ListItem","position":2,"name":"Produits","item":"https:\/\/www.about-office.it\/fr\/produits\/"},{"@type":"ListItem","position":3,"name":"Cirmolo"}]},{"@type":"WebSite","@id":"https:\/\/www.about-office.it\/fr\/#website","url":"https:\/\/www.about-office.it\/fr\/","name":"About Office","description":"","potentialAction":[{"@type":"SearchAction","target":{"@type":"EntryPoint","urlTemplate":"https:\/\/www.about-office.it\/fr\/?s={search_term_string}"},"query-input":{"@type":"PropertyValueSpecification","valueRequired":true,"valueName":"search_term_string"}}],"inLanguage":"fr-FR"}]}},"_links":{"self":[{"href":"https:\/\/www.about-office.it\/fr\/wp-json\/wp\/v2\/pages\/2718","targetHints":{"allow":["GET"]}}],"collection":[{"href":"https:\/\/www.about-office.it\/fr\/wp-json\/wp\/v2\/pages"}],"about":[{"href":"https:\/\/www.about-office.it\/fr\/wp-json\/wp\/v2\/types\/page"}],"author":[{"embeddable":true,"href":"https:\/\/www.about-office.it\/fr\/wp-json\/wp\/v2\/users\/4"}],"replies":[{"embeddable":true,"href":"https:\/\/www.about-office.it\/fr\/wp-json\/wp\/v2\/comments?post=2718"}],"version-history":[{"count":5,"href":"https:\/\/www.about-office.it\/fr\/wp-json\/wp\/v2\/pages\/2718\/revisions"}],"predecessor-version":[{"id":14621,"href":"https:\/\/www.about-office.it\/fr\/wp-json\/wp\/v2\/pages\/2718\/revisions\/14621"}],"up":[{"embeddable":true,"href":"https:\/\/www.about-office.it\/fr\/wp-json\/wp\/v2\/pages\/2713"}],"wp:featuredmedia":[{"embeddable":true,"href":"https:\/\/www.about-office.it\/fr\/wp-json\/wp\/v2\/media\/14606"}],"wp:attachment":[{"href":"https:\/\/www.about-office.it\/fr\/wp-json\/wp\/v2\/media?parent=2718"}],"curies":[{"name":"wp","href":"https:\/\/api.w.org\/{rel}","templated":true}]}}