{"id":2705,"date":"2019-02-05T11:57:34","date_gmt":"2019-02-05T10:57:34","guid":{"rendered":"https:\/\/www.about-office.it\/download\/"},"modified":"2026-02-24T09:23:28","modified_gmt":"2026-02-24T08:23:28","slug":"telechargement","status":"publish","type":"page","link":"https:\/\/www.about-office.it\/fr\/telechargement\/","title":{"rendered":"T\u00e9l\u00e9chargement"},"content":{"rendered":"<p>Dans cette section, vous trouverez des fichiers utiles pour la conception et la configuration de b\u00e2timents, ainsi que des d\u00e9tails sur les mat\u00e9riaux, les finitions, la qualit\u00e9 et l\u2019entreprise. Tout ce qu\u2019il faut savoir sur About Office en version t\u00e9l\u00e9chargeable.<\/p>\n","protected":false},"excerpt":{"rendered":"<p>Dans cette section, vous trouverez des fichiers utiles pour la conception et la configuration de b\u00e2timents, ainsi que des d\u00e9tails sur les mat\u00e9riaux, les finitions, la qualit\u00e9 et l\u2019entreprise. Tout ce qu\u2019il faut savoir sur About Office en version t\u00e9l\u00e9chargeable. [&#8230;]<\/p>\n<p><a class=\"btn btn-secondary understrap-read-more-link\" href=\"https:\/\/www.about-office.it\/fr\/telechargement\/\">Lire la suite\u2026<span class=\"screen-reader-text\"> from T\u00e9l\u00e9chargement<\/span><\/a><\/p>\n","protected":false},"author":2,"featured_media":0,"parent":0,"menu_order":0,"comment_status":"closed","ping_status":"closed","template":"page-download.php","meta":{"_acf_changed":false,"footnotes":""},"class_list":["post-2705","page","type-page","status-publish","hentry"],"acf":[],"yoast_head":"<!-- This site is optimized with the Yoast SEO plugin v27.4 - https:\/\/yoast.com\/product\/yoast-seo-wordpress\/ -->\n<title>T\u00e9l\u00e9chargement - About Office<\/title>\n<meta name=\"description\" content=\"T\u00e9l\u00e9chargez les catalogues, certifications et informations utiles sur les produits About Office, et bien d&#039;autres choses encore.\" \/>\n<meta name=\"robots\" content=\"index, follow, max-snippet:-1, max-image-preview:large, max-video-preview:-1\" \/>\n<link rel=\"canonical\" href=\"https:\/\/www.about-office.it\/fr\/telechargement\/\" \/>\n<meta property=\"og:locale\" content=\"fr_FR\" \/>\n<meta property=\"og:type\" content=\"article\" \/>\n<meta property=\"og:title\" content=\"T\u00e9l\u00e9chargement - About Office\" \/>\n<meta property=\"og:description\" content=\"T\u00e9l\u00e9chargez les catalogues, certifications et informations utiles sur les produits About Office, et bien d&#039;autres choses encore.\" \/>\n<meta property=\"og:url\" content=\"https:\/\/www.about-office.it\/fr\/telechargement\/\" \/>\n<meta property=\"og:site_name\" content=\"About Office\" \/>\n<meta property=\"article:modified_time\" content=\"2026-02-24T08:23:28+00:00\" \/>\n<meta name=\"twitter:card\" content=\"summary_large_image\" \/>\n<meta name=\"twitter:label1\" content=\"Dur\u00e9e de lecture estim\u00e9e\" \/>\n\t<meta name=\"twitter:data1\" content=\"1 minute\" \/>\n<script type=\"application\/ld+json\" class=\"yoast-schema-graph\">{\"@context\":\"https:\\\/\\\/schema.org\",\"@graph\":[{\"@type\":\"WebPage\",\"@id\":\"https:\\\/\\\/www.about-office.it\\\/fr\\\/telechargement\\\/\",\"url\":\"https:\\\/\\\/www.about-office.it\\\/fr\\\/telechargement\\\/\",\"name\":\"T\u00e9l\u00e9chargement - About Office\",\"isPartOf\":{\"@id\":\"https:\\\/\\\/www.about-office.it\\\/fr\\\/#website\"},\"datePublished\":\"2019-02-05T10:57:34+00:00\",\"dateModified\":\"2026-02-24T08:23:28+00:00\",\"description\":\"T\u00e9l\u00e9chargez les catalogues, certifications et informations utiles sur les produits About Office, et bien d'autres choses encore.\",\"breadcrumb\":{\"@id\":\"https:\\\/\\\/www.about-office.it\\\/fr\\\/telechargement\\\/#breadcrumb\"},\"inLanguage\":\"fr-FR\",\"potentialAction\":[{\"@type\":\"ReadAction\",\"target\":[\"https:\\\/\\\/www.about-office.it\\\/fr\\\/telechargement\\\/\"]}]},{\"@type\":\"BreadcrumbList\",\"@id\":\"https:\\\/\\\/www.about-office.it\\\/fr\\\/telechargement\\\/#breadcrumb\",\"itemListElement\":[{\"@type\":\"ListItem\",\"position\":1,\"name\":\"Home\",\"item\":\"https:\\\/\\\/www.about-office.it\\\/fr\\\/\"},{\"@type\":\"ListItem\",\"position\":2,\"name\":\"T\u00e9l\u00e9chargement\"}]},{\"@type\":\"WebSite\",\"@id\":\"https:\\\/\\\/www.about-office.it\\\/fr\\\/#website\",\"url\":\"https:\\\/\\\/www.about-office.it\\\/fr\\\/\",\"name\":\"About Office\",\"description\":\"\",\"potentialAction\":[{\"@type\":\"SearchAction\",\"target\":{\"@type\":\"EntryPoint\",\"urlTemplate\":\"https:\\\/\\\/www.about-office.it\\\/fr\\\/?s={search_term_string}\"},\"query-input\":{\"@type\":\"PropertyValueSpecification\",\"valueRequired\":true,\"valueName\":\"search_term_string\"}}],\"inLanguage\":\"fr-FR\"}]}<\/script>\n<!-- \/ Yoast SEO plugin. -->","yoast_head_json":{"title":"T\u00e9l\u00e9chargement - About Office","description":"T\u00e9l\u00e9chargez les catalogues, certifications et informations utiles sur les produits About Office, et bien d'autres choses encore.","robots":{"index":"index","follow":"follow","max-snippet":"max-snippet:-1","max-image-preview":"max-image-preview:large","max-video-preview":"max-video-preview:-1"},"canonical":"https:\/\/www.about-office.it\/fr\/telechargement\/","og_locale":"fr_FR","og_type":"article","og_title":"T\u00e9l\u00e9chargement - About Office","og_description":"T\u00e9l\u00e9chargez les catalogues, certifications et informations utiles sur les produits About Office, et bien d'autres choses encore.","og_url":"https:\/\/www.about-office.it\/fr\/telechargement\/","og_site_name":"About Office","article_modified_time":"2026-02-24T08:23:28+00:00","twitter_card":"summary_large_image","twitter_misc":{"Dur\u00e9e de lecture estim\u00e9e":"1 minute"},"schema":{"@context":"https:\/\/schema.org","@graph":[{"@type":"WebPage","@id":"https:\/\/www.about-office.it\/fr\/telechargement\/","url":"https:\/\/www.about-office.it\/fr\/telechargement\/","name":"T\u00e9l\u00e9chargement - About Office","isPartOf":{"@id":"https:\/\/www.about-office.it\/fr\/#website"},"datePublished":"2019-02-05T10:57:34+00:00","dateModified":"2026-02-24T08:23:28+00:00","description":"T\u00e9l\u00e9chargez les catalogues, certifications et informations utiles sur les produits About Office, et bien d'autres choses encore.","breadcrumb":{"@id":"https:\/\/www.about-office.it\/fr\/telechargement\/#breadcrumb"},"inLanguage":"fr-FR","potentialAction":[{"@type":"ReadAction","target":["https:\/\/www.about-office.it\/fr\/telechargement\/"]}]},{"@type":"BreadcrumbList","@id":"https:\/\/www.about-office.it\/fr\/telechargement\/#breadcrumb","itemListElement":[{"@type":"ListItem","position":1,"name":"Home","item":"https:\/\/www.about-office.it\/fr\/"},{"@type":"ListItem","position":2,"name":"T\u00e9l\u00e9chargement"}]},{"@type":"WebSite","@id":"https:\/\/www.about-office.it\/fr\/#website","url":"https:\/\/www.about-office.it\/fr\/","name":"About Office","description":"","potentialAction":[{"@type":"SearchAction","target":{"@type":"EntryPoint","urlTemplate":"https:\/\/www.about-office.it\/fr\/?s={search_term_string}"},"query-input":{"@type":"PropertyValueSpecification","valueRequired":true,"valueName":"search_term_string"}}],"inLanguage":"fr-FR"}]}},"_links":{"self":[{"href":"https:\/\/www.about-office.it\/fr\/wp-json\/wp\/v2\/pages\/2705","targetHints":{"allow":["GET"]}}],"collection":[{"href":"https:\/\/www.about-office.it\/fr\/wp-json\/wp\/v2\/pages"}],"about":[{"href":"https:\/\/www.about-office.it\/fr\/wp-json\/wp\/v2\/types\/page"}],"author":[{"embeddable":true,"href":"https:\/\/www.about-office.it\/fr\/wp-json\/wp\/v2\/users\/2"}],"replies":[{"embeddable":true,"href":"https:\/\/www.about-office.it\/fr\/wp-json\/wp\/v2\/comments?post=2705"}],"version-history":[{"count":16,"href":"https:\/\/www.about-office.it\/fr\/wp-json\/wp\/v2\/pages\/2705\/revisions"}],"predecessor-version":[{"id":16519,"href":"https:\/\/www.about-office.it\/fr\/wp-json\/wp\/v2\/pages\/2705\/revisions\/16519"}],"wp:attachment":[{"href":"https:\/\/www.about-office.it\/fr\/wp-json\/wp\/v2\/media?parent=2705"}],"curies":[{"name":"wp","href":"https:\/\/api.w.org\/{rel}","templated":true}]}}