{"id":2694,"date":"2019-02-05T11:57:01","date_gmt":"2019-02-05T10:57:01","guid":{"rendered":"https:\/\/www.about-office.it\/azienda\/"},"modified":"2020-04-02T15:58:21","modified_gmt":"2020-04-02T13:58:21","slug":"lentreprise","status":"publish","type":"page","link":"https:\/\/www.about-office.it\/fr\/lentreprise\/","title":{"rendered":"L\u2019Entreprise"},"content":{"rendered":"<p>About Office est la marque de meubles de bureau de <a style=\"color: #db0035; font-weight: 500;\" href=\"https:\/\/www.mobilpref.it\/\" target=\"_blank\" rel=\"noopener noreferrer\">MOBILPREF SpA<\/a>, entreprise active depuis 1982 dans la production de composants pour le secteur de l\u2019ameublement, d\u00e9velopp\u00e9e dans deux \u00e9tablissements de plus de 15 000 m2 couverts et employant plus de 40 personnes.<br \/>\nC\u2019est en 2008 que la marque About Office, forte d\u2019une structure hautement professionnelle, agile et solide telle que celle de Mobilpref, a fait son entr\u00e9e sur le march\u00e9 de l\u2019ameublement de bureau, r\u00e9pondant de mani\u00e8re efficace et efficiente aux demandes constantes d\u2019innovation et de design.<br \/>\nLa marque se distingue par le vaste choix propos\u00e9 par ses collections, par le soin des d\u00e9tails et par les comp\u00e9tences techniques employ\u00e9es dans la r\u00e9alisation des meubles de bureau. Qualit\u00e9 et comp\u00e9tence \u00e0 des prix comp\u00e9titifs.<\/p>\n","protected":false},"excerpt":{"rendered":"<p>About Office est la marque de meubles de bureau de MOBILPREF SpA, entreprise active depuis 1982 dans la production de composants pour le secteur de l\u2019ameublement, d\u00e9velopp\u00e9e dans deux \u00e9tablissements de plus de 15 000 m2 couverts et employant plus de 40 personnes. C\u2019est en 2008 que la marque About Office, forte d\u2019une structure hautement [&#8230;]<\/p>\n<p><a class=\"btn btn-secondary understrap-read-more-link\" href=\"https:\/\/www.about-office.it\/fr\/lentreprise\/\">Lire la suite\u2026<span class=\"screen-reader-text\"> from L\u2019Entreprise<\/span><\/a><\/p>\n","protected":false},"author":2,"featured_media":689,"parent":0,"menu_order":0,"comment_status":"closed","ping_status":"closed","template":"page-about.php","meta":{"_acf_changed":false,"footnotes":""},"class_list":["post-2694","page","type-page","status-publish","has-post-thumbnail","hentry"],"acf":[],"yoast_head":"<!-- This site is optimized with the Yoast SEO plugin v27.4 - https:\/\/yoast.com\/product\/yoast-seo-wordpress\/ -->\n<title>L\u2019Entreprise - About Office<\/title>\n<meta name=\"description\" content=\"About Office est sp\u00e9cialis\u00e9e dans la r\u00e9alisation de collections et solutions pour le bureau. Notre philosophie : allier caract\u00e8re, tradition et originalit\u00e9.\" \/>\n<meta name=\"robots\" content=\"index, follow, max-snippet:-1, max-image-preview:large, max-video-preview:-1\" \/>\n<link rel=\"canonical\" href=\"https:\/\/www.about-office.it\/fr\/lentreprise\/\" \/>\n<meta property=\"og:locale\" content=\"fr_FR\" \/>\n<meta property=\"og:type\" content=\"article\" \/>\n<meta property=\"og:title\" content=\"L\u2019Entreprise - About Office\" \/>\n<meta property=\"og:description\" content=\"About Office est sp\u00e9cialis\u00e9e dans la r\u00e9alisation de collections et solutions pour le bureau. Notre philosophie : allier caract\u00e8re, tradition et originalit\u00e9.\" \/>\n<meta property=\"og:url\" content=\"https:\/\/www.about-office.it\/fr\/lentreprise\/\" \/>\n<meta property=\"og:site_name\" content=\"About Office\" \/>\n<meta property=\"article:modified_time\" content=\"2020-04-02T13:58:21+00:00\" \/>\n<meta property=\"og:image\" content=\"https:\/\/www.about-office.it\/wp-content\/uploads\/2019\/02\/about-office-azienda_1920_opt.jpg\" \/>\n\t<meta property=\"og:image:width\" content=\"1920\" \/>\n\t<meta property=\"og:image:height\" content=\"1439\" \/>\n\t<meta property=\"og:image:type\" content=\"image\/jpeg\" \/>\n<meta name=\"twitter:card\" content=\"summary_large_image\" \/>\n<meta name=\"twitter:label1\" content=\"Dur\u00e9e de lecture estim\u00e9e\" \/>\n\t<meta name=\"twitter:data1\" content=\"1 minute\" \/>\n<script type=\"application\/ld+json\" class=\"yoast-schema-graph\">{\"@context\":\"https:\\\/\\\/schema.org\",\"@graph\":[{\"@type\":\"WebPage\",\"@id\":\"https:\\\/\\\/www.about-office.it\\\/fr\\\/lentreprise\\\/\",\"url\":\"https:\\\/\\\/www.about-office.it\\\/fr\\\/lentreprise\\\/\",\"name\":\"L\u2019Entreprise - About Office\",\"isPartOf\":{\"@id\":\"https:\\\/\\\/www.about-office.it\\\/fr\\\/#website\"},\"primaryImageOfPage\":{\"@id\":\"https:\\\/\\\/www.about-office.it\\\/fr\\\/lentreprise\\\/#primaryimage\"},\"image\":{\"@id\":\"https:\\\/\\\/www.about-office.it\\\/fr\\\/lentreprise\\\/#primaryimage\"},\"thumbnailUrl\":\"https:\\\/\\\/www.about-office.it\\\/wp-content\\\/uploads\\\/2019\\\/02\\\/about-office-azienda_1920_opt.jpg\",\"datePublished\":\"2019-02-05T10:57:01+00:00\",\"dateModified\":\"2020-04-02T13:58:21+00:00\",\"description\":\"About Office est sp\u00e9cialis\u00e9e dans la r\u00e9alisation de collections et solutions pour le bureau. Notre philosophie : allier caract\u00e8re, tradition et originalit\u00e9.\",\"breadcrumb\":{\"@id\":\"https:\\\/\\\/www.about-office.it\\\/fr\\\/lentreprise\\\/#breadcrumb\"},\"inLanguage\":\"fr-FR\",\"potentialAction\":[{\"@type\":\"ReadAction\",\"target\":[\"https:\\\/\\\/www.about-office.it\\\/fr\\\/lentreprise\\\/\"]}]},{\"@type\":\"ImageObject\",\"inLanguage\":\"fr-FR\",\"@id\":\"https:\\\/\\\/www.about-office.it\\\/fr\\\/lentreprise\\\/#primaryimage\",\"url\":\"https:\\\/\\\/www.about-office.it\\\/wp-content\\\/uploads\\\/2019\\\/02\\\/about-office-azienda_1920_opt.jpg\",\"contentUrl\":\"https:\\\/\\\/www.about-office.it\\\/wp-content\\\/uploads\\\/2019\\\/02\\\/about-office-azienda_1920_opt.jpg\",\"width\":1920,\"height\":1439},{\"@type\":\"BreadcrumbList\",\"@id\":\"https:\\\/\\\/www.about-office.it\\\/fr\\\/lentreprise\\\/#breadcrumb\",\"itemListElement\":[{\"@type\":\"ListItem\",\"position\":1,\"name\":\"Home\",\"item\":\"https:\\\/\\\/www.about-office.it\\\/fr\\\/\"},{\"@type\":\"ListItem\",\"position\":2,\"name\":\"L\u2019Entreprise\"}]},{\"@type\":\"WebSite\",\"@id\":\"https:\\\/\\\/www.about-office.it\\\/fr\\\/#website\",\"url\":\"https:\\\/\\\/www.about-office.it\\\/fr\\\/\",\"name\":\"About Office\",\"description\":\"\",\"potentialAction\":[{\"@type\":\"SearchAction\",\"target\":{\"@type\":\"EntryPoint\",\"urlTemplate\":\"https:\\\/\\\/www.about-office.it\\\/fr\\\/?s={search_term_string}\"},\"query-input\":{\"@type\":\"PropertyValueSpecification\",\"valueRequired\":true,\"valueName\":\"search_term_string\"}}],\"inLanguage\":\"fr-FR\"}]}<\/script>\n<!-- \/ Yoast SEO plugin. -->","yoast_head_json":{"title":"L\u2019Entreprise - About Office","description":"About Office est sp\u00e9cialis\u00e9e dans la r\u00e9alisation de collections et solutions pour le bureau. Notre philosophie : allier caract\u00e8re, tradition et originalit\u00e9.","robots":{"index":"index","follow":"follow","max-snippet":"max-snippet:-1","max-image-preview":"max-image-preview:large","max-video-preview":"max-video-preview:-1"},"canonical":"https:\/\/www.about-office.it\/fr\/lentreprise\/","og_locale":"fr_FR","og_type":"article","og_title":"L\u2019Entreprise - About Office","og_description":"About Office est sp\u00e9cialis\u00e9e dans la r\u00e9alisation de collections et solutions pour le bureau. Notre philosophie : allier caract\u00e8re, tradition et originalit\u00e9.","og_url":"https:\/\/www.about-office.it\/fr\/lentreprise\/","og_site_name":"About Office","article_modified_time":"2020-04-02T13:58:21+00:00","og_image":[{"width":1920,"height":1439,"url":"https:\/\/www.about-office.it\/wp-content\/uploads\/2019\/02\/about-office-azienda_1920_opt.jpg","type":"image\/jpeg"}],"twitter_card":"summary_large_image","twitter_misc":{"Dur\u00e9e de lecture estim\u00e9e":"1 minute"},"schema":{"@context":"https:\/\/schema.org","@graph":[{"@type":"WebPage","@id":"https:\/\/www.about-office.it\/fr\/lentreprise\/","url":"https:\/\/www.about-office.it\/fr\/lentreprise\/","name":"L\u2019Entreprise - About Office","isPartOf":{"@id":"https:\/\/www.about-office.it\/fr\/#website"},"primaryImageOfPage":{"@id":"https:\/\/www.about-office.it\/fr\/lentreprise\/#primaryimage"},"image":{"@id":"https:\/\/www.about-office.it\/fr\/lentreprise\/#primaryimage"},"thumbnailUrl":"https:\/\/www.about-office.it\/wp-content\/uploads\/2019\/02\/about-office-azienda_1920_opt.jpg","datePublished":"2019-02-05T10:57:01+00:00","dateModified":"2020-04-02T13:58:21+00:00","description":"About Office est sp\u00e9cialis\u00e9e dans la r\u00e9alisation de collections et solutions pour le bureau. Notre philosophie : allier caract\u00e8re, tradition et originalit\u00e9.","breadcrumb":{"@id":"https:\/\/www.about-office.it\/fr\/lentreprise\/#breadcrumb"},"inLanguage":"fr-FR","potentialAction":[{"@type":"ReadAction","target":["https:\/\/www.about-office.it\/fr\/lentreprise\/"]}]},{"@type":"ImageObject","inLanguage":"fr-FR","@id":"https:\/\/www.about-office.it\/fr\/lentreprise\/#primaryimage","url":"https:\/\/www.about-office.it\/wp-content\/uploads\/2019\/02\/about-office-azienda_1920_opt.jpg","contentUrl":"https:\/\/www.about-office.it\/wp-content\/uploads\/2019\/02\/about-office-azienda_1920_opt.jpg","width":1920,"height":1439},{"@type":"BreadcrumbList","@id":"https:\/\/www.about-office.it\/fr\/lentreprise\/#breadcrumb","itemListElement":[{"@type":"ListItem","position":1,"name":"Home","item":"https:\/\/www.about-office.it\/fr\/"},{"@type":"ListItem","position":2,"name":"L\u2019Entreprise"}]},{"@type":"WebSite","@id":"https:\/\/www.about-office.it\/fr\/#website","url":"https:\/\/www.about-office.it\/fr\/","name":"About Office","description":"","potentialAction":[{"@type":"SearchAction","target":{"@type":"EntryPoint","urlTemplate":"https:\/\/www.about-office.it\/fr\/?s={search_term_string}"},"query-input":{"@type":"PropertyValueSpecification","valueRequired":true,"valueName":"search_term_string"}}],"inLanguage":"fr-FR"}]}},"_links":{"self":[{"href":"https:\/\/www.about-office.it\/fr\/wp-json\/wp\/v2\/pages\/2694","targetHints":{"allow":["GET"]}}],"collection":[{"href":"https:\/\/www.about-office.it\/fr\/wp-json\/wp\/v2\/pages"}],"about":[{"href":"https:\/\/www.about-office.it\/fr\/wp-json\/wp\/v2\/types\/page"}],"author":[{"embeddable":true,"href":"https:\/\/www.about-office.it\/fr\/wp-json\/wp\/v2\/users\/2"}],"replies":[{"embeddable":true,"href":"https:\/\/www.about-office.it\/fr\/wp-json\/wp\/v2\/comments?post=2694"}],"version-history":[{"count":5,"href":"https:\/\/www.about-office.it\/fr\/wp-json\/wp\/v2\/pages\/2694\/revisions"}],"predecessor-version":[{"id":7737,"href":"https:\/\/www.about-office.it\/fr\/wp-json\/wp\/v2\/pages\/2694\/revisions\/7737"}],"wp:featuredmedia":[{"embeddable":true,"href":"https:\/\/www.about-office.it\/fr\/wp-json\/wp\/v2\/media\/689"}],"wp:attachment":[{"href":"https:\/\/www.about-office.it\/fr\/wp-json\/wp\/v2\/media?parent=2694"}],"curies":[{"name":"wp","href":"https:\/\/api.w.org\/{rel}","templated":true}]}}