{"id":16287,"date":"2025-01-08T09:57:35","date_gmt":"2025-01-08T08:57:35","guid":{"rendered":"https:\/\/www.about-office.it\/produits\/funny-2019\/yes-soft\/"},"modified":"2025-01-08T11:02:43","modified_gmt":"2025-01-08T10:02:43","slug":"yes-soft","status":"publish","type":"page","link":"https:\/\/www.about-office.it\/fr\/produits\/funny-2019\/yes-soft\/","title":{"rendered":"YES SOFT"},"content":{"rendered":"","protected":false},"excerpt":{"rendered":"<p> [&#8230;]<\/p>\n<p><a class=\"btn btn-secondary understrap-read-more-link\" href=\"https:\/\/www.about-office.it\/fr\/produits\/funny-2019\/yes-soft\/\">Lire la suite\u2026<span class=\"screen-reader-text\"> from YES SOFT<\/span><\/a><\/p>\n","protected":false},"author":4,"featured_media":15935,"parent":7019,"menu_order":36,"comment_status":"closed","ping_status":"closed","template":"page-product_detail.php","meta":{"_acf_changed":false,"footnotes":""},"class_list":["post-16287","page","type-page","status-publish","has-post-thumbnail","hentry"],"acf":[],"yoast_head":"<!-- This site is optimized with the Yoast SEO plugin v27.4 - https:\/\/yoast.com\/product\/yoast-seo-wordpress\/ -->\n<title>YES SOFT - About Office<\/title>\n<meta name=\"description\" content=\"Le bureau YES SOFT s\u2019impose par son \u00e9l\u00e9gance extraordinaire, gr\u00e2ce \u00e0 un plateau raffin\u00e9 aux bords arrondis et une structure en chevalet recherch\u00e9e.\" \/>\n<meta name=\"robots\" content=\"index, follow, max-snippet:-1, max-image-preview:large, max-video-preview:-1\" \/>\n<link rel=\"canonical\" href=\"https:\/\/www.about-office.it\/fr\/produits\/funny-2019\/yes-soft\/\" \/>\n<meta property=\"og:locale\" content=\"fr_FR\" \/>\n<meta property=\"og:type\" content=\"article\" \/>\n<meta property=\"og:title\" content=\"YES SOFT - About Office\" \/>\n<meta property=\"og:description\" content=\"Le bureau YES SOFT s\u2019impose par son \u00e9l\u00e9gance extraordinaire, gr\u00e2ce \u00e0 un plateau raffin\u00e9 aux bords arrondis et une structure en chevalet recherch\u00e9e.\" \/>\n<meta property=\"og:url\" content=\"https:\/\/www.about-office.it\/fr\/produits\/funny-2019\/yes-soft\/\" \/>\n<meta property=\"og:site_name\" content=\"About Office\" \/>\n<meta property=\"article:modified_time\" content=\"2025-01-08T10:02:43+00:00\" \/>\n<meta property=\"og:image\" content=\"https:\/\/www.about-office.it\/wp-content\/uploads\/2024\/12\/FYes_06.jpg\" \/>\n\t<meta property=\"og:image:width\" content=\"1979\" \/>\n\t<meta property=\"og:image:height\" content=\"2000\" \/>\n\t<meta property=\"og:image:type\" content=\"image\/jpeg\" \/>\n<meta name=\"twitter:card\" content=\"summary_large_image\" \/>\n<meta name=\"twitter:label1\" content=\"Dur\u00e9e de lecture estim\u00e9e\" \/>\n\t<meta name=\"twitter:data1\" content=\"1 minute\" \/>\n<script type=\"application\/ld+json\" class=\"yoast-schema-graph\">{\"@context\":\"https:\\\/\\\/schema.org\",\"@graph\":[{\"@type\":\"WebPage\",\"@id\":\"https:\\\/\\\/www.about-office.it\\\/fr\\\/produits\\\/funny-2019\\\/yes-soft\\\/\",\"url\":\"https:\\\/\\\/www.about-office.it\\\/fr\\\/produits\\\/funny-2019\\\/yes-soft\\\/\",\"name\":\"YES SOFT - About Office\",\"isPartOf\":{\"@id\":\"https:\\\/\\\/www.about-office.it\\\/fr\\\/#website\"},\"primaryImageOfPage\":{\"@id\":\"https:\\\/\\\/www.about-office.it\\\/fr\\\/produits\\\/funny-2019\\\/yes-soft\\\/#primaryimage\"},\"image\":{\"@id\":\"https:\\\/\\\/www.about-office.it\\\/fr\\\/produits\\\/funny-2019\\\/yes-soft\\\/#primaryimage\"},\"thumbnailUrl\":\"https:\\\/\\\/www.about-office.it\\\/wp-content\\\/uploads\\\/2024\\\/12\\\/FYes_06.jpg\",\"datePublished\":\"2025-01-08T08:57:35+00:00\",\"dateModified\":\"2025-01-08T10:02:43+00:00\",\"description\":\"Le bureau YES SOFT s\u2019impose par son \u00e9l\u00e9gance extraordinaire, gr\u00e2ce \u00e0 un plateau raffin\u00e9 aux bords arrondis et une structure en chevalet recherch\u00e9e.\",\"breadcrumb\":{\"@id\":\"https:\\\/\\\/www.about-office.it\\\/fr\\\/produits\\\/funny-2019\\\/yes-soft\\\/#breadcrumb\"},\"inLanguage\":\"fr-FR\",\"potentialAction\":[{\"@type\":\"ReadAction\",\"target\":[\"https:\\\/\\\/www.about-office.it\\\/fr\\\/produits\\\/funny-2019\\\/yes-soft\\\/\"]}]},{\"@type\":\"ImageObject\",\"inLanguage\":\"fr-FR\",\"@id\":\"https:\\\/\\\/www.about-office.it\\\/fr\\\/produits\\\/funny-2019\\\/yes-soft\\\/#primaryimage\",\"url\":\"https:\\\/\\\/www.about-office.it\\\/wp-content\\\/uploads\\\/2024\\\/12\\\/FYes_06.jpg\",\"contentUrl\":\"https:\\\/\\\/www.about-office.it\\\/wp-content\\\/uploads\\\/2024\\\/12\\\/FYes_06.jpg\",\"width\":1979,\"height\":2000},{\"@type\":\"BreadcrumbList\",\"@id\":\"https:\\\/\\\/www.about-office.it\\\/fr\\\/produits\\\/funny-2019\\\/yes-soft\\\/#breadcrumb\",\"itemListElement\":[{\"@type\":\"ListItem\",\"position\":1,\"name\":\"Home\",\"item\":\"https:\\\/\\\/www.about-office.it\\\/fr\\\/\"},{\"@type\":\"ListItem\",\"position\":2,\"name\":\"Produits\",\"item\":\"https:\\\/\\\/www.about-office.it\\\/fr\\\/produits\\\/\"},{\"@type\":\"ListItem\",\"position\":3,\"name\":\"Funny 2019\",\"item\":\"https:\\\/\\\/www.about-office.it\\\/fr\\\/produits\\\/funny-2019\\\/\"},{\"@type\":\"ListItem\",\"position\":4,\"name\":\"YES SOFT\"}]},{\"@type\":\"WebSite\",\"@id\":\"https:\\\/\\\/www.about-office.it\\\/fr\\\/#website\",\"url\":\"https:\\\/\\\/www.about-office.it\\\/fr\\\/\",\"name\":\"About Office\",\"description\":\"\",\"potentialAction\":[{\"@type\":\"SearchAction\",\"target\":{\"@type\":\"EntryPoint\",\"urlTemplate\":\"https:\\\/\\\/www.about-office.it\\\/fr\\\/?s={search_term_string}\"},\"query-input\":{\"@type\":\"PropertyValueSpecification\",\"valueRequired\":true,\"valueName\":\"search_term_string\"}}],\"inLanguage\":\"fr-FR\"}]}<\/script>\n<!-- \/ Yoast SEO plugin. -->","yoast_head_json":{"title":"YES SOFT - About Office","description":"Le bureau YES SOFT s\u2019impose par son \u00e9l\u00e9gance extraordinaire, gr\u00e2ce \u00e0 un plateau raffin\u00e9 aux bords arrondis et une structure en chevalet recherch\u00e9e.","robots":{"index":"index","follow":"follow","max-snippet":"max-snippet:-1","max-image-preview":"max-image-preview:large","max-video-preview":"max-video-preview:-1"},"canonical":"https:\/\/www.about-office.it\/fr\/produits\/funny-2019\/yes-soft\/","og_locale":"fr_FR","og_type":"article","og_title":"YES SOFT - About Office","og_description":"Le bureau YES SOFT s\u2019impose par son \u00e9l\u00e9gance extraordinaire, gr\u00e2ce \u00e0 un plateau raffin\u00e9 aux bords arrondis et une structure en chevalet recherch\u00e9e.","og_url":"https:\/\/www.about-office.it\/fr\/produits\/funny-2019\/yes-soft\/","og_site_name":"About Office","article_modified_time":"2025-01-08T10:02:43+00:00","og_image":[{"width":1979,"height":2000,"url":"https:\/\/www.about-office.it\/wp-content\/uploads\/2024\/12\/FYes_06.jpg","type":"image\/jpeg"}],"twitter_card":"summary_large_image","twitter_misc":{"Dur\u00e9e de lecture estim\u00e9e":"1 minute"},"schema":{"@context":"https:\/\/schema.org","@graph":[{"@type":"WebPage","@id":"https:\/\/www.about-office.it\/fr\/produits\/funny-2019\/yes-soft\/","url":"https:\/\/www.about-office.it\/fr\/produits\/funny-2019\/yes-soft\/","name":"YES SOFT - About Office","isPartOf":{"@id":"https:\/\/www.about-office.it\/fr\/#website"},"primaryImageOfPage":{"@id":"https:\/\/www.about-office.it\/fr\/produits\/funny-2019\/yes-soft\/#primaryimage"},"image":{"@id":"https:\/\/www.about-office.it\/fr\/produits\/funny-2019\/yes-soft\/#primaryimage"},"thumbnailUrl":"https:\/\/www.about-office.it\/wp-content\/uploads\/2024\/12\/FYes_06.jpg","datePublished":"2025-01-08T08:57:35+00:00","dateModified":"2025-01-08T10:02:43+00:00","description":"Le bureau YES SOFT s\u2019impose par son \u00e9l\u00e9gance extraordinaire, gr\u00e2ce \u00e0 un plateau raffin\u00e9 aux bords arrondis et une structure en chevalet recherch\u00e9e.","breadcrumb":{"@id":"https:\/\/www.about-office.it\/fr\/produits\/funny-2019\/yes-soft\/#breadcrumb"},"inLanguage":"fr-FR","potentialAction":[{"@type":"ReadAction","target":["https:\/\/www.about-office.it\/fr\/produits\/funny-2019\/yes-soft\/"]}]},{"@type":"ImageObject","inLanguage":"fr-FR","@id":"https:\/\/www.about-office.it\/fr\/produits\/funny-2019\/yes-soft\/#primaryimage","url":"https:\/\/www.about-office.it\/wp-content\/uploads\/2024\/12\/FYes_06.jpg","contentUrl":"https:\/\/www.about-office.it\/wp-content\/uploads\/2024\/12\/FYes_06.jpg","width":1979,"height":2000},{"@type":"BreadcrumbList","@id":"https:\/\/www.about-office.it\/fr\/produits\/funny-2019\/yes-soft\/#breadcrumb","itemListElement":[{"@type":"ListItem","position":1,"name":"Home","item":"https:\/\/www.about-office.it\/fr\/"},{"@type":"ListItem","position":2,"name":"Produits","item":"https:\/\/www.about-office.it\/fr\/produits\/"},{"@type":"ListItem","position":3,"name":"Funny 2019","item":"https:\/\/www.about-office.it\/fr\/produits\/funny-2019\/"},{"@type":"ListItem","position":4,"name":"YES SOFT"}]},{"@type":"WebSite","@id":"https:\/\/www.about-office.it\/fr\/#website","url":"https:\/\/www.about-office.it\/fr\/","name":"About Office","description":"","potentialAction":[{"@type":"SearchAction","target":{"@type":"EntryPoint","urlTemplate":"https:\/\/www.about-office.it\/fr\/?s={search_term_string}"},"query-input":{"@type":"PropertyValueSpecification","valueRequired":true,"valueName":"search_term_string"}}],"inLanguage":"fr-FR"}]}},"_links":{"self":[{"href":"https:\/\/www.about-office.it\/fr\/wp-json\/wp\/v2\/pages\/16287","targetHints":{"allow":["GET"]}}],"collection":[{"href":"https:\/\/www.about-office.it\/fr\/wp-json\/wp\/v2\/pages"}],"about":[{"href":"https:\/\/www.about-office.it\/fr\/wp-json\/wp\/v2\/types\/page"}],"author":[{"embeddable":true,"href":"https:\/\/www.about-office.it\/fr\/wp-json\/wp\/v2\/users\/4"}],"replies":[{"embeddable":true,"href":"https:\/\/www.about-office.it\/fr\/wp-json\/wp\/v2\/comments?post=16287"}],"version-history":[{"count":1,"href":"https:\/\/www.about-office.it\/fr\/wp-json\/wp\/v2\/pages\/16287\/revisions"}],"predecessor-version":[{"id":16288,"href":"https:\/\/www.about-office.it\/fr\/wp-json\/wp\/v2\/pages\/16287\/revisions\/16288"}],"up":[{"embeddable":true,"href":"https:\/\/www.about-office.it\/fr\/wp-json\/wp\/v2\/pages\/7019"}],"wp:featuredmedia":[{"embeddable":true,"href":"https:\/\/www.about-office.it\/fr\/wp-json\/wp\/v2\/media\/15935"}],"wp:attachment":[{"href":"https:\/\/www.about-office.it\/fr\/wp-json\/wp\/v2\/media?parent=16287"}],"curies":[{"name":"wp","href":"https:\/\/api.w.org\/{rel}","templated":true}]}}