{"id":11743,"date":"2022-03-28T17:00:21","date_gmt":"2022-03-28T15:00:21","guid":{"rendered":"https:\/\/www.about-office.it\/produits\/bold58\/"},"modified":"2022-03-29T09:04:17","modified_gmt":"2022-03-29T07:04:17","slug":"bold58","status":"publish","type":"page","link":"https:\/\/www.about-office.it\/fr\/produits\/bold58\/","title":{"rendered":"BOLD58"},"content":{"rendered":"<p>Design et confort se combinent pour un environnement de travail agr\u00e9able et intrigant qui ne veut pas renoncer \u00e0 l\u2019\u00e9l\u00e9gance des formes et des couleurs. C\u2019est l\u2019esprit de la collection BOLD58, une collection de prestige con\u00e7ue pour des espaces contemporains et raffin\u00e9s. Les \u00e9l\u00e9ments d\u2019ameublement racontent une fonctionnalit\u00e9 et une cr\u00e9ativit\u00e9 toute \u00e0 vivre : des jeux de volumes dynamiques et jamais conventionnels se conjuguent au soin du d\u00e9tail et \u00e0 la praticit\u00e9, pour se plonger dans une atmosph\u00e8re fine et accueillante. Le plan de travail du bureau, avec un \u00e9paisseur importante, est l\u2019\u00e9l\u00e9ment focal du mobilier, autour duquel se d\u00e9veloppent harmonieusement tous les autres \u00e9l\u00e9ments, dans un entrelacement rationnel de volumes horizontaux et verticaux et de combinaisons de pleins et de vides : les caissons, les meubles de service, les extensions du plateau vont encadrer un poste \u00e0 chaque fois neuf. L\u2019effet suspendu du plateau, gr\u00e2ce au support en verre, conf\u00e8re l\u00e9g\u00e8ret\u00e9 et gr\u00e2ce \u00e0 l\u2019\u00e9l\u00e9ment de bureau, combin\u00e9 \u00e0 des finitions en essence, teinte unie et au m\u00e9tal.<\/p>\n","protected":false},"excerpt":{"rendered":"<p>Design et confort se combinent pour un environnement de travail agr\u00e9able et intrigant qui ne veut pas renoncer \u00e0 l\u2019\u00e9l\u00e9gance des formes et des couleurs. C\u2019est l\u2019esprit de la collection BOLD58, une collection de prestige con\u00e7ue pour des espaces contemporains et raffin\u00e9s. Les \u00e9l\u00e9ments d\u2019ameublement racontent une fonctionnalit\u00e9 et une cr\u00e9ativit\u00e9 toute \u00e0 vivre : [&#8230;]<\/p>\n<p><a class=\"btn btn-secondary understrap-read-more-link\" href=\"https:\/\/www.about-office.it\/fr\/produits\/bold58\/\">Lire la suite\u2026<span class=\"screen-reader-text\"> from BOLD58<\/span><\/a><\/p>\n","protected":false},"author":4,"featured_media":11657,"parent":2713,"menu_order":44,"comment_status":"closed","ping_status":"closed","template":"page-product_detail_mod.php","meta":{"_acf_changed":false,"footnotes":""},"class_list":["post-11743","page","type-page","status-publish","has-post-thumbnail","hentry"],"acf":[],"yoast_head":"<!-- This site is optimized with the Yoast SEO plugin v27.4 - https:\/\/yoast.com\/product\/yoast-seo-wordpress\/ -->\n<title>BOLD58 - About Office<\/title>\n<meta name=\"description\" content=\"Une collection de prestige con\u00e7ue pour des espaces contemporains et raffin\u00e9s. Des jeux de volumes se conjuguent au soin du d\u00e9tail et \u00e0 la praticit\u00e9.\" \/>\n<meta name=\"robots\" content=\"index, follow, max-snippet:-1, max-image-preview:large, max-video-preview:-1\" \/>\n<link rel=\"canonical\" href=\"https:\/\/www.about-office.it\/fr\/produits\/bold58\/\" \/>\n<meta property=\"og:locale\" content=\"fr_FR\" \/>\n<meta property=\"og:type\" content=\"article\" \/>\n<meta property=\"og:title\" content=\"BOLD58 - About Office\" \/>\n<meta property=\"og:description\" content=\"Une collection de prestige con\u00e7ue pour des espaces contemporains et raffin\u00e9s. Des jeux de volumes se conjuguent au soin du d\u00e9tail et \u00e0 la praticit\u00e9.\" \/>\n<meta property=\"og:url\" content=\"https:\/\/www.about-office.it\/fr\/produits\/bold58\/\" \/>\n<meta property=\"og:site_name\" content=\"About Office\" \/>\n<meta property=\"article:modified_time\" content=\"2022-03-29T07:04:17+00:00\" \/>\n<meta property=\"og:image\" content=\"https:\/\/www.about-office.it\/wp-content\/uploads\/2022\/03\/about-office-bold58-cover-768x432.png\" \/>\n\t<meta property=\"og:image:width\" content=\"768\" \/>\n\t<meta property=\"og:image:height\" content=\"432\" \/>\n\t<meta property=\"og:image:type\" content=\"image\/png\" \/>\n<meta name=\"twitter:card\" content=\"summary_large_image\" \/>\n<meta name=\"twitter:label1\" content=\"Dur\u00e9e de lecture estim\u00e9e\" \/>\n\t<meta name=\"twitter:data1\" content=\"1 minute\" \/>\n<script type=\"application\/ld+json\" class=\"yoast-schema-graph\">{\"@context\":\"https:\\\/\\\/schema.org\",\"@graph\":[{\"@type\":\"WebPage\",\"@id\":\"https:\\\/\\\/www.about-office.it\\\/fr\\\/produits\\\/bold58\\\/\",\"url\":\"https:\\\/\\\/www.about-office.it\\\/fr\\\/produits\\\/bold58\\\/\",\"name\":\"BOLD58 - About Office\",\"isPartOf\":{\"@id\":\"https:\\\/\\\/www.about-office.it\\\/fr\\\/#website\"},\"primaryImageOfPage\":{\"@id\":\"https:\\\/\\\/www.about-office.it\\\/fr\\\/produits\\\/bold58\\\/#primaryimage\"},\"image\":{\"@id\":\"https:\\\/\\\/www.about-office.it\\\/fr\\\/produits\\\/bold58\\\/#primaryimage\"},\"thumbnailUrl\":\"https:\\\/\\\/www.about-office.it\\\/wp-content\\\/uploads\\\/2022\\\/03\\\/about-office-bold58-cover.png\",\"datePublished\":\"2022-03-28T15:00:21+00:00\",\"dateModified\":\"2022-03-29T07:04:17+00:00\",\"description\":\"Une collection de prestige con\u00e7ue pour des espaces contemporains et raffin\u00e9s. Des jeux de volumes se conjuguent au soin du d\u00e9tail et \u00e0 la praticit\u00e9.\",\"breadcrumb\":{\"@id\":\"https:\\\/\\\/www.about-office.it\\\/fr\\\/produits\\\/bold58\\\/#breadcrumb\"},\"inLanguage\":\"fr-FR\",\"potentialAction\":[{\"@type\":\"ReadAction\",\"target\":[\"https:\\\/\\\/www.about-office.it\\\/fr\\\/produits\\\/bold58\\\/\"]}]},{\"@type\":\"ImageObject\",\"inLanguage\":\"fr-FR\",\"@id\":\"https:\\\/\\\/www.about-office.it\\\/fr\\\/produits\\\/bold58\\\/#primaryimage\",\"url\":\"https:\\\/\\\/www.about-office.it\\\/wp-content\\\/uploads\\\/2022\\\/03\\\/about-office-bold58-cover.png\",\"contentUrl\":\"https:\\\/\\\/www.about-office.it\\\/wp-content\\\/uploads\\\/2022\\\/03\\\/about-office-bold58-cover.png\",\"width\":4000,\"height\":2250},{\"@type\":\"BreadcrumbList\",\"@id\":\"https:\\\/\\\/www.about-office.it\\\/fr\\\/produits\\\/bold58\\\/#breadcrumb\",\"itemListElement\":[{\"@type\":\"ListItem\",\"position\":1,\"name\":\"Home\",\"item\":\"https:\\\/\\\/www.about-office.it\\\/fr\\\/\"},{\"@type\":\"ListItem\",\"position\":2,\"name\":\"Produits\",\"item\":\"https:\\\/\\\/www.about-office.it\\\/fr\\\/produits\\\/\"},{\"@type\":\"ListItem\",\"position\":3,\"name\":\"BOLD58\"}]},{\"@type\":\"WebSite\",\"@id\":\"https:\\\/\\\/www.about-office.it\\\/fr\\\/#website\",\"url\":\"https:\\\/\\\/www.about-office.it\\\/fr\\\/\",\"name\":\"About Office\",\"description\":\"\",\"potentialAction\":[{\"@type\":\"SearchAction\",\"target\":{\"@type\":\"EntryPoint\",\"urlTemplate\":\"https:\\\/\\\/www.about-office.it\\\/fr\\\/?s={search_term_string}\"},\"query-input\":{\"@type\":\"PropertyValueSpecification\",\"valueRequired\":true,\"valueName\":\"search_term_string\"}}],\"inLanguage\":\"fr-FR\"}]}<\/script>\n<!-- \/ Yoast SEO plugin. -->","yoast_head_json":{"title":"BOLD58 - About Office","description":"Une collection de prestige con\u00e7ue pour des espaces contemporains et raffin\u00e9s. Des jeux de volumes se conjuguent au soin du d\u00e9tail et \u00e0 la praticit\u00e9.","robots":{"index":"index","follow":"follow","max-snippet":"max-snippet:-1","max-image-preview":"max-image-preview:large","max-video-preview":"max-video-preview:-1"},"canonical":"https:\/\/www.about-office.it\/fr\/produits\/bold58\/","og_locale":"fr_FR","og_type":"article","og_title":"BOLD58 - About Office","og_description":"Une collection de prestige con\u00e7ue pour des espaces contemporains et raffin\u00e9s. Des jeux de volumes se conjuguent au soin du d\u00e9tail et \u00e0 la praticit\u00e9.","og_url":"https:\/\/www.about-office.it\/fr\/produits\/bold58\/","og_site_name":"About Office","article_modified_time":"2022-03-29T07:04:17+00:00","og_image":[{"width":768,"height":432,"url":"https:\/\/www.about-office.it\/wp-content\/uploads\/2022\/03\/about-office-bold58-cover-768x432.png","type":"image\/png"}],"twitter_card":"summary_large_image","twitter_misc":{"Dur\u00e9e de lecture estim\u00e9e":"1 minute"},"schema":{"@context":"https:\/\/schema.org","@graph":[{"@type":"WebPage","@id":"https:\/\/www.about-office.it\/fr\/produits\/bold58\/","url":"https:\/\/www.about-office.it\/fr\/produits\/bold58\/","name":"BOLD58 - About Office","isPartOf":{"@id":"https:\/\/www.about-office.it\/fr\/#website"},"primaryImageOfPage":{"@id":"https:\/\/www.about-office.it\/fr\/produits\/bold58\/#primaryimage"},"image":{"@id":"https:\/\/www.about-office.it\/fr\/produits\/bold58\/#primaryimage"},"thumbnailUrl":"https:\/\/www.about-office.it\/wp-content\/uploads\/2022\/03\/about-office-bold58-cover.png","datePublished":"2022-03-28T15:00:21+00:00","dateModified":"2022-03-29T07:04:17+00:00","description":"Une collection de prestige con\u00e7ue pour des espaces contemporains et raffin\u00e9s. Des jeux de volumes se conjuguent au soin du d\u00e9tail et \u00e0 la praticit\u00e9.","breadcrumb":{"@id":"https:\/\/www.about-office.it\/fr\/produits\/bold58\/#breadcrumb"},"inLanguage":"fr-FR","potentialAction":[{"@type":"ReadAction","target":["https:\/\/www.about-office.it\/fr\/produits\/bold58\/"]}]},{"@type":"ImageObject","inLanguage":"fr-FR","@id":"https:\/\/www.about-office.it\/fr\/produits\/bold58\/#primaryimage","url":"https:\/\/www.about-office.it\/wp-content\/uploads\/2022\/03\/about-office-bold58-cover.png","contentUrl":"https:\/\/www.about-office.it\/wp-content\/uploads\/2022\/03\/about-office-bold58-cover.png","width":4000,"height":2250},{"@type":"BreadcrumbList","@id":"https:\/\/www.about-office.it\/fr\/produits\/bold58\/#breadcrumb","itemListElement":[{"@type":"ListItem","position":1,"name":"Home","item":"https:\/\/www.about-office.it\/fr\/"},{"@type":"ListItem","position":2,"name":"Produits","item":"https:\/\/www.about-office.it\/fr\/produits\/"},{"@type":"ListItem","position":3,"name":"BOLD58"}]},{"@type":"WebSite","@id":"https:\/\/www.about-office.it\/fr\/#website","url":"https:\/\/www.about-office.it\/fr\/","name":"About Office","description":"","potentialAction":[{"@type":"SearchAction","target":{"@type":"EntryPoint","urlTemplate":"https:\/\/www.about-office.it\/fr\/?s={search_term_string}"},"query-input":{"@type":"PropertyValueSpecification","valueRequired":true,"valueName":"search_term_string"}}],"inLanguage":"fr-FR"}]}},"_links":{"self":[{"href":"https:\/\/www.about-office.it\/fr\/wp-json\/wp\/v2\/pages\/11743","targetHints":{"allow":["GET"]}}],"collection":[{"href":"https:\/\/www.about-office.it\/fr\/wp-json\/wp\/v2\/pages"}],"about":[{"href":"https:\/\/www.about-office.it\/fr\/wp-json\/wp\/v2\/types\/page"}],"author":[{"embeddable":true,"href":"https:\/\/www.about-office.it\/fr\/wp-json\/wp\/v2\/users\/4"}],"replies":[{"embeddable":true,"href":"https:\/\/www.about-office.it\/fr\/wp-json\/wp\/v2\/comments?post=11743"}],"version-history":[{"count":2,"href":"https:\/\/www.about-office.it\/fr\/wp-json\/wp\/v2\/pages\/11743\/revisions"}],"predecessor-version":[{"id":11745,"href":"https:\/\/www.about-office.it\/fr\/wp-json\/wp\/v2\/pages\/11743\/revisions\/11745"}],"up":[{"embeddable":true,"href":"https:\/\/www.about-office.it\/fr\/wp-json\/wp\/v2\/pages\/2713"}],"wp:featuredmedia":[{"embeddable":true,"href":"https:\/\/www.about-office.it\/fr\/wp-json\/wp\/v2\/media\/11657"}],"wp:attachment":[{"href":"https:\/\/www.about-office.it\/fr\/wp-json\/wp\/v2\/media?parent=11743"}],"curies":[{"name":"wp","href":"https:\/\/api.w.org\/{rel}","templated":true}]}}