{"id":8810,"date":"2021-03-15T16:21:45","date_gmt":"2021-03-15T15:21:45","guid":{"rendered":"https:\/\/www.about-office.it\/?page_id=8810"},"modified":"2021-03-15T16:21:45","modified_gmt":"2021-03-15T15:21:45","slug":"hype","status":"publish","type":"page","link":"https:\/\/www.about-office.it\/es\/productos\/hype\/","title":{"rendered":"Hype"},"content":{"rendered":"<p>Una oficina, infinitas perspectivas. HYPE redefine el entorno de la oficina con una l\u00ednea completa estudiada en detalle: Desde estaciones de trabajo ejecutivas hasta salas de reuniones, desde \u00e1reas de recepci\u00f3n hasta muebles de almacenamiento. La estructura de aluminio del escritorio, fruto de un dise\u00f1o minimalista y esencial, se ve reforzada por las preciosas variantes de la encimera: melamina, lacada, chapada, cristal, piel o Laminam\u00ae. Hay dos tipos de estructuras disponibles: estructura de secci\u00f3n triangular en aluminio o estructura pentagonal que incluye una cubierta personalizable en 2 materiales diferentes y numerosos acabados. Una combinaci\u00f3n de prestigio y tecnolog\u00eda para adaptarse a cualquier estilo arquitect\u00f3nico: minimalista y moderno, cl\u00e1sico chic, sofisticado y refinado.<\/p>\n","protected":false},"excerpt":{"rendered":"<p>Una oficina, infinitas perspectivas. HYPE redefine el entorno de la oficina con una l\u00ednea completa estudiada en detalle: Desde estaciones de trabajo ejecutivas hasta salas de reuniones, desde \u00e1reas de recepci\u00f3n hasta muebles de almacenamiento. La estructura de aluminio del escritorio, fruto de un dise\u00f1o minimalista y esencial, se ve reforzada por las preciosas variantes [&#8230;]<\/p>\n<p><a class=\"btn btn-secondary understrap-read-more-link\" href=\"https:\/\/www.about-office.it\/es\/productos\/hype\/\">Leer m\u00e1s&#8230;<span class=\"screen-reader-text\"> from Hype<\/span><\/a><\/p>\n","protected":false},"author":4,"featured_media":8142,"parent":4414,"menu_order":43,"comment_status":"closed","ping_status":"closed","template":"page-product_detail_mod.php","meta":{"_acf_changed":false,"footnotes":""},"class_list":["post-8810","page","type-page","status-publish","has-post-thumbnail","hentry"],"acf":[],"yoast_head":"<!-- This site is optimized with the Yoast SEO plugin v27.4 - https:\/\/yoast.com\/product\/yoast-seo-wordpress\/ -->\n<title>Hype - About Office<\/title>\n<meta name=\"description\" content=\"Una oficina, infinitas perspectivas. HYPE redefine el entorno de la oficina con una l\u00ednea completa estudiada en detalle.\" \/>\n<meta name=\"robots\" content=\"index, follow, max-snippet:-1, max-image-preview:large, max-video-preview:-1\" \/>\n<link rel=\"canonical\" href=\"https:\/\/www.about-office.it\/es\/productos\/hype\/\" \/>\n<meta property=\"og:locale\" content=\"es_ES\" \/>\n<meta property=\"og:type\" content=\"article\" \/>\n<meta property=\"og:title\" content=\"Hype - About Office\" \/>\n<meta property=\"og:description\" content=\"Una oficina, infinitas perspectivas. HYPE redefine el entorno de la oficina con una l\u00ednea completa estudiada en detalle.\" \/>\n<meta property=\"og:url\" content=\"https:\/\/www.about-office.it\/es\/productos\/hype\/\" \/>\n<meta property=\"og:site_name\" content=\"About Office\" \/>\n<meta property=\"og:image\" content=\"https:\/\/www.about-office.it\/wp-content\/uploads\/2021\/03\/about-office-hype-cover-1-scaled.jpg\" \/>\n\t<meta property=\"og:image:width\" content=\"2560\" \/>\n\t<meta property=\"og:image:height\" content=\"1440\" \/>\n\t<meta property=\"og:image:type\" content=\"image\/jpeg\" \/>\n<meta name=\"twitter:card\" content=\"summary_large_image\" \/>\n<meta name=\"twitter:label1\" content=\"Tiempo de lectura\" \/>\n\t<meta name=\"twitter:data1\" content=\"1 minuto\" \/>\n<script type=\"application\/ld+json\" class=\"yoast-schema-graph\">{\"@context\":\"https:\\\/\\\/schema.org\",\"@graph\":[{\"@type\":\"WebPage\",\"@id\":\"https:\\\/\\\/www.about-office.it\\\/es\\\/productos\\\/hype\\\/\",\"url\":\"https:\\\/\\\/www.about-office.it\\\/es\\\/productos\\\/hype\\\/\",\"name\":\"Hype - About Office\",\"isPartOf\":{\"@id\":\"https:\\\/\\\/www.about-office.it\\\/es\\\/#website\"},\"primaryImageOfPage\":{\"@id\":\"https:\\\/\\\/www.about-office.it\\\/es\\\/productos\\\/hype\\\/#primaryimage\"},\"image\":{\"@id\":\"https:\\\/\\\/www.about-office.it\\\/es\\\/productos\\\/hype\\\/#primaryimage\"},\"thumbnailUrl\":\"https:\\\/\\\/www.about-office.it\\\/wp-content\\\/uploads\\\/2021\\\/03\\\/about-office-hype-cover-1-scaled.jpg\",\"datePublished\":\"2021-03-15T15:21:45+00:00\",\"description\":\"Una oficina, infinitas perspectivas. HYPE redefine el entorno de la oficina con una l\u00ednea completa estudiada en detalle.\",\"breadcrumb\":{\"@id\":\"https:\\\/\\\/www.about-office.it\\\/es\\\/productos\\\/hype\\\/#breadcrumb\"},\"inLanguage\":\"es\",\"potentialAction\":[{\"@type\":\"ReadAction\",\"target\":[\"https:\\\/\\\/www.about-office.it\\\/es\\\/productos\\\/hype\\\/\"]}]},{\"@type\":\"ImageObject\",\"inLanguage\":\"es\",\"@id\":\"https:\\\/\\\/www.about-office.it\\\/es\\\/productos\\\/hype\\\/#primaryimage\",\"url\":\"https:\\\/\\\/www.about-office.it\\\/wp-content\\\/uploads\\\/2021\\\/03\\\/about-office-hype-cover-1-scaled.jpg\",\"contentUrl\":\"https:\\\/\\\/www.about-office.it\\\/wp-content\\\/uploads\\\/2021\\\/03\\\/about-office-hype-cover-1-scaled.jpg\",\"width\":2560,\"height\":1440},{\"@type\":\"BreadcrumbList\",\"@id\":\"https:\\\/\\\/www.about-office.it\\\/es\\\/productos\\\/hype\\\/#breadcrumb\",\"itemListElement\":[{\"@type\":\"ListItem\",\"position\":1,\"name\":\"Home\",\"item\":\"https:\\\/\\\/www.about-office.it\\\/es\\\/\"},{\"@type\":\"ListItem\",\"position\":2,\"name\":\"Productos\",\"item\":\"https:\\\/\\\/www.about-office.it\\\/es\\\/productos\\\/\"},{\"@type\":\"ListItem\",\"position\":3,\"name\":\"Hype\"}]},{\"@type\":\"WebSite\",\"@id\":\"https:\\\/\\\/www.about-office.it\\\/es\\\/#website\",\"url\":\"https:\\\/\\\/www.about-office.it\\\/es\\\/\",\"name\":\"About Office\",\"description\":\"\",\"potentialAction\":[{\"@type\":\"SearchAction\",\"target\":{\"@type\":\"EntryPoint\",\"urlTemplate\":\"https:\\\/\\\/www.about-office.it\\\/es\\\/?s={search_term_string}\"},\"query-input\":{\"@type\":\"PropertyValueSpecification\",\"valueRequired\":true,\"valueName\":\"search_term_string\"}}],\"inLanguage\":\"es\"}]}<\/script>\n<!-- \/ Yoast SEO plugin. -->","yoast_head_json":{"title":"Hype - About Office","description":"Una oficina, infinitas perspectivas. HYPE redefine el entorno de la oficina con una l\u00ednea completa estudiada en detalle.","robots":{"index":"index","follow":"follow","max-snippet":"max-snippet:-1","max-image-preview":"max-image-preview:large","max-video-preview":"max-video-preview:-1"},"canonical":"https:\/\/www.about-office.it\/es\/productos\/hype\/","og_locale":"es_ES","og_type":"article","og_title":"Hype - About Office","og_description":"Una oficina, infinitas perspectivas. HYPE redefine el entorno de la oficina con una l\u00ednea completa estudiada en detalle.","og_url":"https:\/\/www.about-office.it\/es\/productos\/hype\/","og_site_name":"About Office","og_image":[{"width":2560,"height":1440,"url":"https:\/\/www.about-office.it\/wp-content\/uploads\/2021\/03\/about-office-hype-cover-1-scaled.jpg","type":"image\/jpeg"}],"twitter_card":"summary_large_image","twitter_misc":{"Tiempo de lectura":"1 minuto"},"schema":{"@context":"https:\/\/schema.org","@graph":[{"@type":"WebPage","@id":"https:\/\/www.about-office.it\/es\/productos\/hype\/","url":"https:\/\/www.about-office.it\/es\/productos\/hype\/","name":"Hype - About Office","isPartOf":{"@id":"https:\/\/www.about-office.it\/es\/#website"},"primaryImageOfPage":{"@id":"https:\/\/www.about-office.it\/es\/productos\/hype\/#primaryimage"},"image":{"@id":"https:\/\/www.about-office.it\/es\/productos\/hype\/#primaryimage"},"thumbnailUrl":"https:\/\/www.about-office.it\/wp-content\/uploads\/2021\/03\/about-office-hype-cover-1-scaled.jpg","datePublished":"2021-03-15T15:21:45+00:00","description":"Una oficina, infinitas perspectivas. HYPE redefine el entorno de la oficina con una l\u00ednea completa estudiada en detalle.","breadcrumb":{"@id":"https:\/\/www.about-office.it\/es\/productos\/hype\/#breadcrumb"},"inLanguage":"es","potentialAction":[{"@type":"ReadAction","target":["https:\/\/www.about-office.it\/es\/productos\/hype\/"]}]},{"@type":"ImageObject","inLanguage":"es","@id":"https:\/\/www.about-office.it\/es\/productos\/hype\/#primaryimage","url":"https:\/\/www.about-office.it\/wp-content\/uploads\/2021\/03\/about-office-hype-cover-1-scaled.jpg","contentUrl":"https:\/\/www.about-office.it\/wp-content\/uploads\/2021\/03\/about-office-hype-cover-1-scaled.jpg","width":2560,"height":1440},{"@type":"BreadcrumbList","@id":"https:\/\/www.about-office.it\/es\/productos\/hype\/#breadcrumb","itemListElement":[{"@type":"ListItem","position":1,"name":"Home","item":"https:\/\/www.about-office.it\/es\/"},{"@type":"ListItem","position":2,"name":"Productos","item":"https:\/\/www.about-office.it\/es\/productos\/"},{"@type":"ListItem","position":3,"name":"Hype"}]},{"@type":"WebSite","@id":"https:\/\/www.about-office.it\/es\/#website","url":"https:\/\/www.about-office.it\/es\/","name":"About Office","description":"","potentialAction":[{"@type":"SearchAction","target":{"@type":"EntryPoint","urlTemplate":"https:\/\/www.about-office.it\/es\/?s={search_term_string}"},"query-input":{"@type":"PropertyValueSpecification","valueRequired":true,"valueName":"search_term_string"}}],"inLanguage":"es"}]}},"_links":{"self":[{"href":"https:\/\/www.about-office.it\/es\/wp-json\/wp\/v2\/pages\/8810","targetHints":{"allow":["GET"]}}],"collection":[{"href":"https:\/\/www.about-office.it\/es\/wp-json\/wp\/v2\/pages"}],"about":[{"href":"https:\/\/www.about-office.it\/es\/wp-json\/wp\/v2\/types\/page"}],"author":[{"embeddable":true,"href":"https:\/\/www.about-office.it\/es\/wp-json\/wp\/v2\/users\/4"}],"replies":[{"embeddable":true,"href":"https:\/\/www.about-office.it\/es\/wp-json\/wp\/v2\/comments?post=8810"}],"version-history":[{"count":3,"href":"https:\/\/www.about-office.it\/es\/wp-json\/wp\/v2\/pages\/8810\/revisions"}],"predecessor-version":[{"id":8905,"href":"https:\/\/www.about-office.it\/es\/wp-json\/wp\/v2\/pages\/8810\/revisions\/8905"}],"up":[{"embeddable":true,"href":"https:\/\/www.about-office.it\/es\/wp-json\/wp\/v2\/pages\/4414"}],"wp:featuredmedia":[{"embeddable":true,"href":"https:\/\/www.about-office.it\/es\/wp-json\/wp\/v2\/media\/8142"}],"wp:attachment":[{"href":"https:\/\/www.about-office.it\/es\/wp-json\/wp\/v2\/media?parent=8810"}],"curies":[{"name":"wp","href":"https:\/\/api.w.org\/{rel}","templated":true}]}}