{"id":7064,"date":"2019-10-23T14:38:42","date_gmt":"2019-10-23T12:38:42","guid":{"rendered":"https:\/\/www.about-office.it\/productos\/funny-2019\/"},"modified":"2025-01-08T11:43:19","modified_gmt":"2025-01-08T10:43:19","slug":"funny-2019","status":"publish","type":"page","link":"https:\/\/www.about-office.it\/es\/productos\/funny-2019\/","title":{"rendered":"Funny 2019"},"content":{"rendered":"<p>Un innovador sistema de mobiliario que crea un espacio de trabajo colaborativo que mejora la productividad de los empleados. El protagonista, con un dise\u00f1o sofisticado y moderno, es sin duda el escritorio, disponible en seis estructuras diferentes y completamente personalizable combinando los numerosos materiales y la preciosa melamina de la gama. La oficina logra un equilibrio impecable y es agradable y acogedor, tanto para quienes trabajan en un solo lugar, como en equipo, en la recepci\u00f3n o en el centro de llamadas.<\/p>\n","protected":false},"excerpt":{"rendered":"<p>Un innovador sistema de mobiliario que crea un espacio de trabajo colaborativo que mejora la productividad de los empleados. El protagonista, con un dise\u00f1o sofisticado y moderno, es sin duda el escritorio, disponible en seis estructuras diferentes y completamente personalizable combinando los numerosos materiales y la preciosa melamina de la gama. La oficina logra un [&#8230;]<\/p>\n<p><a class=\"btn btn-secondary understrap-read-more-link\" href=\"https:\/\/www.about-office.it\/es\/productos\/funny-2019\/\">Leer m\u00e1s&#8230;<span class=\"screen-reader-text\"> from Funny 2019<\/span><\/a><\/p>\n","protected":false},"author":4,"featured_media":6392,"parent":4414,"menu_order":0,"comment_status":"closed","ping_status":"closed","template":"page-product_detail.php","meta":{"_acf_changed":false,"footnotes":""},"class_list":["post-7064","page","type-page","status-publish","has-post-thumbnail","hentry"],"acf":[],"yoast_head":"<!-- This site is optimized with the Yoast SEO plugin v27.3 - https:\/\/yoast.com\/product\/yoast-seo-wordpress\/ -->\n<title>Funny 2019 - About Office<\/title>\n<meta name=\"description\" content=\"Funny es la colecci\u00f3n operativa que permite crear infinitas configuraciones din\u00e1micas y vers\u00e1tiles, individuales, de grupo, call center y de reuni\u00f3n y recepci\u00f3n.\" \/>\n<meta name=\"robots\" content=\"index, follow, max-snippet:-1, max-image-preview:large, max-video-preview:-1\" \/>\n<link rel=\"canonical\" href=\"https:\/\/www.about-office.it\/es\/productos\/funny-2019\/\" \/>\n<meta property=\"og:locale\" content=\"es_ES\" \/>\n<meta property=\"og:type\" content=\"article\" \/>\n<meta property=\"og:title\" content=\"Funny 2019 - About Office\" \/>\n<meta property=\"og:description\" content=\"Funny es la colecci\u00f3n operativa que permite crear infinitas configuraciones din\u00e1micas y vers\u00e1tiles, individuales, de grupo, call center y de reuni\u00f3n y recepci\u00f3n.\" \/>\n<meta property=\"og:url\" content=\"https:\/\/www.about-office.it\/es\/productos\/funny-2019\/\" \/>\n<meta property=\"og:site_name\" content=\"About Office\" \/>\n<meta property=\"article:modified_time\" content=\"2025-01-08T10:43:19+00:00\" \/>\n<meta property=\"og:image\" content=\"https:\/\/www.about-office.it\/wp-content\/uploads\/2019\/10\/about-office-collezioni-funny-2-1885x1080.jpg\" \/>\n\t<meta property=\"og:image:width\" content=\"1885\" \/>\n\t<meta property=\"og:image:height\" content=\"1080\" \/>\n\t<meta property=\"og:image:type\" content=\"image\/jpeg\" \/>\n<meta name=\"twitter:card\" content=\"summary_large_image\" \/>\n<meta name=\"twitter:label1\" content=\"Tiempo de lectura\" \/>\n\t<meta name=\"twitter:data1\" content=\"1 minuto\" \/>\n<script type=\"application\/ld+json\" class=\"yoast-schema-graph\">{\"@context\":\"https:\\\/\\\/schema.org\",\"@graph\":[{\"@type\":\"WebPage\",\"@id\":\"https:\\\/\\\/www.about-office.it\\\/es\\\/productos\\\/funny-2019\\\/\",\"url\":\"https:\\\/\\\/www.about-office.it\\\/es\\\/productos\\\/funny-2019\\\/\",\"name\":\"Funny 2019 - About Office\",\"isPartOf\":{\"@id\":\"https:\\\/\\\/www.about-office.it\\\/es\\\/#website\"},\"primaryImageOfPage\":{\"@id\":\"https:\\\/\\\/www.about-office.it\\\/es\\\/productos\\\/funny-2019\\\/#primaryimage\"},\"image\":{\"@id\":\"https:\\\/\\\/www.about-office.it\\\/es\\\/productos\\\/funny-2019\\\/#primaryimage\"},\"thumbnailUrl\":\"https:\\\/\\\/www.about-office.it\\\/wp-content\\\/uploads\\\/2019\\\/10\\\/about-office-collezioni-funny-2.jpg\",\"datePublished\":\"2019-10-23T12:38:42+00:00\",\"dateModified\":\"2025-01-08T10:43:19+00:00\",\"description\":\"Funny es la colecci\u00f3n operativa que permite crear infinitas configuraciones din\u00e1micas y vers\u00e1tiles, individuales, de grupo, call center y de reuni\u00f3n y recepci\u00f3n.\",\"breadcrumb\":{\"@id\":\"https:\\\/\\\/www.about-office.it\\\/es\\\/productos\\\/funny-2019\\\/#breadcrumb\"},\"inLanguage\":\"es\",\"potentialAction\":[{\"@type\":\"ReadAction\",\"target\":[\"https:\\\/\\\/www.about-office.it\\\/es\\\/productos\\\/funny-2019\\\/\"]}]},{\"@type\":\"ImageObject\",\"inLanguage\":\"es\",\"@id\":\"https:\\\/\\\/www.about-office.it\\\/es\\\/productos\\\/funny-2019\\\/#primaryimage\",\"url\":\"https:\\\/\\\/www.about-office.it\\\/wp-content\\\/uploads\\\/2019\\\/10\\\/about-office-collezioni-funny-2.jpg\",\"contentUrl\":\"https:\\\/\\\/www.about-office.it\\\/wp-content\\\/uploads\\\/2019\\\/10\\\/about-office-collezioni-funny-2.jpg\",\"width\":10417,\"height\":5967},{\"@type\":\"BreadcrumbList\",\"@id\":\"https:\\\/\\\/www.about-office.it\\\/es\\\/productos\\\/funny-2019\\\/#breadcrumb\",\"itemListElement\":[{\"@type\":\"ListItem\",\"position\":1,\"name\":\"Home\",\"item\":\"https:\\\/\\\/www.about-office.it\\\/es\\\/\"},{\"@type\":\"ListItem\",\"position\":2,\"name\":\"Productos\",\"item\":\"https:\\\/\\\/www.about-office.it\\\/es\\\/productos\\\/\"},{\"@type\":\"ListItem\",\"position\":3,\"name\":\"Funny 2019\"}]},{\"@type\":\"WebSite\",\"@id\":\"https:\\\/\\\/www.about-office.it\\\/es\\\/#website\",\"url\":\"https:\\\/\\\/www.about-office.it\\\/es\\\/\",\"name\":\"About Office\",\"description\":\"\",\"potentialAction\":[{\"@type\":\"SearchAction\",\"target\":{\"@type\":\"EntryPoint\",\"urlTemplate\":\"https:\\\/\\\/www.about-office.it\\\/es\\\/?s={search_term_string}\"},\"query-input\":{\"@type\":\"PropertyValueSpecification\",\"valueRequired\":true,\"valueName\":\"search_term_string\"}}],\"inLanguage\":\"es\"}]}<\/script>\n<!-- \/ Yoast SEO plugin. -->","yoast_head_json":{"title":"Funny 2019 - About Office","description":"Funny es la colecci\u00f3n operativa que permite crear infinitas configuraciones din\u00e1micas y vers\u00e1tiles, individuales, de grupo, call center y de reuni\u00f3n y recepci\u00f3n.","robots":{"index":"index","follow":"follow","max-snippet":"max-snippet:-1","max-image-preview":"max-image-preview:large","max-video-preview":"max-video-preview:-1"},"canonical":"https:\/\/www.about-office.it\/es\/productos\/funny-2019\/","og_locale":"es_ES","og_type":"article","og_title":"Funny 2019 - About Office","og_description":"Funny es la colecci\u00f3n operativa que permite crear infinitas configuraciones din\u00e1micas y vers\u00e1tiles, individuales, de grupo, call center y de reuni\u00f3n y recepci\u00f3n.","og_url":"https:\/\/www.about-office.it\/es\/productos\/funny-2019\/","og_site_name":"About Office","article_modified_time":"2025-01-08T10:43:19+00:00","og_image":[{"width":1885,"height":1080,"url":"https:\/\/www.about-office.it\/wp-content\/uploads\/2019\/10\/about-office-collezioni-funny-2-1885x1080.jpg","type":"image\/jpeg"}],"twitter_card":"summary_large_image","twitter_misc":{"Tiempo de lectura":"1 minuto"},"schema":{"@context":"https:\/\/schema.org","@graph":[{"@type":"WebPage","@id":"https:\/\/www.about-office.it\/es\/productos\/funny-2019\/","url":"https:\/\/www.about-office.it\/es\/productos\/funny-2019\/","name":"Funny 2019 - About Office","isPartOf":{"@id":"https:\/\/www.about-office.it\/es\/#website"},"primaryImageOfPage":{"@id":"https:\/\/www.about-office.it\/es\/productos\/funny-2019\/#primaryimage"},"image":{"@id":"https:\/\/www.about-office.it\/es\/productos\/funny-2019\/#primaryimage"},"thumbnailUrl":"https:\/\/www.about-office.it\/wp-content\/uploads\/2019\/10\/about-office-collezioni-funny-2.jpg","datePublished":"2019-10-23T12:38:42+00:00","dateModified":"2025-01-08T10:43:19+00:00","description":"Funny es la colecci\u00f3n operativa que permite crear infinitas configuraciones din\u00e1micas y vers\u00e1tiles, individuales, de grupo, call center y de reuni\u00f3n y recepci\u00f3n.","breadcrumb":{"@id":"https:\/\/www.about-office.it\/es\/productos\/funny-2019\/#breadcrumb"},"inLanguage":"es","potentialAction":[{"@type":"ReadAction","target":["https:\/\/www.about-office.it\/es\/productos\/funny-2019\/"]}]},{"@type":"ImageObject","inLanguage":"es","@id":"https:\/\/www.about-office.it\/es\/productos\/funny-2019\/#primaryimage","url":"https:\/\/www.about-office.it\/wp-content\/uploads\/2019\/10\/about-office-collezioni-funny-2.jpg","contentUrl":"https:\/\/www.about-office.it\/wp-content\/uploads\/2019\/10\/about-office-collezioni-funny-2.jpg","width":10417,"height":5967},{"@type":"BreadcrumbList","@id":"https:\/\/www.about-office.it\/es\/productos\/funny-2019\/#breadcrumb","itemListElement":[{"@type":"ListItem","position":1,"name":"Home","item":"https:\/\/www.about-office.it\/es\/"},{"@type":"ListItem","position":2,"name":"Productos","item":"https:\/\/www.about-office.it\/es\/productos\/"},{"@type":"ListItem","position":3,"name":"Funny 2019"}]},{"@type":"WebSite","@id":"https:\/\/www.about-office.it\/es\/#website","url":"https:\/\/www.about-office.it\/es\/","name":"About Office","description":"","potentialAction":[{"@type":"SearchAction","target":{"@type":"EntryPoint","urlTemplate":"https:\/\/www.about-office.it\/es\/?s={search_term_string}"},"query-input":{"@type":"PropertyValueSpecification","valueRequired":true,"valueName":"search_term_string"}}],"inLanguage":"es"}]}},"_links":{"self":[{"href":"https:\/\/www.about-office.it\/es\/wp-json\/wp\/v2\/pages\/7064","targetHints":{"allow":["GET"]}}],"collection":[{"href":"https:\/\/www.about-office.it\/es\/wp-json\/wp\/v2\/pages"}],"about":[{"href":"https:\/\/www.about-office.it\/es\/wp-json\/wp\/v2\/types\/page"}],"author":[{"embeddable":true,"href":"https:\/\/www.about-office.it\/es\/wp-json\/wp\/v2\/users\/4"}],"replies":[{"embeddable":true,"href":"https:\/\/www.about-office.it\/es\/wp-json\/wp\/v2\/comments?post=7064"}],"version-history":[{"count":6,"href":"https:\/\/www.about-office.it\/es\/wp-json\/wp\/v2\/pages\/7064\/revisions"}],"predecessor-version":[{"id":16322,"href":"https:\/\/www.about-office.it\/es\/wp-json\/wp\/v2\/pages\/7064\/revisions\/16322"}],"up":[{"embeddable":true,"href":"https:\/\/www.about-office.it\/es\/wp-json\/wp\/v2\/pages\/4414"}],"wp:featuredmedia":[{"embeddable":true,"href":"https:\/\/www.about-office.it\/es\/wp-json\/wp\/v2\/media\/6392"}],"wp:attachment":[{"href":"https:\/\/www.about-office.it\/es\/wp-json\/wp\/v2\/media?parent=7064"}],"curies":[{"name":"wp","href":"https:\/\/api.w.org\/{rel}","templated":true}]}}