{"id":5223,"date":"2019-07-15T08:57:26","date_gmt":"2019-07-15T06:57:26","guid":{"rendered":"https:\/\/www.about-office.it\/productos\/funny-plus-2019\/"},"modified":"2019-07-18T15:20:41","modified_gmt":"2019-07-18T13:20:41","slug":"funny-plus-2019","status":"publish","type":"page","link":"https:\/\/www.about-office.it\/es\/productos\/funny-plus-2019\/","title":{"rendered":"Funny Plus 2019"},"content":{"rendered":"<p>Un proyecto vers\u00e1til y refinado que nace de una inspiraci\u00f3n minimalista y que ha dado vida a un dise\u00f1o geom\u00e9trico y c\u00f3modo.<br \/>\nEl excelente tratamiento y uso de melaminas exclusivas, lo hacen adecuado para la oficina tanto para el operativo, como para reuniones y contenedores.<br \/>\nLa extensa variedad de composiciones, tama\u00f1o, forma, combinaci\u00f3n de colores y acabado, se refina mediante cuatro tipos de estructura: Lado de Madera, Pierna K, Pierna Anillo y Pierna U.<\/p>\n","protected":false},"excerpt":{"rendered":"<p>Un proyecto vers\u00e1til y refinado que nace de una inspiraci\u00f3n minimalista y que ha dado vida a un dise\u00f1o geom\u00e9trico y c\u00f3modo. El excelente tratamiento y uso de melaminas exclusivas, lo hacen adecuado para la oficina tanto para el operativo, como para reuniones y contenedores. La extensa variedad de composiciones, tama\u00f1o, forma, combinaci\u00f3n de colores [&#8230;]<\/p>\n<p><a class=\"btn btn-secondary understrap-read-more-link\" href=\"https:\/\/www.about-office.it\/es\/productos\/funny-plus-2019\/\">Leer m\u00e1s&#8230;<span class=\"screen-reader-text\"> from Funny Plus 2019<\/span><\/a><\/p>\n","protected":false},"author":4,"featured_media":7360,"parent":4414,"menu_order":0,"comment_status":"closed","ping_status":"closed","template":"page-product_detail.php","meta":{"_acf_changed":false,"footnotes":""},"class_list":["post-5223","page","type-page","status-publish","has-post-thumbnail","hentry"],"acf":[],"yoast_head":"<!-- This site is optimized with the Yoast SEO plugin v27.4 - https:\/\/yoast.com\/product\/yoast-seo-wordpress\/ -->\n<title>Funny Plus 2019 - About Office<\/title>\n<meta name=\"description\" content=\"Funny Plus se adapta a cualquier ambiente gracias a su estilo \u201cminimal chic\u201d. Detalles refinados en un mueble directivo moderno y funcional.\" \/>\n<meta name=\"robots\" content=\"index, follow, max-snippet:-1, max-image-preview:large, max-video-preview:-1\" \/>\n<link rel=\"canonical\" href=\"https:\/\/www.about-office.it\/es\/productos\/funny-plus-2019\/\" \/>\n<meta property=\"og:locale\" content=\"es_ES\" \/>\n<meta property=\"og:type\" content=\"article\" \/>\n<meta property=\"og:title\" content=\"Funny Plus 2019 - About Office\" \/>\n<meta property=\"og:description\" content=\"Funny Plus se adapta a cualquier ambiente gracias a su estilo \u201cminimal chic\u201d. Detalles refinados en un mueble directivo moderno y funcional.\" \/>\n<meta property=\"og:url\" content=\"https:\/\/www.about-office.it\/es\/productos\/funny-plus-2019\/\" \/>\n<meta property=\"og:site_name\" content=\"About Office\" \/>\n<meta property=\"article:modified_time\" content=\"2019-07-18T13:20:41+00:00\" \/>\n<meta property=\"og:image\" content=\"https:\/\/www.about-office.it\/wp-content\/uploads\/2019\/11\/about-office-collezioni-funnyplus-gamba-u-riunione-vetro.jpg\" \/>\n\t<meta property=\"og:image:width\" content=\"2500\" \/>\n\t<meta property=\"og:image:height\" content=\"833\" \/>\n\t<meta property=\"og:image:type\" content=\"image\/jpeg\" \/>\n<meta name=\"twitter:card\" content=\"summary_large_image\" \/>\n<script type=\"application\/ld+json\" class=\"yoast-schema-graph\">{\"@context\":\"https:\\\/\\\/schema.org\",\"@graph\":[{\"@type\":\"WebPage\",\"@id\":\"https:\\\/\\\/www.about-office.it\\\/es\\\/productos\\\/funny-plus-2019\\\/\",\"url\":\"https:\\\/\\\/www.about-office.it\\\/es\\\/productos\\\/funny-plus-2019\\\/\",\"name\":\"Funny Plus 2019 - About Office\",\"isPartOf\":{\"@id\":\"https:\\\/\\\/www.about-office.it\\\/es\\\/#website\"},\"primaryImageOfPage\":{\"@id\":\"https:\\\/\\\/www.about-office.it\\\/es\\\/productos\\\/funny-plus-2019\\\/#primaryimage\"},\"image\":{\"@id\":\"https:\\\/\\\/www.about-office.it\\\/es\\\/productos\\\/funny-plus-2019\\\/#primaryimage\"},\"thumbnailUrl\":\"https:\\\/\\\/www.about-office.it\\\/wp-content\\\/uploads\\\/2019\\\/11\\\/about-office-collezioni-funnyplus-gamba-u-riunione-vetro.jpg\",\"datePublished\":\"2019-07-15T06:57:26+00:00\",\"dateModified\":\"2019-07-18T13:20:41+00:00\",\"description\":\"Funny Plus se adapta a cualquier ambiente gracias a su estilo \u201cminimal chic\u201d. Detalles refinados en un mueble directivo moderno y funcional.\",\"breadcrumb\":{\"@id\":\"https:\\\/\\\/www.about-office.it\\\/es\\\/productos\\\/funny-plus-2019\\\/#breadcrumb\"},\"inLanguage\":\"es\",\"potentialAction\":[{\"@type\":\"ReadAction\",\"target\":[\"https:\\\/\\\/www.about-office.it\\\/es\\\/productos\\\/funny-plus-2019\\\/\"]}]},{\"@type\":\"ImageObject\",\"inLanguage\":\"es\",\"@id\":\"https:\\\/\\\/www.about-office.it\\\/es\\\/productos\\\/funny-plus-2019\\\/#primaryimage\",\"url\":\"https:\\\/\\\/www.about-office.it\\\/wp-content\\\/uploads\\\/2019\\\/11\\\/about-office-collezioni-funnyplus-gamba-u-riunione-vetro.jpg\",\"contentUrl\":\"https:\\\/\\\/www.about-office.it\\\/wp-content\\\/uploads\\\/2019\\\/11\\\/about-office-collezioni-funnyplus-gamba-u-riunione-vetro.jpg\",\"width\":2500,\"height\":833},{\"@type\":\"BreadcrumbList\",\"@id\":\"https:\\\/\\\/www.about-office.it\\\/es\\\/productos\\\/funny-plus-2019\\\/#breadcrumb\",\"itemListElement\":[{\"@type\":\"ListItem\",\"position\":1,\"name\":\"Home\",\"item\":\"https:\\\/\\\/www.about-office.it\\\/es\\\/\"},{\"@type\":\"ListItem\",\"position\":2,\"name\":\"Productos\",\"item\":\"https:\\\/\\\/www.about-office.it\\\/es\\\/productos\\\/\"},{\"@type\":\"ListItem\",\"position\":3,\"name\":\"Funny Plus 2019\"}]},{\"@type\":\"WebSite\",\"@id\":\"https:\\\/\\\/www.about-office.it\\\/es\\\/#website\",\"url\":\"https:\\\/\\\/www.about-office.it\\\/es\\\/\",\"name\":\"About Office\",\"description\":\"\",\"potentialAction\":[{\"@type\":\"SearchAction\",\"target\":{\"@type\":\"EntryPoint\",\"urlTemplate\":\"https:\\\/\\\/www.about-office.it\\\/es\\\/?s={search_term_string}\"},\"query-input\":{\"@type\":\"PropertyValueSpecification\",\"valueRequired\":true,\"valueName\":\"search_term_string\"}}],\"inLanguage\":\"es\"}]}<\/script>\n<!-- \/ Yoast SEO plugin. -->","yoast_head_json":{"title":"Funny Plus 2019 - About Office","description":"Funny Plus se adapta a cualquier ambiente gracias a su estilo \u201cminimal chic\u201d. Detalles refinados en un mueble directivo moderno y funcional.","robots":{"index":"index","follow":"follow","max-snippet":"max-snippet:-1","max-image-preview":"max-image-preview:large","max-video-preview":"max-video-preview:-1"},"canonical":"https:\/\/www.about-office.it\/es\/productos\/funny-plus-2019\/","og_locale":"es_ES","og_type":"article","og_title":"Funny Plus 2019 - About Office","og_description":"Funny Plus se adapta a cualquier ambiente gracias a su estilo \u201cminimal chic\u201d. Detalles refinados en un mueble directivo moderno y funcional.","og_url":"https:\/\/www.about-office.it\/es\/productos\/funny-plus-2019\/","og_site_name":"About Office","article_modified_time":"2019-07-18T13:20:41+00:00","og_image":[{"width":2500,"height":833,"url":"https:\/\/www.about-office.it\/wp-content\/uploads\/2019\/11\/about-office-collezioni-funnyplus-gamba-u-riunione-vetro.jpg","type":"image\/jpeg"}],"twitter_card":"summary_large_image","schema":{"@context":"https:\/\/schema.org","@graph":[{"@type":"WebPage","@id":"https:\/\/www.about-office.it\/es\/productos\/funny-plus-2019\/","url":"https:\/\/www.about-office.it\/es\/productos\/funny-plus-2019\/","name":"Funny Plus 2019 - About Office","isPartOf":{"@id":"https:\/\/www.about-office.it\/es\/#website"},"primaryImageOfPage":{"@id":"https:\/\/www.about-office.it\/es\/productos\/funny-plus-2019\/#primaryimage"},"image":{"@id":"https:\/\/www.about-office.it\/es\/productos\/funny-plus-2019\/#primaryimage"},"thumbnailUrl":"https:\/\/www.about-office.it\/wp-content\/uploads\/2019\/11\/about-office-collezioni-funnyplus-gamba-u-riunione-vetro.jpg","datePublished":"2019-07-15T06:57:26+00:00","dateModified":"2019-07-18T13:20:41+00:00","description":"Funny Plus se adapta a cualquier ambiente gracias a su estilo \u201cminimal chic\u201d. Detalles refinados en un mueble directivo moderno y funcional.","breadcrumb":{"@id":"https:\/\/www.about-office.it\/es\/productos\/funny-plus-2019\/#breadcrumb"},"inLanguage":"es","potentialAction":[{"@type":"ReadAction","target":["https:\/\/www.about-office.it\/es\/productos\/funny-plus-2019\/"]}]},{"@type":"ImageObject","inLanguage":"es","@id":"https:\/\/www.about-office.it\/es\/productos\/funny-plus-2019\/#primaryimage","url":"https:\/\/www.about-office.it\/wp-content\/uploads\/2019\/11\/about-office-collezioni-funnyplus-gamba-u-riunione-vetro.jpg","contentUrl":"https:\/\/www.about-office.it\/wp-content\/uploads\/2019\/11\/about-office-collezioni-funnyplus-gamba-u-riunione-vetro.jpg","width":2500,"height":833},{"@type":"BreadcrumbList","@id":"https:\/\/www.about-office.it\/es\/productos\/funny-plus-2019\/#breadcrumb","itemListElement":[{"@type":"ListItem","position":1,"name":"Home","item":"https:\/\/www.about-office.it\/es\/"},{"@type":"ListItem","position":2,"name":"Productos","item":"https:\/\/www.about-office.it\/es\/productos\/"},{"@type":"ListItem","position":3,"name":"Funny Plus 2019"}]},{"@type":"WebSite","@id":"https:\/\/www.about-office.it\/es\/#website","url":"https:\/\/www.about-office.it\/es\/","name":"About Office","description":"","potentialAction":[{"@type":"SearchAction","target":{"@type":"EntryPoint","urlTemplate":"https:\/\/www.about-office.it\/es\/?s={search_term_string}"},"query-input":{"@type":"PropertyValueSpecification","valueRequired":true,"valueName":"search_term_string"}}],"inLanguage":"es"}]}},"_links":{"self":[{"href":"https:\/\/www.about-office.it\/es\/wp-json\/wp\/v2\/pages\/5223","targetHints":{"allow":["GET"]}}],"collection":[{"href":"https:\/\/www.about-office.it\/es\/wp-json\/wp\/v2\/pages"}],"about":[{"href":"https:\/\/www.about-office.it\/es\/wp-json\/wp\/v2\/types\/page"}],"author":[{"embeddable":true,"href":"https:\/\/www.about-office.it\/es\/wp-json\/wp\/v2\/users\/4"}],"replies":[{"embeddable":true,"href":"https:\/\/www.about-office.it\/es\/wp-json\/wp\/v2\/comments?post=5223"}],"version-history":[{"count":4,"href":"https:\/\/www.about-office.it\/es\/wp-json\/wp\/v2\/pages\/5223\/revisions"}],"predecessor-version":[{"id":5231,"href":"https:\/\/www.about-office.it\/es\/wp-json\/wp\/v2\/pages\/5223\/revisions\/5231"}],"up":[{"embeddable":true,"href":"https:\/\/www.about-office.it\/es\/wp-json\/wp\/v2\/pages\/4414"}],"wp:featuredmedia":[{"embeddable":true,"href":"https:\/\/www.about-office.it\/es\/wp-json\/wp\/v2\/media\/7360"}],"wp:attachment":[{"href":"https:\/\/www.about-office.it\/es\/wp-json\/wp\/v2\/media?parent=5223"}],"curies":[{"name":"wp","href":"https:\/\/api.w.org\/{rel}","templated":true}]}}