{"id":4432,"date":"2019-02-06T17:39:12","date_gmt":"2019-02-06T16:39:12","guid":{"rendered":"https:\/\/www.about-office.it\/productos\/kono\/"},"modified":"2019-07-02T14:58:49","modified_gmt":"2019-07-02T12:58:49","slug":"kono","status":"publish","type":"page","link":"https:\/\/www.about-office.it\/es\/productos\/kono\/","title":{"rendered":"Kono"},"content":{"rendered":"<p>Ha sido creado en el signo de un fascinante minimalismo que armoniza con cualquier entorno arquitect\u00f3nico y estil\u00edstico. Un sistema estructural de aluminio que encuentra su identidad en la uni\u00f3n entre la estructura perimetral y las patas. Una idea de dise\u00f1o que se materializa en soluciones crom\u00e1ticas y mat\u00e9ricas diferentes cada vez, visti\u00e9ndose de sensaciones y emociones cl\u00e1sicas, naturales o glamour. Kono es la colecci\u00f3n que concilia est\u00e9tica con prestigio y esencialidad. Un sistema modular que permite alargar la mesa de reuni\u00f3n indefinidamente y que prev\u00e9 alojamientos y conductos para los cables el\u00e9ctricos.<\/p>\n","protected":false},"excerpt":{"rendered":"<p>Ha sido creado en el signo de un fascinante minimalismo que armoniza con cualquier entorno arquitect\u00f3nico y estil\u00edstico. Un sistema estructural de aluminio que encuentra su identidad en la uni\u00f3n entre la estructura perimetral y las patas. Una idea de dise\u00f1o que se materializa en soluciones crom\u00e1ticas y mat\u00e9ricas diferentes cada vez, visti\u00e9ndose de sensaciones [&#8230;]<\/p>\n<p><a class=\"btn btn-secondary understrap-read-more-link\" href=\"https:\/\/www.about-office.it\/es\/productos\/kono\/\">Leer m\u00e1s&#8230;<span class=\"screen-reader-text\"> from Kono<\/span><\/a><\/p>\n","protected":false},"author":2,"featured_media":3939,"parent":4414,"menu_order":42,"comment_status":"closed","ping_status":"closed","template":"page-product_detail.php","meta":{"_acf_changed":false,"footnotes":""},"class_list":["post-4432","page","type-page","status-publish","has-post-thumbnail","hentry"],"acf":[],"yoast_head":"<!-- This site is optimized with the Yoast SEO plugin v27.3 - https:\/\/yoast.com\/product\/yoast-seo-wordpress\/ -->\n<title>Kono - About Office<\/title>\n<meta name=\"description\" content=\"Kono es la l\u00ednea de productos directivos que da car\u00e1cter y elegancia al ambiente de la oficina con estructuras de aluminio y encimeras de dise\u00f1o cautivador.\" \/>\n<meta name=\"robots\" content=\"index, follow, max-snippet:-1, max-image-preview:large, max-video-preview:-1\" \/>\n<link rel=\"canonical\" href=\"https:\/\/www.about-office.it\/es\/productos\/kono\/\" \/>\n<meta property=\"og:locale\" content=\"es_ES\" \/>\n<meta property=\"og:type\" content=\"article\" \/>\n<meta property=\"og:title\" content=\"Kono - About Office\" \/>\n<meta property=\"og:description\" content=\"Kono es la l\u00ednea de productos directivos que da car\u00e1cter y elegancia al ambiente de la oficina con estructuras de aluminio y encimeras de dise\u00f1o cautivador.\" \/>\n<meta property=\"og:url\" content=\"https:\/\/www.about-office.it\/es\/productos\/kono\/\" \/>\n<meta property=\"og:site_name\" content=\"About Office\" \/>\n<meta property=\"article:modified_time\" content=\"2019-07-02T12:58:49+00:00\" \/>\n<meta property=\"og:image\" content=\"https:\/\/www.about-office.it\/wp-content\/uploads\/2019\/02\/about-office-collezioni-kono-apertura-wenge-alluminio-nero-1728x1080.jpg\" \/>\n\t<meta property=\"og:image:width\" content=\"1728\" \/>\n\t<meta property=\"og:image:height\" content=\"1080\" \/>\n\t<meta property=\"og:image:type\" content=\"image\/jpeg\" \/>\n<meta name=\"twitter:card\" content=\"summary_large_image\" \/>\n<meta name=\"twitter:label1\" content=\"Tiempo de lectura\" \/>\n\t<meta name=\"twitter:data1\" content=\"1 minuto\" \/>\n<script type=\"application\/ld+json\" class=\"yoast-schema-graph\">{\"@context\":\"https:\\\/\\\/schema.org\",\"@graph\":[{\"@type\":\"WebPage\",\"@id\":\"https:\\\/\\\/www.about-office.it\\\/es\\\/productos\\\/kono\\\/\",\"url\":\"https:\\\/\\\/www.about-office.it\\\/es\\\/productos\\\/kono\\\/\",\"name\":\"Kono - About Office\",\"isPartOf\":{\"@id\":\"https:\\\/\\\/www.about-office.it\\\/es\\\/#website\"},\"primaryImageOfPage\":{\"@id\":\"https:\\\/\\\/www.about-office.it\\\/es\\\/productos\\\/kono\\\/#primaryimage\"},\"image\":{\"@id\":\"https:\\\/\\\/www.about-office.it\\\/es\\\/productos\\\/kono\\\/#primaryimage\"},\"thumbnailUrl\":\"https:\\\/\\\/www.about-office.it\\\/wp-content\\\/uploads\\\/2019\\\/02\\\/about-office-collezioni-kono-apertura-wenge-alluminio-nero.jpg\",\"datePublished\":\"2019-02-06T16:39:12+00:00\",\"dateModified\":\"2019-07-02T12:58:49+00:00\",\"description\":\"Kono es la l\u00ednea de productos directivos que da car\u00e1cter y elegancia al ambiente de la oficina con estructuras de aluminio y encimeras de dise\u00f1o cautivador.\",\"breadcrumb\":{\"@id\":\"https:\\\/\\\/www.about-office.it\\\/es\\\/productos\\\/kono\\\/#breadcrumb\"},\"inLanguage\":\"es\",\"potentialAction\":[{\"@type\":\"ReadAction\",\"target\":[\"https:\\\/\\\/www.about-office.it\\\/es\\\/productos\\\/kono\\\/\"]}]},{\"@type\":\"ImageObject\",\"inLanguage\":\"es\",\"@id\":\"https:\\\/\\\/www.about-office.it\\\/es\\\/productos\\\/kono\\\/#primaryimage\",\"url\":\"https:\\\/\\\/www.about-office.it\\\/wp-content\\\/uploads\\\/2019\\\/02\\\/about-office-collezioni-kono-apertura-wenge-alluminio-nero.jpg\",\"contentUrl\":\"https:\\\/\\\/www.about-office.it\\\/wp-content\\\/uploads\\\/2019\\\/02\\\/about-office-collezioni-kono-apertura-wenge-alluminio-nero.jpg\",\"width\":5800,\"height\":3625},{\"@type\":\"BreadcrumbList\",\"@id\":\"https:\\\/\\\/www.about-office.it\\\/es\\\/productos\\\/kono\\\/#breadcrumb\",\"itemListElement\":[{\"@type\":\"ListItem\",\"position\":1,\"name\":\"Home\",\"item\":\"https:\\\/\\\/www.about-office.it\\\/es\\\/\"},{\"@type\":\"ListItem\",\"position\":2,\"name\":\"Productos\",\"item\":\"https:\\\/\\\/www.about-office.it\\\/es\\\/productos\\\/\"},{\"@type\":\"ListItem\",\"position\":3,\"name\":\"Kono\"}]},{\"@type\":\"WebSite\",\"@id\":\"https:\\\/\\\/www.about-office.it\\\/es\\\/#website\",\"url\":\"https:\\\/\\\/www.about-office.it\\\/es\\\/\",\"name\":\"About Office\",\"description\":\"\",\"potentialAction\":[{\"@type\":\"SearchAction\",\"target\":{\"@type\":\"EntryPoint\",\"urlTemplate\":\"https:\\\/\\\/www.about-office.it\\\/es\\\/?s={search_term_string}\"},\"query-input\":{\"@type\":\"PropertyValueSpecification\",\"valueRequired\":true,\"valueName\":\"search_term_string\"}}],\"inLanguage\":\"es\"}]}<\/script>\n<!-- \/ Yoast SEO plugin. -->","yoast_head_json":{"title":"Kono - About Office","description":"Kono es la l\u00ednea de productos directivos que da car\u00e1cter y elegancia al ambiente de la oficina con estructuras de aluminio y encimeras de dise\u00f1o cautivador.","robots":{"index":"index","follow":"follow","max-snippet":"max-snippet:-1","max-image-preview":"max-image-preview:large","max-video-preview":"max-video-preview:-1"},"canonical":"https:\/\/www.about-office.it\/es\/productos\/kono\/","og_locale":"es_ES","og_type":"article","og_title":"Kono - About Office","og_description":"Kono es la l\u00ednea de productos directivos que da car\u00e1cter y elegancia al ambiente de la oficina con estructuras de aluminio y encimeras de dise\u00f1o cautivador.","og_url":"https:\/\/www.about-office.it\/es\/productos\/kono\/","og_site_name":"About Office","article_modified_time":"2019-07-02T12:58:49+00:00","og_image":[{"width":1728,"height":1080,"url":"https:\/\/www.about-office.it\/wp-content\/uploads\/2019\/02\/about-office-collezioni-kono-apertura-wenge-alluminio-nero-1728x1080.jpg","type":"image\/jpeg"}],"twitter_card":"summary_large_image","twitter_misc":{"Tiempo de lectura":"1 minuto"},"schema":{"@context":"https:\/\/schema.org","@graph":[{"@type":"WebPage","@id":"https:\/\/www.about-office.it\/es\/productos\/kono\/","url":"https:\/\/www.about-office.it\/es\/productos\/kono\/","name":"Kono - About Office","isPartOf":{"@id":"https:\/\/www.about-office.it\/es\/#website"},"primaryImageOfPage":{"@id":"https:\/\/www.about-office.it\/es\/productos\/kono\/#primaryimage"},"image":{"@id":"https:\/\/www.about-office.it\/es\/productos\/kono\/#primaryimage"},"thumbnailUrl":"https:\/\/www.about-office.it\/wp-content\/uploads\/2019\/02\/about-office-collezioni-kono-apertura-wenge-alluminio-nero.jpg","datePublished":"2019-02-06T16:39:12+00:00","dateModified":"2019-07-02T12:58:49+00:00","description":"Kono es la l\u00ednea de productos directivos que da car\u00e1cter y elegancia al ambiente de la oficina con estructuras de aluminio y encimeras de dise\u00f1o cautivador.","breadcrumb":{"@id":"https:\/\/www.about-office.it\/es\/productos\/kono\/#breadcrumb"},"inLanguage":"es","potentialAction":[{"@type":"ReadAction","target":["https:\/\/www.about-office.it\/es\/productos\/kono\/"]}]},{"@type":"ImageObject","inLanguage":"es","@id":"https:\/\/www.about-office.it\/es\/productos\/kono\/#primaryimage","url":"https:\/\/www.about-office.it\/wp-content\/uploads\/2019\/02\/about-office-collezioni-kono-apertura-wenge-alluminio-nero.jpg","contentUrl":"https:\/\/www.about-office.it\/wp-content\/uploads\/2019\/02\/about-office-collezioni-kono-apertura-wenge-alluminio-nero.jpg","width":5800,"height":3625},{"@type":"BreadcrumbList","@id":"https:\/\/www.about-office.it\/es\/productos\/kono\/#breadcrumb","itemListElement":[{"@type":"ListItem","position":1,"name":"Home","item":"https:\/\/www.about-office.it\/es\/"},{"@type":"ListItem","position":2,"name":"Productos","item":"https:\/\/www.about-office.it\/es\/productos\/"},{"@type":"ListItem","position":3,"name":"Kono"}]},{"@type":"WebSite","@id":"https:\/\/www.about-office.it\/es\/#website","url":"https:\/\/www.about-office.it\/es\/","name":"About Office","description":"","potentialAction":[{"@type":"SearchAction","target":{"@type":"EntryPoint","urlTemplate":"https:\/\/www.about-office.it\/es\/?s={search_term_string}"},"query-input":{"@type":"PropertyValueSpecification","valueRequired":true,"valueName":"search_term_string"}}],"inLanguage":"es"}]}},"_links":{"self":[{"href":"https:\/\/www.about-office.it\/es\/wp-json\/wp\/v2\/pages\/4432","targetHints":{"allow":["GET"]}}],"collection":[{"href":"https:\/\/www.about-office.it\/es\/wp-json\/wp\/v2\/pages"}],"about":[{"href":"https:\/\/www.about-office.it\/es\/wp-json\/wp\/v2\/types\/page"}],"author":[{"embeddable":true,"href":"https:\/\/www.about-office.it\/es\/wp-json\/wp\/v2\/users\/2"}],"replies":[{"embeddable":true,"href":"https:\/\/www.about-office.it\/es\/wp-json\/wp\/v2\/comments?post=4432"}],"version-history":[{"count":3,"href":"https:\/\/www.about-office.it\/es\/wp-json\/wp\/v2\/pages\/4432\/revisions"}],"predecessor-version":[{"id":4537,"href":"https:\/\/www.about-office.it\/es\/wp-json\/wp\/v2\/pages\/4432\/revisions\/4537"}],"up":[{"embeddable":true,"href":"https:\/\/www.about-office.it\/es\/wp-json\/wp\/v2\/pages\/4414"}],"wp:featuredmedia":[{"embeddable":true,"href":"https:\/\/www.about-office.it\/es\/wp-json\/wp\/v2\/media\/3939"}],"wp:attachment":[{"href":"https:\/\/www.about-office.it\/es\/wp-json\/wp\/v2\/media?parent=4432"}],"curies":[{"name":"wp","href":"https:\/\/api.w.org\/{rel}","templated":true}]}}