{"id":15921,"date":"2024-10-23T15:03:31","date_gmt":"2024-10-23T13:03:31","guid":{"rendered":"https:\/\/www.about-office.it\/productos\/personal-storage\/tiramisu\/"},"modified":"2024-10-30T13:26:20","modified_gmt":"2024-10-30T12:26:20","slug":"tiramisu","status":"publish","type":"page","link":"https:\/\/www.about-office.it\/es\/productos\/personal-storage\/tiramisu\/","title":{"rendered":"Tiramis\u00f9"},"content":{"rendered":"","protected":false},"excerpt":{"rendered":"<p> [&#8230;]<\/p>\n<p><a class=\"btn btn-secondary understrap-read-more-link\" href=\"https:\/\/www.about-office.it\/es\/productos\/personal-storage\/tiramisu\/\">Leer m\u00e1s&#8230;<span class=\"screen-reader-text\"> from Tiramis\u00f9<\/span><\/a><\/p>\n","protected":false},"author":4,"featured_media":15867,"parent":15893,"menu_order":48,"comment_status":"closed","ping_status":"closed","template":"page-product_detail.php","meta":{"_acf_changed":false,"footnotes":""},"class_list":["post-15921","page","type-page","status-publish","has-post-thumbnail","hentry"],"acf":[],"yoast_head":"<!-- This site is optimized with the Yoast SEO plugin v27.3 - https:\/\/yoast.com\/product\/yoast-seo-wordpress\/ -->\n<title>Tiramis\u00f9 - About Office<\/title>\n<meta name=\"description\" content=\"Dise\u00f1ada para entornos de oficina, tambi\u00e9n se adapta perfectamente a espacios dedicados a la hospitalidad, \u00e1reas de estar o dormitorios.\" \/>\n<meta name=\"robots\" content=\"index, follow, max-snippet:-1, max-image-preview:large, max-video-preview:-1\" \/>\n<link rel=\"canonical\" href=\"https:\/\/www.about-office.it\/es\/productos\/personal-storage\/tiramisu\/\" \/>\n<meta property=\"og:locale\" content=\"es_ES\" \/>\n<meta property=\"og:type\" content=\"article\" \/>\n<meta property=\"og:title\" content=\"Tiramis\u00f9 - About Office\" \/>\n<meta property=\"og:description\" content=\"Dise\u00f1ada para entornos de oficina, tambi\u00e9n se adapta perfectamente a espacios dedicados a la hospitalidad, \u00e1reas de estar o dormitorios.\" \/>\n<meta property=\"og:url\" content=\"https:\/\/www.about-office.it\/es\/productos\/personal-storage\/tiramisu\/\" \/>\n<meta property=\"og:site_name\" content=\"About Office\" \/>\n<meta property=\"article:modified_time\" content=\"2024-10-30T12:26:20+00:00\" \/>\n<meta property=\"og:image\" content=\"https:\/\/www.about-office.it\/wp-content\/uploads\/2024\/10\/PS_7_s.jpg\" \/>\n\t<meta property=\"og:image:width\" content=\"2000\" \/>\n\t<meta property=\"og:image:height\" content=\"2000\" \/>\n\t<meta property=\"og:image:type\" content=\"image\/jpeg\" \/>\n<meta name=\"twitter:card\" content=\"summary_large_image\" \/>\n<meta name=\"twitter:label1\" content=\"Tiempo de lectura\" \/>\n\t<meta name=\"twitter:data1\" content=\"1 minuto\" \/>\n<script type=\"application\/ld+json\" class=\"yoast-schema-graph\">{\"@context\":\"https:\\\/\\\/schema.org\",\"@graph\":[{\"@type\":\"WebPage\",\"@id\":\"https:\\\/\\\/www.about-office.it\\\/es\\\/productos\\\/personal-storage\\\/tiramisu\\\/\",\"url\":\"https:\\\/\\\/www.about-office.it\\\/es\\\/productos\\\/personal-storage\\\/tiramisu\\\/\",\"name\":\"Tiramis\u00f9 - About Office\",\"isPartOf\":{\"@id\":\"https:\\\/\\\/www.about-office.it\\\/es\\\/#website\"},\"primaryImageOfPage\":{\"@id\":\"https:\\\/\\\/www.about-office.it\\\/es\\\/productos\\\/personal-storage\\\/tiramisu\\\/#primaryimage\"},\"image\":{\"@id\":\"https:\\\/\\\/www.about-office.it\\\/es\\\/productos\\\/personal-storage\\\/tiramisu\\\/#primaryimage\"},\"thumbnailUrl\":\"https:\\\/\\\/www.about-office.it\\\/wp-content\\\/uploads\\\/2024\\\/10\\\/PS_7_s.jpg\",\"datePublished\":\"2024-10-23T13:03:31+00:00\",\"dateModified\":\"2024-10-30T12:26:20+00:00\",\"description\":\"Dise\u00f1ada para entornos de oficina, tambi\u00e9n se adapta perfectamente a espacios dedicados a la hospitalidad, \u00e1reas de estar o dormitorios.\",\"breadcrumb\":{\"@id\":\"https:\\\/\\\/www.about-office.it\\\/es\\\/productos\\\/personal-storage\\\/tiramisu\\\/#breadcrumb\"},\"inLanguage\":\"es\",\"potentialAction\":[{\"@type\":\"ReadAction\",\"target\":[\"https:\\\/\\\/www.about-office.it\\\/es\\\/productos\\\/personal-storage\\\/tiramisu\\\/\"]}]},{\"@type\":\"ImageObject\",\"inLanguage\":\"es\",\"@id\":\"https:\\\/\\\/www.about-office.it\\\/es\\\/productos\\\/personal-storage\\\/tiramisu\\\/#primaryimage\",\"url\":\"https:\\\/\\\/www.about-office.it\\\/wp-content\\\/uploads\\\/2024\\\/10\\\/PS_7_s.jpg\",\"contentUrl\":\"https:\\\/\\\/www.about-office.it\\\/wp-content\\\/uploads\\\/2024\\\/10\\\/PS_7_s.jpg\",\"width\":2000,\"height\":2000},{\"@type\":\"BreadcrumbList\",\"@id\":\"https:\\\/\\\/www.about-office.it\\\/es\\\/productos\\\/personal-storage\\\/tiramisu\\\/#breadcrumb\",\"itemListElement\":[{\"@type\":\"ListItem\",\"position\":1,\"name\":\"Home\",\"item\":\"https:\\\/\\\/www.about-office.it\\\/es\\\/\"},{\"@type\":\"ListItem\",\"position\":2,\"name\":\"Productos\",\"item\":\"https:\\\/\\\/www.about-office.it\\\/es\\\/productos\\\/\"},{\"@type\":\"ListItem\",\"position\":3,\"name\":\"PERSONAL STORAGE\",\"item\":\"https:\\\/\\\/www.about-office.it\\\/es\\\/productos\\\/personal-storage\\\/\"},{\"@type\":\"ListItem\",\"position\":4,\"name\":\"Tiramis\u00f9\"}]},{\"@type\":\"WebSite\",\"@id\":\"https:\\\/\\\/www.about-office.it\\\/es\\\/#website\",\"url\":\"https:\\\/\\\/www.about-office.it\\\/es\\\/\",\"name\":\"About Office\",\"description\":\"\",\"potentialAction\":[{\"@type\":\"SearchAction\",\"target\":{\"@type\":\"EntryPoint\",\"urlTemplate\":\"https:\\\/\\\/www.about-office.it\\\/es\\\/?s={search_term_string}\"},\"query-input\":{\"@type\":\"PropertyValueSpecification\",\"valueRequired\":true,\"valueName\":\"search_term_string\"}}],\"inLanguage\":\"es\"}]}<\/script>\n<!-- \/ Yoast SEO plugin. -->","yoast_head_json":{"title":"Tiramis\u00f9 - About Office","description":"Dise\u00f1ada para entornos de oficina, tambi\u00e9n se adapta perfectamente a espacios dedicados a la hospitalidad, \u00e1reas de estar o dormitorios.","robots":{"index":"index","follow":"follow","max-snippet":"max-snippet:-1","max-image-preview":"max-image-preview:large","max-video-preview":"max-video-preview:-1"},"canonical":"https:\/\/www.about-office.it\/es\/productos\/personal-storage\/tiramisu\/","og_locale":"es_ES","og_type":"article","og_title":"Tiramis\u00f9 - About Office","og_description":"Dise\u00f1ada para entornos de oficina, tambi\u00e9n se adapta perfectamente a espacios dedicados a la hospitalidad, \u00e1reas de estar o dormitorios.","og_url":"https:\/\/www.about-office.it\/es\/productos\/personal-storage\/tiramisu\/","og_site_name":"About Office","article_modified_time":"2024-10-30T12:26:20+00:00","og_image":[{"width":2000,"height":2000,"url":"https:\/\/www.about-office.it\/wp-content\/uploads\/2024\/10\/PS_7_s.jpg","type":"image\/jpeg"}],"twitter_card":"summary_large_image","twitter_misc":{"Tiempo de lectura":"1 minuto"},"schema":{"@context":"https:\/\/schema.org","@graph":[{"@type":"WebPage","@id":"https:\/\/www.about-office.it\/es\/productos\/personal-storage\/tiramisu\/","url":"https:\/\/www.about-office.it\/es\/productos\/personal-storage\/tiramisu\/","name":"Tiramis\u00f9 - About Office","isPartOf":{"@id":"https:\/\/www.about-office.it\/es\/#website"},"primaryImageOfPage":{"@id":"https:\/\/www.about-office.it\/es\/productos\/personal-storage\/tiramisu\/#primaryimage"},"image":{"@id":"https:\/\/www.about-office.it\/es\/productos\/personal-storage\/tiramisu\/#primaryimage"},"thumbnailUrl":"https:\/\/www.about-office.it\/wp-content\/uploads\/2024\/10\/PS_7_s.jpg","datePublished":"2024-10-23T13:03:31+00:00","dateModified":"2024-10-30T12:26:20+00:00","description":"Dise\u00f1ada para entornos de oficina, tambi\u00e9n se adapta perfectamente a espacios dedicados a la hospitalidad, \u00e1reas de estar o dormitorios.","breadcrumb":{"@id":"https:\/\/www.about-office.it\/es\/productos\/personal-storage\/tiramisu\/#breadcrumb"},"inLanguage":"es","potentialAction":[{"@type":"ReadAction","target":["https:\/\/www.about-office.it\/es\/productos\/personal-storage\/tiramisu\/"]}]},{"@type":"ImageObject","inLanguage":"es","@id":"https:\/\/www.about-office.it\/es\/productos\/personal-storage\/tiramisu\/#primaryimage","url":"https:\/\/www.about-office.it\/wp-content\/uploads\/2024\/10\/PS_7_s.jpg","contentUrl":"https:\/\/www.about-office.it\/wp-content\/uploads\/2024\/10\/PS_7_s.jpg","width":2000,"height":2000},{"@type":"BreadcrumbList","@id":"https:\/\/www.about-office.it\/es\/productos\/personal-storage\/tiramisu\/#breadcrumb","itemListElement":[{"@type":"ListItem","position":1,"name":"Home","item":"https:\/\/www.about-office.it\/es\/"},{"@type":"ListItem","position":2,"name":"Productos","item":"https:\/\/www.about-office.it\/es\/productos\/"},{"@type":"ListItem","position":3,"name":"PERSONAL STORAGE","item":"https:\/\/www.about-office.it\/es\/productos\/personal-storage\/"},{"@type":"ListItem","position":4,"name":"Tiramis\u00f9"}]},{"@type":"WebSite","@id":"https:\/\/www.about-office.it\/es\/#website","url":"https:\/\/www.about-office.it\/es\/","name":"About Office","description":"","potentialAction":[{"@type":"SearchAction","target":{"@type":"EntryPoint","urlTemplate":"https:\/\/www.about-office.it\/es\/?s={search_term_string}"},"query-input":{"@type":"PropertyValueSpecification","valueRequired":true,"valueName":"search_term_string"}}],"inLanguage":"es"}]}},"_links":{"self":[{"href":"https:\/\/www.about-office.it\/es\/wp-json\/wp\/v2\/pages\/15921","targetHints":{"allow":["GET"]}}],"collection":[{"href":"https:\/\/www.about-office.it\/es\/wp-json\/wp\/v2\/pages"}],"about":[{"href":"https:\/\/www.about-office.it\/es\/wp-json\/wp\/v2\/types\/page"}],"author":[{"embeddable":true,"href":"https:\/\/www.about-office.it\/es\/wp-json\/wp\/v2\/users\/4"}],"replies":[{"embeddable":true,"href":"https:\/\/www.about-office.it\/es\/wp-json\/wp\/v2\/comments?post=15921"}],"version-history":[{"count":1,"href":"https:\/\/www.about-office.it\/es\/wp-json\/wp\/v2\/pages\/15921\/revisions"}],"predecessor-version":[{"id":15922,"href":"https:\/\/www.about-office.it\/es\/wp-json\/wp\/v2\/pages\/15921\/revisions\/15922"}],"up":[{"embeddable":true,"href":"https:\/\/www.about-office.it\/es\/wp-json\/wp\/v2\/pages\/15893"}],"wp:featuredmedia":[{"embeddable":true,"href":"https:\/\/www.about-office.it\/es\/wp-json\/wp\/v2\/media\/15867"}],"wp:attachment":[{"href":"https:\/\/www.about-office.it\/es\/wp-json\/wp\/v2\/media?parent=15921"}],"curies":[{"name":"wp","href":"https:\/\/api.w.org\/{rel}","templated":true}]}}